{"id":179,"date":"2020-08-21T13:00:46","date_gmt":"2020-08-21T13:00:46","guid":{"rendered":"https:\/\/isuzubushungary.hu\/?page_id=179"},"modified":"2020-11-07T11:10:01","modified_gmt":"2020-11-07T11:10:01","slug":"novo-ultra","status":"publish","type":"page","link":"https:\/\/isuzubushungary.hu\/en\/novo-ultra\/","title":{"rendered":"Novo Ultra"},"content":{"rendered":"<div data-elementor-type=\"wp-page\" data-elementor-id=\"179\" class=\"elementor elementor-179\" data-elementor-post-type=\"page\">\n\t\t\t\t\t\t<section class=\"elementor-section elementor-top-section elementor-element elementor-element-3124b16e elementor-section-boxed elementor-section-height-default elementor-section-height-default\" data-id=\"3124b16e\" data-element_type=\"section\" data-settings=\"{&quot;background_background&quot;:&quot;classic&quot;}\">\n\t\t\t\t\t\t<div class=\"elementor-container elementor-column-gap-default\">\n\t\t\t\t\t<div class=\"elementor-column elementor-col-100 elementor-top-column elementor-element elementor-element-4c9832ac\" data-id=\"4c9832ac\" data-element_type=\"column\">\n\t\t\t<div class=\"elementor-widget-wrap elementor-element-populated\">\n\t\t\t\t\t\t<div class=\"elementor-element elementor-element-447956e1 elementor-widget elementor-widget-heading\" data-id=\"447956e1\" data-element_type=\"widget\" data-widget_type=\"heading.default\">\n\t\t\t\t<div class=\"elementor-widget-container\">\n\t\t\t\t\t<h2 class=\"elementor-heading-title elementor-size-default\">NOVOULTRA<\/h2>\t\t\t\t<\/div>\n\t\t\t\t<\/div>\n\t\t\t\t\t<\/div>\n\t\t<\/div>\n\t\t\t\t\t<\/div>\n\t\t<\/section>\n\t\t\t\t<section class=\"elementor-section elementor-top-section elementor-element elementor-element-1cbe0424 elementor-section-full_width elementor-section-height-default elementor-section-height-default\" data-id=\"1cbe0424\" data-element_type=\"section\" data-settings=\"{&quot;background_background&quot;:&quot;classic&quot;}\">\n\t\t\t\t\t\t<div class=\"elementor-container elementor-column-gap-default\">\n\t\t\t\t\t<div class=\"elementor-column elementor-col-100 elementor-top-column elementor-element elementor-element-4b44bb3b\" data-id=\"4b44bb3b\" data-element_type=\"column\">\n\t\t\t<div class=\"elementor-widget-wrap elementor-element-populated\">\n\t\t\t\t\t\t<div class=\"elementor-element elementor-element-25c0ba19 elementor-widget elementor-widget-image\" data-id=\"25c0ba19\" data-element_type=\"widget\" data-widget_type=\"image.default\">\n\t\t\t\t<div class=\"elementor-widget-container\">\n\t\t\t\t\t\t\t\t\t\t\t\t\t\t\t<img fetchpriority=\"high\" decoding=\"async\" width=\"739\" height=\"432\" src=\"https:\/\/isuzubushungary.hu\/wp-content\/uploads\/2020\/11\/novoultra_logozott.png\" class=\"attachment-large size-large wp-image-677\" alt=\"\" srcset=\"https:\/\/isuzubushungary.hu\/wp-content\/uploads\/2020\/11\/novoultra_logozott.png 739w, https:\/\/isuzubushungary.hu\/wp-content\/uploads\/2020\/11\/novoultra_logozott-300x175.png 300w, https:\/\/isuzubushungary.hu\/wp-content\/uploads\/2020\/11\/novoultra_logozott-600x351.png 600w\" sizes=\"(max-width: 739px) 100vw, 739px\" \/>\t\t\t\t\t\t\t\t\t\t\t\t\t\t\t<\/div>\n\t\t\t\t<\/div>\n\t\t\t\t\t<\/div>\n\t\t<\/div>\n\t\t\t\t\t<\/div>\n\t\t<\/section>\n\t\t\t\t<section class=\"elementor-section elementor-top-section elementor-element elementor-element-1d120782 elementor-section-boxed elementor-section-height-default elementor-section-height-default\" data-id=\"1d120782\" data-element_type=\"section\" data-settings=\"{&quot;background_background&quot;:&quot;classic&quot;}\">\n\t\t\t\t\t\t<div class=\"elementor-container elementor-column-gap-default\">\n\t\t\t\t\t<div class=\"elementor-column elementor-col-100 elementor-top-column elementor-element elementor-element-4f1df2c3\" data-id=\"4f1df2c3\" data-element_type=\"column\">\n\t\t\t<div class=\"elementor-widget-wrap elementor-element-populated\">\n\t\t\t\t\t\t<section class=\"elementor-section elementor-inner-section elementor-element elementor-element-2d42625a elementor-section-boxed elementor-section-height-default elementor-section-height-default\" data-id=\"2d42625a\" data-element_type=\"section\">\n\t\t\t\t\t\t<div class=\"elementor-container elementor-column-gap-default\">\n\t\t\t\t\t<div class=\"elementor-column elementor-col-25 elementor-inner-column elementor-element elementor-element-701cc83f\" data-id=\"701cc83f\" data-element_type=\"column\">\n\t\t\t<div class=\"elementor-widget-wrap elementor-element-populated\">\n\t\t\t\t\t\t<div class=\"elementor-element elementor-element-33002956 elementor-widget elementor-widget-heading\" data-id=\"33002956\" data-element_type=\"widget\" data-widget_type=\"heading.default\">\n\t\t\t\t<div class=\"elementor-widget-container\">\n\t\t\t\t\t<h2 class=\"elementor-heading-title elementor-size-default\">NOVOULTRA<\/h2>\t\t\t\t<\/div>\n\t\t\t\t<\/div>\n\t\t\t\t<div class=\"elementor-element elementor-element-5f3378af elementor-widget elementor-widget-text-editor\" data-id=\"5f3378af\" data-element_type=\"widget\" data-widget_type=\"text-editor.default\">\n\t\t\t\t<div class=\"elementor-widget-container\">\n\t\t\t\t\t\t\t\t\t<p>Az Anadolu Isuzu j\u00f3l ismert midi busz-sorozata egyszer\u0171en sz\u00ednes, \u00faj k\u00fclsej\u00e9vel.<\/p>\t\t\t\t\t\t\t\t<\/div>\n\t\t\t\t<\/div>\n\t\t\t\t\t<\/div>\n\t\t<\/div>\n\t\t\t\t<div class=\"elementor-column elementor-col-25 elementor-inner-column elementor-element elementor-element-63023903\" data-id=\"63023903\" data-element_type=\"column\">\n\t\t\t<div class=\"elementor-widget-wrap elementor-element-populated\">\n\t\t\t\t\t\t<div class=\"elementor-element elementor-element-1be80634 elementor-widget elementor-widget-text-editor\" data-id=\"1be80634\" data-element_type=\"widget\" data-widget_type=\"text-editor.default\">\n\t\t\t\t<div class=\"elementor-widget-container\">\n\t\t\t\t\t\t\t\t\t<p>A Novo \u00e9s a Novo Ultra modellek belsej\u00e9t \u00e9s k\u00fclsej\u00e9t \u00e1tfog\u00f3 \u00fcgyf\u00e9lkutat\u00e1si programnak megfelel\u0151en alak\u00edtott\u00e1k \u00e1t. Az \u00faj Euro 6 Isuzu motor, a Novo 190 l\u00f3er\u0151s 2600 fordulat \/ perc sebess\u00e9ggel. A Novo sorozat\u00fa buszok \u00fcl\u00e9seket \u00e9s csomagokat k\u00edn\u00e1lnak, legfeljebb 29 utas sz\u00e1m\u00e1ra.<\/p>\t\t\t\t\t\t\t\t<\/div>\n\t\t\t\t<\/div>\n\t\t\t\t\t<\/div>\n\t\t<\/div>\n\t\t\t\t<div class=\"elementor-column elementor-col-25 elementor-inner-column elementor-element elementor-element-42150ed3\" data-id=\"42150ed3\" data-element_type=\"column\">\n\t\t\t<div class=\"elementor-widget-wrap elementor-element-populated\">\n\t\t\t\t\t\t<div class=\"elementor-element elementor-element-c7706d6 elementor-align-center elementor-widget elementor-widget-button\" data-id=\"c7706d6\" data-element_type=\"widget\" data-widget_type=\"button.default\">\n\t\t\t\t<div class=\"elementor-widget-container\">\n\t\t\t\t\t\t\t\t\t<div class=\"elementor-button-wrapper\">\n\t\t\t\t\t<a class=\"elementor-button elementor-button-link elementor-size-sm\" href=\"#\">\n\t\t\t\t\t\t<span class=\"elementor-button-content-wrapper\">\n\t\t\t\t\t\t\t\t\t<span class=\"elementor-button-text\">Katal\u00f3gus let\u00f6lt\u00e9se (PDF)<\/span>\n\t\t\t\t\t<\/span>\n\t\t\t\t\t<\/a>\n\t\t\t\t<\/div>\n\t\t\t\t\t\t\t\t<\/div>\n\t\t\t\t<\/div>\n\t\t\t\t\t<\/div>\n\t\t<\/div>\n\t\t\t\t<div class=\"elementor-column elementor-col-25 elementor-inner-column elementor-element elementor-element-7acf675b\" data-id=\"7acf675b\" data-element_type=\"column\">\n\t\t\t<div class=\"elementor-widget-wrap elementor-element-populated\">\n\t\t\t\t\t\t<div class=\"elementor-element elementor-element-6a01c4f elementor-widget elementor-widget-image\" data-id=\"6a01c4f\" data-element_type=\"widget\" data-widget_type=\"image.default\">\n\t\t\t\t<div class=\"elementor-widget-container\">\n\t\t\t\t\t\t\t\t\t\t\t\t\t\t\t<img decoding=\"async\" width=\"198\" height=\"219\" src=\"https:\/\/isuzubushungary.hu\/wp-content\/uploads\/2020\/09\/novo-ultra.png\" class=\"attachment-large size-large wp-image-262\" alt=\"\" \/>\t\t\t\t\t\t\t\t\t\t\t\t\t\t\t<\/div>\n\t\t\t\t<\/div>\n\t\t\t\t\t<\/div>\n\t\t<\/div>\n\t\t\t\t\t<\/div>\n\t\t<\/section>\n\t\t\t\t\t<\/div>\n\t\t<\/div>\n\t\t\t\t\t<\/div>\n\t\t<\/section>\n\t\t\t\t<section class=\"elementor-section elementor-top-section elementor-element elementor-element-7990f53 elementor-section-boxed elementor-section-height-default elementor-section-height-default\" data-id=\"7990f53\" data-element_type=\"section\">\n\t\t\t\t\t\t<div class=\"elementor-container elementor-column-gap-default\">\n\t\t\t\t\t<div class=\"elementor-column elementor-col-100 elementor-top-column elementor-element elementor-element-783d3661\" data-id=\"783d3661\" data-element_type=\"column\">\n\t\t\t<div class=\"elementor-widget-wrap elementor-element-populated\">\n\t\t\t\t\t\t<div class=\"elementor-element elementor-element-10b1b68a elementor-widget elementor-widget-heading\" data-id=\"10b1b68a\" data-element_type=\"widget\" data-widget_type=\"heading.default\">\n\t\t\t\t<div class=\"elementor-widget-container\">\n\t\t\t\t\t<h2 class=\"elementor-heading-title elementor-size-default\">Gal\u00e9ria<\/h2>\t\t\t\t<\/div>\n\t\t\t\t<\/div>\n\t\t\t\t<div class=\"elementor-element elementor-element-17d6f58d elementor-pagination-position-inside elementor-arrows-position-inside elementor-widget elementor-widget-image-carousel\" data-id=\"17d6f58d\" data-element_type=\"widget\" data-settings=\"{&quot;slides_to_show&quot;:&quot;1&quot;,&quot;navigation&quot;:&quot;both&quot;,&quot;autoplay&quot;:&quot;yes&quot;,&quot;pause_on_hover&quot;:&quot;yes&quot;,&quot;pause_on_interaction&quot;:&quot;yes&quot;,&quot;autoplay_speed&quot;:5000,&quot;infinite&quot;:&quot;yes&quot;,&quot;effect&quot;:&quot;slide&quot;,&quot;speed&quot;:500}\" data-widget_type=\"image-carousel.default\">\n\t\t\t\t<div class=\"elementor-widget-container\">\n\t\t\t\t\t\t\t<div class=\"elementor-image-carousel-wrapper swiper\" role=\"region\" aria-roledescription=\"carousel\" aria-label=\"Image Carousel\" dir=\"ltr\">\n\t\t\t<div class=\"elementor-image-carousel swiper-wrapper swiper-image-stretch\" aria-live=\"off\">\n\t\t\t\t\t\t\t\t<div class=\"swiper-slide\" role=\"group\" aria-roledescription=\"slide\" aria-label=\"1 of 5\"><figure class=\"swiper-slide-inner\"><img decoding=\"async\" class=\"swiper-slide-image\" src=\"https:\/\/isuzubushungary.hu\/wp-content\/uploads\/2020\/09\/novoultra-01-1024x515.jpg\" alt=\"novoultra-01\" \/><\/figure><\/div><div class=\"swiper-slide\" role=\"group\" aria-roledescription=\"slide\" aria-label=\"2 of 5\"><figure class=\"swiper-slide-inner\"><img decoding=\"async\" class=\"swiper-slide-image\" src=\"https:\/\/isuzubushungary.hu\/wp-content\/uploads\/2020\/09\/novoultra-02-1024x515.jpg\" alt=\"novoultra-02\" \/><\/figure><\/div><div class=\"swiper-slide\" role=\"group\" aria-roledescription=\"slide\" aria-label=\"3 of 5\"><figure class=\"swiper-slide-inner\"><img decoding=\"async\" class=\"swiper-slide-image\" src=\"https:\/\/isuzubushungary.hu\/wp-content\/uploads\/2020\/09\/novoultra-03-1024x515.jpg\" alt=\"novoultra-03\" \/><\/figure><\/div><div class=\"swiper-slide\" role=\"group\" aria-roledescription=\"slide\" aria-label=\"4 of 5\"><figure class=\"swiper-slide-inner\"><img decoding=\"async\" class=\"swiper-slide-image\" src=\"https:\/\/isuzubushungary.hu\/wp-content\/uploads\/2020\/09\/novoultra-04-1024x515.jpg\" alt=\"novoultra-04\" \/><\/figure><\/div><div class=\"swiper-slide\" role=\"group\" aria-roledescription=\"slide\" aria-label=\"5 of 5\"><figure class=\"swiper-slide-inner\"><img decoding=\"async\" class=\"swiper-slide-image\" src=\"https:\/\/isuzubushungary.hu\/wp-content\/uploads\/2020\/09\/novoultra-05-1024x515.jpg\" alt=\"novoultra-05\" \/><\/figure><\/div>\t\t\t<\/div>\n\t\t\t\t\t\t\t\t\t\t\t\t<div class=\"elementor-swiper-button elementor-swiper-button-prev\" role=\"button\" tabindex=\"0\">\n\t\t\t\t\t\t<i aria-hidden=\"true\" class=\"eicon-chevron-left\"><\/i>\t\t\t\t\t<\/div>\n\t\t\t\t\t<div class=\"elementor-swiper-button elementor-swiper-button-next\" role=\"button\" tabindex=\"0\">\n\t\t\t\t\t\t<i aria-hidden=\"true\" class=\"eicon-chevron-right\"><\/i>\t\t\t\t\t<\/div>\n\t\t\t\t\n\t\t\t\t\t\t\t\t\t<div class=\"swiper-pagination\"><\/div>\n\t\t\t\t\t\t\t\t\t<\/div>\n\t\t\t\t\t\t<\/div>\n\t\t\t\t<\/div>\n\t\t\t\t\t<\/div>\n\t\t<\/div>\n\t\t\t\t\t<\/div>\n\t\t<\/section>\n\t\t\t\t<section class=\"elementor-section elementor-top-section elementor-element elementor-element-4633f0c0 elementor-section-boxed elementor-section-height-default elementor-section-height-default\" data-id=\"4633f0c0\" data-element_type=\"section\">\n\t\t\t\t\t\t<div class=\"elementor-container elementor-column-gap-default\">\n\t\t\t\t\t<div class=\"elementor-column elementor-col-100 elementor-top-column elementor-element elementor-element-4c3fd065\" data-id=\"4c3fd065\" data-element_type=\"column\">\n\t\t\t<div class=\"elementor-widget-wrap elementor-element-populated\">\n\t\t\t\t\t\t<div class=\"elementor-element elementor-element-39f58846 elementor-widget elementor-widget-heading\" data-id=\"39f58846\" data-element_type=\"widget\" data-widget_type=\"heading.default\">\n\t\t\t\t<div class=\"elementor-widget-container\">\n\t\t\t\t\t<h2 class=\"elementor-heading-title elementor-size-default\">M\u0171szaki le\u00edr\u00e1s<\/h2>\t\t\t\t<\/div>\n\t\t\t\t<\/div>\n\t\t\t\t\t<\/div>\n\t\t<\/div>\n\t\t\t\t\t<\/div>\n\t\t<\/section>\n\t\t\t\t<section class=\"elementor-section elementor-top-section elementor-element elementor-element-32841811 elementor-section-boxed elementor-section-height-default elementor-section-height-default\" data-id=\"32841811\" data-element_type=\"section\">\n\t\t\t\t\t\t<div class=\"elementor-container elementor-column-gap-default\">\n\t\t\t\t\t<div class=\"elementor-column elementor-col-100 elementor-top-column elementor-element elementor-element-1a89481f\" data-id=\"1a89481f\" data-element_type=\"column\">\n\t\t\t<div class=\"elementor-widget-wrap elementor-element-populated\">\n\t\t\t\t\t\t<section class=\"elementor-section elementor-inner-section elementor-element elementor-element-596a2455 elementor-section-boxed elementor-section-height-default elementor-section-height-default\" data-id=\"596a2455\" data-element_type=\"section\">\n\t\t\t\t\t\t<div class=\"elementor-container elementor-column-gap-default\">\n\t\t\t\t\t<div class=\"elementor-column elementor-col-100 elementor-inner-column elementor-element elementor-element-2af110a1\" data-id=\"2af110a1\" data-element_type=\"column\">\n\t\t\t<div class=\"elementor-widget-wrap elementor-element-populated\">\n\t\t\t\t\t\t<div class=\"elementor-element elementor-element-5de31db8 elementor-widget elementor-widget-text-editor\" data-id=\"5de31db8\" data-element_type=\"widget\" data-widget_type=\"text-editor.default\">\n\t\t\t\t<div class=\"elementor-widget-container\">\n\t\t\t\t\t\t\t\t\t<p>M\u00e9retek<\/p>\t\t\t\t\t\t\t\t<\/div>\n\t\t\t\t<\/div>\n\t\t\t\t<div class=\"elementor-element elementor-element-64221e8c elementor-widget elementor-widget-text-editor\" data-id=\"64221e8c\" data-element_type=\"widget\" data-widget_type=\"text-editor.default\">\n\t\t\t\t<div class=\"elementor-widget-container\">\n\t\t\t\t\t\t\t\t\t<table width=\"639\"><tbody><tr><td width=\"248\">Hossz\u00fas\u00e1g \/ sz\u00e9less\u00e9g \/ magass\u00e1g (mm)<\/td><td width=\"391\">7305 \/ 2282 \/ 3350<\/td><\/tr><tr><td>Tengelyt\u00e1v (mm)<\/td><td>3385<\/td><\/tr><tr><td>Els\u0151 kiny\u00fal\u00e1s \/ h\u00e1ts\u00f3 kiny\u00fal\u00e1s (mm)<\/td><td>1650 \/ 2270<\/td><\/tr><tr><td>Befogad\u00f3k\u00e9pess\u00e9g (f\u0151)<\/td><td>23 + 1 + 1 \/ 29 + 1<\/td><\/tr><\/tbody><\/table>\t\t\t\t\t\t\t\t<\/div>\n\t\t\t\t<\/div>\n\t\t\t\t\t<\/div>\n\t\t<\/div>\n\t\t\t\t\t<\/div>\n\t\t<\/section>\n\t\t\t\t<section class=\"elementor-section elementor-inner-section elementor-element elementor-element-3cb6f6b1 elementor-section-boxed elementor-section-height-default elementor-section-height-default\" data-id=\"3cb6f6b1\" data-element_type=\"section\">\n\t\t\t\t\t\t<div class=\"elementor-container elementor-column-gap-default\">\n\t\t\t\t\t<div class=\"elementor-column elementor-col-100 elementor-inner-column elementor-element elementor-element-70032b80\" data-id=\"70032b80\" data-element_type=\"column\">\n\t\t\t<div class=\"elementor-widget-wrap elementor-element-populated\">\n\t\t\t\t\t\t<div class=\"elementor-element elementor-element-1f8fbb9b elementor-widget elementor-widget-text-editor\" data-id=\"1f8fbb9b\" data-element_type=\"widget\" data-widget_type=\"text-editor.default\">\n\t\t\t\t<div class=\"elementor-widget-container\">\n\t\t\t\t\t\t\t\t\t<p>Motor<\/p>\t\t\t\t\t\t\t\t<\/div>\n\t\t\t\t<\/div>\n\t\t\t\t<div class=\"elementor-element elementor-element-302f7ea1 elementor-widget elementor-widget-text-editor\" data-id=\"302f7ea1\" data-element_type=\"widget\" data-widget_type=\"text-editor.default\">\n\t\t\t\t<div class=\"elementor-widget-container\">\n\t\t\t\t\t\t\t\t\t<table width=\"639\"><tbody><tr><td width=\"248\">Gy\u00e1rt\u00f3<\/td><td width=\"391\">ISUZU<\/td><\/tr><tr><td>Modell<\/td><td>4HK1E6C\u00a0<\/td><\/tr><tr><td>Kibocs\u00e1t\u00e1s<\/td><td>Euro6<\/td><\/tr><tr><td>Hengerek sz\u00e1ma<\/td><td>4<\/td><\/tr><tr><td>Henger\u0171rtartalom (cm3)<\/td><td>5193<\/td><\/tr><tr><td>Maxim\u00e1lis teljes\u00edtm\u00e9ny (kW\/ford)<\/td><td>140 \/ 2600<\/td><\/tr><tr><td>Maxim\u00e1lis nyomat\u00e9k (Nm\/ford)<\/td><td>510 \/ 1600-2800<\/td><\/tr><\/tbody><\/table>\t\t\t\t\t\t\t\t<\/div>\n\t\t\t\t<\/div>\n\t\t\t\t\t<\/div>\n\t\t<\/div>\n\t\t\t\t\t<\/div>\n\t\t<\/section>\n\t\t\t\t<section class=\"elementor-section elementor-inner-section elementor-element elementor-element-21d9d73c elementor-section-boxed elementor-section-height-default elementor-section-height-default\" data-id=\"21d9d73c\" data-element_type=\"section\">\n\t\t\t\t\t\t<div class=\"elementor-container elementor-column-gap-default\">\n\t\t\t\t\t<div class=\"elementor-column elementor-col-100 elementor-inner-column elementor-element elementor-element-38c754db\" data-id=\"38c754db\" data-element_type=\"column\">\n\t\t\t<div class=\"elementor-widget-wrap elementor-element-populated\">\n\t\t\t\t\t\t<div class=\"elementor-element elementor-element-7a2407ab elementor-widget elementor-widget-text-editor\" data-id=\"7a2407ab\" data-element_type=\"widget\" data-widget_type=\"text-editor.default\">\n\t\t\t\t<div class=\"elementor-widget-container\">\n\t\t\t\t\t\t\t\t\t<p>Jellemz\u0151k<\/p>\t\t\t\t\t\t\t\t<\/div>\n\t\t\t\t<\/div>\n\t\t\t\t<div class=\"elementor-element elementor-element-b8f56db elementor-widget elementor-widget-text-editor\" data-id=\"b8f56db\" data-element_type=\"widget\" data-widget_type=\"text-editor.default\">\n\t\t\t\t<div class=\"elementor-widget-container\">\n\t\t\t\t\t\t\t\t\t<table width=\"639\"><tbody><tr><td width=\"248\">Kapaszkod\u00f3k\u00e9pess\u00e9g<\/td><td width=\"391\">39,9%<\/td><\/tr><tr><td>Minim\u00e1lis fordul\u00f3k\u00f6r sug\u00e1r<\/td><td>6450 mm<\/td><\/tr><tr><td>\u00dczemanyagtart\u00e1ly kapacit\u00e1sa<\/td><td>150 liter<\/td><\/tr><tr><td>Csomagt\u00e9r kapacit\u00e1sa<\/td><td>3,8 m<sup>3<\/sup><\/td><\/tr><\/tbody><\/table>\t\t\t\t\t\t\t\t<\/div>\n\t\t\t\t<\/div>\n\t\t\t\t\t<\/div>\n\t\t<\/div>\n\t\t\t\t\t<\/div>\n\t\t<\/section>\n\t\t\t\t<section class=\"elementor-section elementor-inner-section elementor-element elementor-element-5fa10fea elementor-section-boxed elementor-section-height-default elementor-section-height-default\" data-id=\"5fa10fea\" data-element_type=\"section\">\n\t\t\t\t\t\t<div class=\"elementor-container elementor-column-gap-default\">\n\t\t\t\t\t<div class=\"elementor-column elementor-col-100 elementor-inner-column elementor-element elementor-element-2066ba33\" data-id=\"2066ba33\" data-element_type=\"column\">\n\t\t\t<div class=\"elementor-widget-wrap elementor-element-populated\">\n\t\t\t\t\t\t<div class=\"elementor-element elementor-element-462a9c6b elementor-widget elementor-widget-text-editor\" data-id=\"462a9c6b\" data-element_type=\"widget\" data-widget_type=\"text-editor.default\">\n\t\t\t\t<div class=\"elementor-widget-container\">\n\t\t\t\t\t\t\t\t\t<p>G\u00e9p\u00e9szet<\/p>\t\t\t\t\t\t\t\t<\/div>\n\t\t\t\t<\/div>\n\t\t\t\t<div class=\"elementor-element elementor-element-7bddf47a elementor-widget elementor-widget-text-editor\" data-id=\"7bddf47a\" data-element_type=\"widget\" data-widget_type=\"text-editor.default\">\n\t\t\t\t<div class=\"elementor-widget-container\">\n\t\t\t\t\t\t\t\t\t<table width=\"639\"><tbody><tr><td width=\"248\">Sebess\u00e9gv\u00e1lt\u00f3<\/td><td width=\"391\">ISUZU MZZ-6F<\/td><\/tr><tr><td>Tengelykapcsol\u00f3<\/td><td>sz\u00e1raz<\/td><\/tr><tr><td>F\u00e9k<\/td><td>t\u00e1rcsaf\u00e9k (el\u0151l\/h\u00e1tul), EBS, ESC, ABS, ASR<\/td><\/tr><tr><td>Felf\u00fcggeszt\u00e9s<\/td><td>els\u0151 tengelyen laprug\u00f3s, h\u00e1tul l\u00e9grug\u00f3s<\/td><\/tr><tr><td>Korm\u00e1nym\u0171<\/td><td>hidraulikus<\/td><\/tr><tr><td>Gumiabroncs<\/td><td>215\/75 R17,5<\/td><\/tr><\/tbody><\/table>\t\t\t\t\t\t\t\t<\/div>\n\t\t\t\t<\/div>\n\t\t\t\t\t<\/div>\n\t\t<\/div>\n\t\t\t\t\t<\/div>\n\t\t<\/section>\n\t\t\t\t<section class=\"elementor-section elementor-inner-section elementor-element elementor-element-3200cab5 elementor-section-boxed elementor-section-height-default elementor-section-height-default\" data-id=\"3200cab5\" data-element_type=\"section\">\n\t\t\t\t\t\t<div class=\"elementor-container elementor-column-gap-default\">\n\t\t\t\t\t<div class=\"elementor-column elementor-col-100 elementor-inner-column elementor-element elementor-element-79f17fef\" data-id=\"79f17fef\" data-element_type=\"column\">\n\t\t\t<div class=\"elementor-widget-wrap elementor-element-populated\">\n\t\t\t\t\t\t<div class=\"elementor-element elementor-element-21f391b5 elementor-widget elementor-widget-text-editor\" data-id=\"21f391b5\" data-element_type=\"widget\" data-widget_type=\"text-editor.default\">\n\t\t\t\t<div class=\"elementor-widget-container\">\n\t\t\t\t\t\t\t\t\t<p>Fel\u00e9p\u00edtm\u00e9ny<\/p>\t\t\t\t\t\t\t\t<\/div>\n\t\t\t\t<\/div>\n\t\t\t\t<div class=\"elementor-element elementor-element-4f436a4c elementor-widget elementor-widget-text-editor\" data-id=\"4f436a4c\" data-element_type=\"widget\" data-widget_type=\"text-editor.default\">\n\t\t\t\t<div class=\"elementor-widget-container\">\n\t\t\t\t\t\t\t\t\t<table width=\"639\"><tbody><tr><td width=\"248\">Vezet\u0151\u00fcl\u00e9s<\/td><td width=\"391\">L\u00e9grug\u00f3s, 3 pontos biztons\u00e1gi \u00f6vvel<\/td><\/tr><tr><td>Utas\u00fcl\u00e9sek<\/td><td>Sz\u00f6vet bor\u00edt\u00e1s\u00fa, d\u00f6nthet\u0151, sz\u00e9les\u00edthet\u0151 turista\u00fcl\u00e9sek<\/td><\/tr><tr><td>Utasajt\u00f3k<\/td><td>Els\u0151 \u00e9s h\u00e1ts\u00f3 ajt\u00f3 t\u00e1vkapcsol\u00f3val m\u0171k\u00f6dtethet\u0151, k\u00fcls\u0151 bolyg\u00f3<\/td><\/tr><tr><td>Csomagt\u00e9ri ajt\u00f3k<\/td><td>K\u00e9zi m\u0171k\u00f6dtet\u00e9s\u0171<\/td><\/tr><tr><td>Oldalablakok<\/td><td>Sz\u00ednezett thermopan \u00fcvegek<\/td><\/tr><tr><td>Visszapillant\u00f3 t\u00fckr\u00f6k<\/td><td>Elektromosan \u00e1ll\u00edthat\u00f3, f\u0171thet\u0151 t\u00fckr\u00f6k, kieg\u00e9sz\u00edt\u0151 panor\u00e1mat\u00fck\u00f6r<\/td><\/tr><tr><td>Kalaptart\u00f3<\/td><td>Olvas\u00f3l\u00e1mp\u00e1val, l\u00e9gbef\u00fav\u00f3val szerelt kalaptart\u00f3<\/td><\/tr><\/tbody><\/table>\t\t\t\t\t\t\t\t<\/div>\n\t\t\t\t<\/div>\n\t\t\t\t\t<\/div>\n\t\t<\/div>\n\t\t\t\t\t<\/div>\n\t\t<\/section>\n\t\t\t\t<section class=\"elementor-section elementor-inner-section elementor-element elementor-element-6a2e01a4 elementor-section-boxed elementor-section-height-default elementor-section-height-default\" data-id=\"6a2e01a4\" data-element_type=\"section\">\n\t\t\t\t\t\t<div class=\"elementor-container elementor-column-gap-default\">\n\t\t\t\t\t<div class=\"elementor-column elementor-col-100 elementor-inner-column elementor-element elementor-element-704a4e89\" data-id=\"704a4e89\" data-element_type=\"column\">\n\t\t\t<div class=\"elementor-widget-wrap elementor-element-populated\">\n\t\t\t\t\t\t<div class=\"elementor-element elementor-element-6c3ebc1b elementor-widget elementor-widget-text-editor\" data-id=\"6c3ebc1b\" data-element_type=\"widget\" data-widget_type=\"text-editor.default\">\n\t\t\t\t<div class=\"elementor-widget-container\">\n\t\t\t\t\t\t\t\t\t<p>Elektromos eszk\u00f6z\u00f6k<\/p>\t\t\t\t\t\t\t\t<\/div>\n\t\t\t\t<\/div>\n\t\t\t\t<div class=\"elementor-element elementor-element-14591bff elementor-widget elementor-widget-text-editor\" data-id=\"14591bff\" data-element_type=\"widget\" data-widget_type=\"text-editor.default\">\n\t\t\t\t<div class=\"elementor-widget-container\">\n\t\t\t\t\t\t\t\t\t<table width=\"639\"><tbody><tr><td width=\"248\">L\u00e9gkond\u00edcion\u00e1l\u00f3<\/td><td width=\"391\">digit\u00e1lis kl\u00edma, friss leveg\u0151 bet\u00e1pl\u00e1l\u00e1ssal, vezet\u0151t\u00e9r k\u00fcl\u00f6n vez\u00e9relve<\/td><\/tr><tr><td>F\u0171t\u0151k\u00e9sz\u00fcl\u00e9k<\/td><td>\u00e1ll\u00f3f\u0171t\u00e9s vonali radi\u00e1torokkal<\/td><\/tr><tr><td>Hangtechnika<\/td><td>r\u00e1di\u00f3\/CD lej\u00e1tsz\u00f3, egy\u00e9ni hangsz\u00f3r\u00f3k<\/td><\/tr><tr><td>Utast\u00e1j\u00e9koztat\u00e1s<\/td><td>Mikrofon, er\u0151s\u00edt\u0151<\/td><\/tr><\/tbody><\/table>\t\t\t\t\t\t\t\t<\/div>\n\t\t\t\t<\/div>\n\t\t\t\t\t<\/div>\n\t\t<\/div>\n\t\t\t\t\t<\/div>\n\t\t<\/section>\n\t\t\t\t\t<\/div>\n\t\t<\/div>\n\t\t\t\t\t<\/div>\n\t\t<\/section>\n\t\t\t\t<\/div>","protected":false},"excerpt":{"rendered":"<p>NOVOULTRA NOVOULTRA Az Anadolu Isuzu j\u00f3l ismert midi busz-sorozata egyszer\u0171en sz\u00ednes, \u00faj k\u00fclsej\u00e9vel. A Novo \u00e9s a Novo Ultra modellek belsej\u00e9t \u00e9s k\u00fclsej\u00e9t \u00e1tfog\u00f3 \u00fcgyf\u00e9lkutat\u00e1si programnak megfelel\u0151en alak\u00edtott\u00e1k \u00e1t. Az \u00faj Euro 6 Isuzu motor, a Novo 190 l\u00f3er\u0151s 2600 fordulat \/ perc sebess\u00e9ggel. A Novo sorozat\u00fa buszok \u00fcl\u00e9seket \u00e9s csomagokat k\u00edn\u00e1lnak, legfeljebb 29 utas [&hellip;]<\/p>","protected":false},"author":1,"featured_media":0,"parent":0,"menu_order":0,"comment_status":"closed","ping_status":"closed","template":"","meta":{"_acf_changed":false,"footnotes":""},"class_list":["post-179","page","type-page","status-publish","hentry"],"acf":[],"_links":{"self":[{"href":"https:\/\/isuzubushungary.hu\/en\/wp-json\/wp\/v2\/pages\/179","targetHints":{"allow":["GET"]}}],"collection":[{"href":"https:\/\/isuzubushungary.hu\/en\/wp-json\/wp\/v2\/pages"}],"about":[{"href":"https:\/\/isuzubushungary.hu\/en\/wp-json\/wp\/v2\/types\/page"}],"author":[{"embeddable":true,"href":"https:\/\/isuzubushungary.hu\/en\/wp-json\/wp\/v2\/users\/1"}],"replies":[{"embeddable":true,"href":"https:\/\/isuzubushungary.hu\/en\/wp-json\/wp\/v2\/comments?post=179"}],"version-history":[{"count":9,"href":"https:\/\/isuzubushungary.hu\/en\/wp-json\/wp\/v2\/pages\/179\/revisions"}],"predecessor-version":[{"id":683,"href":"https:\/\/isuzubushungary.hu\/en\/wp-json\/wp\/v2\/pages\/179\/revisions\/683"}],"wp:attachment":[{"href":"https:\/\/isuzubushungary.hu\/en\/wp-json\/wp\/v2\/media?parent=179"}],"curies":[{"name":"wp","href":"https:\/\/api.w.org\/{rel}","templated":true}]}}