{"id":184,"date":"2020-08-21T13:02:01","date_gmt":"2020-08-21T13:02:01","guid":{"rendered":"https:\/\/isuzubushungary.hu\/?page_id=184"},"modified":"2020-11-02T20:45:36","modified_gmt":"2020-11-02T20:45:36","slug":"visigo","status":"publish","type":"page","link":"https:\/\/isuzubushungary.hu\/en\/visigo\/","title":{"rendered":"Visigo"},"content":{"rendered":"<div data-elementor-type=\"wp-page\" data-elementor-id=\"184\" class=\"elementor elementor-184\" data-elementor-post-type=\"page\">\n\t\t\t\t\t\t<section class=\"elementor-section elementor-top-section elementor-element elementor-element-639b6f62 elementor-section-boxed elementor-section-height-default elementor-section-height-default\" data-id=\"639b6f62\" data-element_type=\"section\" data-settings=\"{&quot;background_background&quot;:&quot;classic&quot;}\">\n\t\t\t\t\t\t<div class=\"elementor-container elementor-column-gap-default\">\n\t\t\t\t\t<div class=\"elementor-column elementor-col-100 elementor-top-column elementor-element elementor-element-2e4c8847\" data-id=\"2e4c8847\" data-element_type=\"column\">\n\t\t\t<div class=\"elementor-widget-wrap elementor-element-populated\">\n\t\t\t\t\t\t<div class=\"elementor-element elementor-element-65138fd5 elementor-widget elementor-widget-heading\" data-id=\"65138fd5\" data-element_type=\"widget\" data-widget_type=\"heading.default\">\n\t\t\t\t<div class=\"elementor-widget-container\">\n\t\t\t\t\t<h2 class=\"elementor-heading-title elementor-size-default\">VISIGO<\/h2>\t\t\t\t<\/div>\n\t\t\t\t<\/div>\n\t\t\t\t\t<\/div>\n\t\t<\/div>\n\t\t\t\t\t<\/div>\n\t\t<\/section>\n\t\t\t\t<section class=\"elementor-section elementor-top-section elementor-element elementor-element-f229a61 elementor-section-full_width elementor-section-height-default elementor-section-height-default\" data-id=\"f229a61\" data-element_type=\"section\" data-settings=\"{&quot;background_background&quot;:&quot;classic&quot;}\">\n\t\t\t\t\t\t<div class=\"elementor-container elementor-column-gap-default\">\n\t\t\t\t\t<div class=\"elementor-column elementor-col-100 elementor-top-column elementor-element elementor-element-681799c6\" data-id=\"681799c6\" data-element_type=\"column\">\n\t\t\t<div class=\"elementor-widget-wrap elementor-element-populated\">\n\t\t\t\t\t\t<div class=\"elementor-element elementor-element-2d0332fc elementor-widget elementor-widget-image\" data-id=\"2d0332fc\" data-element_type=\"widget\" data-widget_type=\"image.default\">\n\t\t\t\t<div class=\"elementor-widget-container\">\n\t\t\t\t\t\t\t\t\t\t\t\t\t\t\t<img fetchpriority=\"high\" decoding=\"async\" width=\"567\" height=\"412\" src=\"https:\/\/isuzubushungary.hu\/wp-content\/uploads\/2020\/09\/visigo-1.png\" class=\"attachment-large size-large wp-image-419\" alt=\"\" srcset=\"https:\/\/isuzubushungary.hu\/wp-content\/uploads\/2020\/09\/visigo-1.png 567w, https:\/\/isuzubushungary.hu\/wp-content\/uploads\/2020\/09\/visigo-1-300x218.png 300w\" sizes=\"(max-width: 567px) 100vw, 567px\" \/>\t\t\t\t\t\t\t\t\t\t\t\t\t\t\t<\/div>\n\t\t\t\t<\/div>\n\t\t\t\t\t<\/div>\n\t\t<\/div>\n\t\t\t\t\t<\/div>\n\t\t<\/section>\n\t\t\t\t<section class=\"elementor-section elementor-top-section elementor-element elementor-element-7d218b47 elementor-section-boxed elementor-section-height-default elementor-section-height-default\" data-id=\"7d218b47\" data-element_type=\"section\" data-settings=\"{&quot;background_background&quot;:&quot;classic&quot;}\">\n\t\t\t\t\t\t<div class=\"elementor-container elementor-column-gap-default\">\n\t\t\t\t\t<div class=\"elementor-column elementor-col-100 elementor-top-column elementor-element elementor-element-2360cf9e\" data-id=\"2360cf9e\" data-element_type=\"column\">\n\t\t\t<div class=\"elementor-widget-wrap elementor-element-populated\">\n\t\t\t\t\t\t<section class=\"elementor-section elementor-inner-section elementor-element elementor-element-153d5b8d elementor-section-boxed elementor-section-height-default elementor-section-height-default\" data-id=\"153d5b8d\" data-element_type=\"section\">\n\t\t\t\t\t\t<div class=\"elementor-container elementor-column-gap-default\">\n\t\t\t\t\t<div class=\"elementor-column elementor-col-25 elementor-inner-column elementor-element elementor-element-4ed4b16f\" data-id=\"4ed4b16f\" data-element_type=\"column\">\n\t\t\t<div class=\"elementor-widget-wrap elementor-element-populated\">\n\t\t\t\t\t\t<div class=\"elementor-element elementor-element-536d6a2a elementor-widget elementor-widget-heading\" data-id=\"536d6a2a\" data-element_type=\"widget\" data-widget_type=\"heading.default\">\n\t\t\t\t<div class=\"elementor-widget-container\">\n\t\t\t\t\t<h2 class=\"elementor-heading-title elementor-size-default\">VISIGO<\/h2>\t\t\t\t<\/div>\n\t\t\t\t<\/div>\n\t\t\t\t<div class=\"elementor-element elementor-element-2322a5d1 elementor-widget elementor-widget-text-editor\" data-id=\"2322a5d1\" data-element_type=\"widget\" data-widget_type=\"text-editor.default\">\n\t\t\t\t<div class=\"elementor-widget-container\">\n\t\t\t\t\t\t\t\t\tAz Anadolu Isuzu 9,5 m\u00e9teres Visigo midibusz Euro 6 Cummins motorral rendelkezik.\t\t\t\t\t\t\t\t<\/div>\n\t\t\t\t<\/div>\n\t\t\t\t\t<\/div>\n\t\t<\/div>\n\t\t\t\t<div class=\"elementor-column elementor-col-25 elementor-inner-column elementor-element elementor-element-58b38eb\" data-id=\"58b38eb\" data-element_type=\"column\">\n\t\t\t<div class=\"elementor-widget-wrap elementor-element-populated\">\n\t\t\t\t\t\t<div class=\"elementor-element elementor-element-1868161d elementor-widget elementor-widget-text-editor\" data-id=\"1868161d\" data-element_type=\"widget\" data-widget_type=\"text-editor.default\">\n\t\t\t\t<div class=\"elementor-widget-container\">\n\t\t\t\t\t\t\t\t\t<p>Az \u00faj Visigo innovat\u00edv bels\u0151 \u00e9s k\u00fcls\u0151 kialak\u00edt\u00e1s\u00e1nak, valamint minden sz\u00fcks\u00e9ges felszerel\u00e9s\u00e9nek k\u00f6sz\u00f6nhet\u0151en kellemes \u00e9s k\u00e9nyelmes utaz\u00e1st biztos\u00edt mind a vezet\u0151, mind az utasok sz\u00e1m\u00e1ra.<\/p>\t\t\t\t\t\t\t\t<\/div>\n\t\t\t\t<\/div>\n\t\t\t\t\t<\/div>\n\t\t<\/div>\n\t\t\t\t<div class=\"elementor-column elementor-col-25 elementor-inner-column elementor-element elementor-element-3be1c179\" data-id=\"3be1c179\" data-element_type=\"column\">\n\t\t\t<div class=\"elementor-widget-wrap elementor-element-populated\">\n\t\t\t\t\t\t<div class=\"elementor-element elementor-element-745f01ba elementor-align-center elementor-widget elementor-widget-button\" data-id=\"745f01ba\" data-element_type=\"widget\" data-widget_type=\"button.default\">\n\t\t\t\t<div class=\"elementor-widget-container\">\n\t\t\t\t\t\t\t\t\t<div class=\"elementor-button-wrapper\">\n\t\t\t\t\t<a class=\"elementor-button elementor-button-link elementor-size-sm\" href=\"#\">\n\t\t\t\t\t\t<span class=\"elementor-button-content-wrapper\">\n\t\t\t\t\t\t\t\t\t<span class=\"elementor-button-text\">Katal\u00f3gus let\u00f6lt\u00e9se (PDF)<\/span>\n\t\t\t\t\t<\/span>\n\t\t\t\t\t<\/a>\n\t\t\t\t<\/div>\n\t\t\t\t\t\t\t\t<\/div>\n\t\t\t\t<\/div>\n\t\t\t\t\t<\/div>\n\t\t<\/div>\n\t\t\t\t<div class=\"elementor-column elementor-col-25 elementor-inner-column elementor-element elementor-element-6528d1fa\" data-id=\"6528d1fa\" data-element_type=\"column\">\n\t\t\t<div class=\"elementor-widget-wrap elementor-element-populated\">\n\t\t\t\t\t\t<div class=\"elementor-element elementor-element-babb0df elementor-widget elementor-widget-image\" data-id=\"babb0df\" data-element_type=\"widget\" data-widget_type=\"image.default\">\n\t\t\t\t<div class=\"elementor-widget-container\">\n\t\t\t\t\t\t\t\t\t\t\t\t\t\t\t<img decoding=\"async\" width=\"198\" height=\"219\" src=\"https:\/\/isuzubushungary.hu\/wp-content\/uploads\/2020\/09\/visigo.png\" class=\"attachment-large size-large wp-image-264\" alt=\"\" \/>\t\t\t\t\t\t\t\t\t\t\t\t\t\t\t<\/div>\n\t\t\t\t<\/div>\n\t\t\t\t\t<\/div>\n\t\t<\/div>\n\t\t\t\t\t<\/div>\n\t\t<\/section>\n\t\t\t\t\t<\/div>\n\t\t<\/div>\n\t\t\t\t\t<\/div>\n\t\t<\/section>\n\t\t\t\t<section class=\"elementor-section elementor-top-section elementor-element elementor-element-22c86666 elementor-section-boxed elementor-section-height-default elementor-section-height-default\" data-id=\"22c86666\" data-element_type=\"section\">\n\t\t\t\t\t\t<div class=\"elementor-container elementor-column-gap-default\">\n\t\t\t\t\t<div class=\"elementor-column elementor-col-100 elementor-top-column elementor-element elementor-element-757126ee\" data-id=\"757126ee\" data-element_type=\"column\">\n\t\t\t<div class=\"elementor-widget-wrap elementor-element-populated\">\n\t\t\t\t\t\t<div class=\"elementor-element elementor-element-7ced6d4a elementor-widget elementor-widget-heading\" data-id=\"7ced6d4a\" data-element_type=\"widget\" data-widget_type=\"heading.default\">\n\t\t\t\t<div class=\"elementor-widget-container\">\n\t\t\t\t\t<h2 class=\"elementor-heading-title elementor-size-default\">Gal\u00e9ria<\/h2>\t\t\t\t<\/div>\n\t\t\t\t<\/div>\n\t\t\t\t<div class=\"elementor-element elementor-element-431b5ed1 elementor-pagination-position-inside elementor-arrows-position-inside elementor-widget elementor-widget-image-carousel\" data-id=\"431b5ed1\" data-element_type=\"widget\" data-settings=\"{&quot;slides_to_show&quot;:&quot;1&quot;,&quot;navigation&quot;:&quot;both&quot;,&quot;autoplay&quot;:&quot;yes&quot;,&quot;pause_on_hover&quot;:&quot;yes&quot;,&quot;pause_on_interaction&quot;:&quot;yes&quot;,&quot;autoplay_speed&quot;:5000,&quot;infinite&quot;:&quot;yes&quot;,&quot;effect&quot;:&quot;slide&quot;,&quot;speed&quot;:500}\" data-widget_type=\"image-carousel.default\">\n\t\t\t\t<div class=\"elementor-widget-container\">\n\t\t\t\t\t\t\t<div class=\"elementor-image-carousel-wrapper swiper\" role=\"region\" aria-roledescription=\"carousel\" aria-label=\"Image Carousel\" dir=\"ltr\">\n\t\t\t<div class=\"elementor-image-carousel swiper-wrapper swiper-image-stretch\" aria-live=\"off\">\n\t\t\t\t\t\t\t\t<div class=\"swiper-slide\" role=\"group\" aria-roledescription=\"slide\" aria-label=\"1 of 6\"><figure class=\"swiper-slide-inner\"><img decoding=\"async\" class=\"swiper-slide-image\" src=\"https:\/\/isuzubushungary.hu\/wp-content\/uploads\/elementor\/thumbs\/visigo-interurban-01-ow58qzhech208x8ssx4go9ew2v2r5lnw156z3m7als.jpg\" alt=\"visigo-interurban-01\" \/><\/figure><\/div><div class=\"swiper-slide\" role=\"group\" aria-roledescription=\"slide\" aria-label=\"2 of 6\"><figure class=\"swiper-slide-inner\"><img decoding=\"async\" class=\"swiper-slide-image\" src=\"https:\/\/isuzubushungary.hu\/wp-content\/uploads\/elementor\/thumbs\/Visigo-Interurban-2-ow58r0f8jb3akj7fnfj38r6co8y4darmd9ugkw5wfk.jpg\" alt=\"Visigo-Interurban-2\" \/><\/figure><\/div><div class=\"swiper-slide\" role=\"group\" aria-roledescription=\"slide\" aria-label=\"3 of 6\"><figure class=\"swiper-slide-inner\"><img decoding=\"async\" class=\"swiper-slide-image\" src=\"https:\/\/isuzubushungary.hu\/wp-content\/uploads\/elementor\/thumbs\/Visigo-Interurban-04-ow58r1d2q54kw562hxxpt8xt9mthkzvcpehy264i9c.jpg\" alt=\"Visigo-Interurban-04\" \/><\/figure><\/div><div class=\"swiper-slide\" role=\"group\" aria-roledescription=\"slide\" aria-label=\"4 of 6\"><figure class=\"swiper-slide-inner\"><img decoding=\"async\" class=\"swiper-slide-image\" src=\"https:\/\/isuzubushungary.hu\/wp-content\/uploads\/elementor\/thumbs\/Visigo-Interurban-5-ow58r38r3t75jd3c6yqyy8gqgek80e2tdnsx0q1pww.jpg\" alt=\"Visigo-Interurban-5\" \/><\/figure><\/div><div class=\"swiper-slide\" role=\"group\" aria-roledescription=\"slide\" aria-label=\"5 of 6\"><figure class=\"swiper-slide-inner\"><img decoding=\"async\" class=\"swiper-slide-image\" src=\"https:\/\/isuzubushungary.hu\/wp-content\/uploads\/elementor\/thumbs\/visigo-interurban-06-ow58r54fhh9q6l0lvzk837znn6ayfsaa1x3vz9yxkg.jpg\" alt=\"visigo-interurban-06\" \/><\/figure><\/div><div class=\"swiper-slide\" role=\"group\" aria-roledescription=\"slide\" aria-label=\"6 of 6\"><figure class=\"swiper-slide-inner\"><img decoding=\"async\" class=\"swiper-slide-image\" src=\"https:\/\/isuzubushungary.hu\/wp-content\/uploads\/elementor\/thumbs\/Visigo-Interurban-9-ow58rui2m08gw1zqrsj5gjl3oktv7m315epzxqxawg.jpg\" alt=\"Visigo-Interurban-9\" \/><\/figure><\/div>\t\t\t<\/div>\n\t\t\t\t\t\t\t\t\t\t\t\t<div class=\"elementor-swiper-button elementor-swiper-button-prev\" role=\"button\" tabindex=\"0\">\n\t\t\t\t\t\t<i aria-hidden=\"true\" class=\"eicon-chevron-left\"><\/i>\t\t\t\t\t<\/div>\n\t\t\t\t\t<div class=\"elementor-swiper-button elementor-swiper-button-next\" role=\"button\" tabindex=\"0\">\n\t\t\t\t\t\t<i aria-hidden=\"true\" class=\"eicon-chevron-right\"><\/i>\t\t\t\t\t<\/div>\n\t\t\t\t\n\t\t\t\t\t\t\t\t\t<div class=\"swiper-pagination\"><\/div>\n\t\t\t\t\t\t\t\t\t<\/div>\n\t\t\t\t\t\t<\/div>\n\t\t\t\t<\/div>\n\t\t\t\t\t<\/div>\n\t\t<\/div>\n\t\t\t\t\t<\/div>\n\t\t<\/section>\n\t\t\t\t<section class=\"elementor-section elementor-top-section elementor-element elementor-element-455ee3ec elementor-section-boxed elementor-section-height-default elementor-section-height-default\" data-id=\"455ee3ec\" data-element_type=\"section\">\n\t\t\t\t\t\t<div class=\"elementor-container elementor-column-gap-default\">\n\t\t\t\t\t<div class=\"elementor-column elementor-col-100 elementor-top-column elementor-element elementor-element-7b1cc94f\" data-id=\"7b1cc94f\" data-element_type=\"column\">\n\t\t\t<div class=\"elementor-widget-wrap elementor-element-populated\">\n\t\t\t\t\t\t<div class=\"elementor-element elementor-element-36fecad1 elementor-widget elementor-widget-heading\" data-id=\"36fecad1\" data-element_type=\"widget\" data-widget_type=\"heading.default\">\n\t\t\t\t<div class=\"elementor-widget-container\">\n\t\t\t\t\t<h2 class=\"elementor-heading-title elementor-size-default\">M\u0171szaki le\u00edr\u00e1s<\/h2>\t\t\t\t<\/div>\n\t\t\t\t<\/div>\n\t\t\t\t\t<\/div>\n\t\t<\/div>\n\t\t\t\t\t<\/div>\n\t\t<\/section>\n\t\t\t\t<section class=\"elementor-section elementor-top-section elementor-element elementor-element-1da297b5 elementor-section-boxed elementor-section-height-default elementor-section-height-default\" data-id=\"1da297b5\" data-element_type=\"section\">\n\t\t\t\t\t\t<div class=\"elementor-container elementor-column-gap-default\">\n\t\t\t\t\t<div class=\"elementor-column elementor-col-100 elementor-top-column elementor-element elementor-element-d01c26c\" data-id=\"d01c26c\" data-element_type=\"column\">\n\t\t\t<div class=\"elementor-widget-wrap elementor-element-populated\">\n\t\t\t\t\t\t<section class=\"elementor-section elementor-inner-section elementor-element elementor-element-4c8cdf03 elementor-section-boxed elementor-section-height-default elementor-section-height-default\" data-id=\"4c8cdf03\" data-element_type=\"section\">\n\t\t\t\t\t\t<div class=\"elementor-container elementor-column-gap-default\">\n\t\t\t\t\t<div class=\"elementor-column elementor-col-100 elementor-inner-column elementor-element elementor-element-16ed33e1\" data-id=\"16ed33e1\" data-element_type=\"column\">\n\t\t\t<div class=\"elementor-widget-wrap elementor-element-populated\">\n\t\t\t\t\t\t<div class=\"elementor-element elementor-element-5f27220 elementor-widget elementor-widget-text-editor\" data-id=\"5f27220\" data-element_type=\"widget\" data-widget_type=\"text-editor.default\">\n\t\t\t\t<div class=\"elementor-widget-container\">\n\t\t\t\t\t\t\t\t\t<p>M\u00e9retek<\/p>\t\t\t\t\t\t\t\t<\/div>\n\t\t\t\t<\/div>\n\t\t\t\t<div class=\"elementor-element elementor-element-4d3f2ba5 elementor-widget elementor-widget-text-editor\" data-id=\"4d3f2ba5\" data-element_type=\"widget\" data-widget_type=\"text-editor.default\">\n\t\t\t\t<div class=\"elementor-widget-container\">\n\t\t\t\t\t\t\t\t\t<table width=\"1058\"><tbody><tr><td width=\"396\">Hossz\u00fas\u00e1g \/ sz\u00e9less\u00e9g \/ magass\u00e1g (mm) &#8211; Length\/Width\/Height<\/td><td width=\"662\">9560 \/ 2454 \/ 3368<\/td><\/tr><tr><td>Tengelyt\u00e1v (mm)- Wheelbase<\/td><td>4660<\/td><\/tr><tr><td>Els\u0151 kiny\u00fal\u00e1s \/ h\u00e1ts\u00f3 kiny\u00fal\u00e1s (mm) &#8211; Front overhang\/rear overhang<\/td><td>1890 \/ 3010<\/td><\/tr><tr><td>Befogad\u00f3k\u00e9pess\u00e9g (f\u0151) &#8211; Passenger capacity<\/td><td>35 + 1 + 1<\/td><\/tr><\/tbody><\/table>\t\t\t\t\t\t\t\t<\/div>\n\t\t\t\t<\/div>\n\t\t\t\t\t<\/div>\n\t\t<\/div>\n\t\t\t\t\t<\/div>\n\t\t<\/section>\n\t\t\t\t<section class=\"elementor-section elementor-inner-section elementor-element elementor-element-175f81b0 elementor-section-boxed elementor-section-height-default elementor-section-height-default\" data-id=\"175f81b0\" data-element_type=\"section\">\n\t\t\t\t\t\t<div class=\"elementor-container elementor-column-gap-default\">\n\t\t\t\t\t<div class=\"elementor-column elementor-col-100 elementor-inner-column elementor-element elementor-element-47db99b5\" data-id=\"47db99b5\" data-element_type=\"column\">\n\t\t\t<div class=\"elementor-widget-wrap elementor-element-populated\">\n\t\t\t\t\t\t<div class=\"elementor-element elementor-element-4479178f elementor-widget elementor-widget-text-editor\" data-id=\"4479178f\" data-element_type=\"widget\" data-widget_type=\"text-editor.default\">\n\t\t\t\t<div class=\"elementor-widget-container\">\n\t\t\t\t\t\t\t\t\t<p>Motor<\/p>\t\t\t\t\t\t\t\t<\/div>\n\t\t\t\t<\/div>\n\t\t\t\t<div class=\"elementor-element elementor-element-7167e873 elementor-widget elementor-widget-text-editor\" data-id=\"7167e873\" data-element_type=\"widget\" data-widget_type=\"text-editor.default\">\n\t\t\t\t<div class=\"elementor-widget-container\">\n\t\t\t\t\t\t\t\t\t<table width=\"1058\"><tbody><tr><td width=\"396\">Gy\u00e1rt\u00f3 &#8211; Manufacturer<\/td><td width=\"662\">Cummins<\/td><\/tr><tr><td>Modell &#8211; Model<\/td><td>ISB6.7E6 250B<\/td><\/tr><tr><td>Kibocs\u00e1t\u00e1s &#8211; Emission Class<\/td><td>Euro6<\/td><\/tr><tr><td>Hengerek sz\u00e1ma &#8211; Number of Cilynders<\/td><td>6<\/td><\/tr><tr><td>Henger\u0171rtartalom (cm3) &#8211; Displacement<\/td><td>6700<\/td><\/tr><tr><td>Maxim\u00e1lis teljes\u00edtm\u00e9ny (PS\/rev) &#8211; Max Power<\/td><td>247 \/ 2100<\/td><\/tr><tr><td>Maxim\u00e1lis nyomat\u00e9k (Nm\/ford) &#8211; Max Torque<\/td><td>1000 \/ 1200-1600<\/td><\/tr><\/tbody><\/table>\t\t\t\t\t\t\t\t<\/div>\n\t\t\t\t<\/div>\n\t\t\t\t\t<\/div>\n\t\t<\/div>\n\t\t\t\t\t<\/div>\n\t\t<\/section>\n\t\t\t\t<section class=\"elementor-section elementor-inner-section elementor-element elementor-element-6de97934 elementor-section-boxed elementor-section-height-default elementor-section-height-default\" data-id=\"6de97934\" data-element_type=\"section\">\n\t\t\t\t\t\t<div class=\"elementor-container elementor-column-gap-default\">\n\t\t\t\t\t<div class=\"elementor-column elementor-col-100 elementor-inner-column elementor-element elementor-element-cdf7e20\" data-id=\"cdf7e20\" data-element_type=\"column\">\n\t\t\t<div class=\"elementor-widget-wrap elementor-element-populated\">\n\t\t\t\t\t\t<div class=\"elementor-element elementor-element-6fb8a415 elementor-widget elementor-widget-text-editor\" data-id=\"6fb8a415\" data-element_type=\"widget\" data-widget_type=\"text-editor.default\">\n\t\t\t\t<div class=\"elementor-widget-container\">\n\t\t\t\t\t\t\t\t\t<p>Jellemz\u0151k<\/p>\t\t\t\t\t\t\t\t<\/div>\n\t\t\t\t<\/div>\n\t\t\t\t<div class=\"elementor-element elementor-element-5b67115f elementor-widget elementor-widget-text-editor\" data-id=\"5b67115f\" data-element_type=\"widget\" data-widget_type=\"text-editor.default\">\n\t\t\t\t<div class=\"elementor-widget-container\">\n\t\t\t\t\t\t\t\t\t<table width=\"1058\"><tbody><tr><td width=\"396\">Kapaszkod\u00f3k\u00e9pess\u00e9g-Gradeability<\/td><td width=\"662\">49,2%<\/td><\/tr><tr><td>Minim\u00e1lis fordul\u00f3k\u00f6r sug\u00e1r &#8211; Minimum turning radius<\/td><td>7100 mm<\/td><\/tr><tr><td>\u00dczemanyagtart\u00e1ly kapacit\u00e1sa &#8211; Fuel tank capacity<\/td><td>250 liter<\/td><\/tr><tr><td>Csomagt\u00e9r kapacit\u00e1sa-Luggage compartment capacity<\/td><td>5,5 m<sup>3<\/sup><\/td><\/tr><\/tbody><\/table>\t\t\t\t\t\t\t\t<\/div>\n\t\t\t\t<\/div>\n\t\t\t\t\t<\/div>\n\t\t<\/div>\n\t\t\t\t\t<\/div>\n\t\t<\/section>\n\t\t\t\t<section class=\"elementor-section elementor-inner-section elementor-element elementor-element-5343c108 elementor-section-boxed elementor-section-height-default elementor-section-height-default\" data-id=\"5343c108\" data-element_type=\"section\">\n\t\t\t\t\t\t<div class=\"elementor-container elementor-column-gap-default\">\n\t\t\t\t\t<div class=\"elementor-column elementor-col-100 elementor-inner-column elementor-element elementor-element-7361d842\" data-id=\"7361d842\" data-element_type=\"column\">\n\t\t\t<div class=\"elementor-widget-wrap elementor-element-populated\">\n\t\t\t\t\t\t<div class=\"elementor-element elementor-element-2608c8f4 elementor-widget elementor-widget-text-editor\" data-id=\"2608c8f4\" data-element_type=\"widget\" data-widget_type=\"text-editor.default\">\n\t\t\t\t<div class=\"elementor-widget-container\">\n\t\t\t\t\t\t\t\t\t<p>G\u00e9p\u00e9szet<\/p>\t\t\t\t\t\t\t\t<\/div>\n\t\t\t\t<\/div>\n\t\t\t\t<div class=\"elementor-element elementor-element-10f1cbe7 elementor-widget elementor-widget-text-editor\" data-id=\"10f1cbe7\" data-element_type=\"widget\" data-widget_type=\"text-editor.default\">\n\t\t\t\t<div class=\"elementor-widget-container\">\n\t\t\t\t\t\t\t\t\t<table width=\"1058\"><tbody><tr><td width=\"396\">Sebess\u00e9gv\u00e1lt\u00f3 &#8211; Transmission<\/td><td width=\"662\">ZF 6AS1010BO<\/td><\/tr><tr><td>F\u00e9krendszer &#8211; Brake System<\/td><td>t\u00e1rcsaf\u00e9k (el\u0151l\/h\u00e1tul), EBS, ESC, ABS, ASR &#8211; disc (front\/rear),EBS,ESC,ABS,ASR<\/td><\/tr><tr><td>Felf\u00fcggeszt\u00e9s- Suspensions<\/td><td>l\u00e9grug\u00f3s (6 db) &#8211; air suspnesion (6)<\/td><\/tr><tr><td>Korm\u00e1nym\u0171 &#8211; Steering system<\/td><td>hidraulikus, teleszk\u00f3pos &#8211; Hydraulic, Telescopic<\/td><\/tr><tr><td>Gumiabroncs &#8211; Tyres<\/td><td>265\/70 R19,5<\/td><\/tr><\/tbody><\/table>\t\t\t\t\t\t\t\t<\/div>\n\t\t\t\t<\/div>\n\t\t\t\t\t<\/div>\n\t\t<\/div>\n\t\t\t\t\t<\/div>\n\t\t<\/section>\n\t\t\t\t<section class=\"elementor-section elementor-inner-section elementor-element elementor-element-1ada33e5 elementor-section-boxed elementor-section-height-default elementor-section-height-default\" data-id=\"1ada33e5\" data-element_type=\"section\">\n\t\t\t\t\t\t<div class=\"elementor-container elementor-column-gap-default\">\n\t\t\t\t\t<div class=\"elementor-column elementor-col-100 elementor-inner-column elementor-element elementor-element-779b3db9\" data-id=\"779b3db9\" data-element_type=\"column\">\n\t\t\t<div class=\"elementor-widget-wrap elementor-element-populated\">\n\t\t\t\t\t\t<div class=\"elementor-element elementor-element-7a449979 elementor-widget elementor-widget-text-editor\" data-id=\"7a449979\" data-element_type=\"widget\" data-widget_type=\"text-editor.default\">\n\t\t\t\t<div class=\"elementor-widget-container\">\n\t\t\t\t\t\t\t\t\t<p>Fel\u00e9p\u00edtm\u00e9ny<\/p>\t\t\t\t\t\t\t\t<\/div>\n\t\t\t\t<\/div>\n\t\t\t\t<div class=\"elementor-element elementor-element-63a121f4 elementor-widget elementor-widget-text-editor\" data-id=\"63a121f4\" data-element_type=\"widget\" data-widget_type=\"text-editor.default\">\n\t\t\t\t<div class=\"elementor-widget-container\">\n\t\t\t\t\t\t\t\t\t<table width=\"1058\"><tbody><tr><td width=\"396\">Vezet\u0151\u00fcl\u00e9s- Driver&#8217;s seat<\/td><td width=\"662\">Ergon\u00f3mikus, L\u00e9grug\u00f3s, \u00c1ll\u00edthat\u00f3-Ergonomic, Air Operated, Adjustable\u00a0<\/td><\/tr><tr><td>Utasajt\u00f3k &#8211; Service doors<\/td><td>sz\u00f6vet\/m\u0171b\u0151r, d\u00f6nthet\u0151, sz\u00e9les\u00edthet\u0151 luxus turista\u00fcl\u00e9sek &#8211; cloth\/art.leather,reclining<\/td><\/tr><tr><td>Oldalablakok &#8211; Side windows<\/td><td>\u00a0<\/td><\/tr><tr><td>Visszapillant\u00f3 t\u00fckr\u00f6k &#8211; Mirrors<\/td><td>elektromos vez\u00e9rl\u00e9s\u0171 t\u00fckr\u00f6k &#8211; electric adjustable<\/td><\/tr><\/tbody><\/table>\t\t\t\t\t\t\t\t<\/div>\n\t\t\t\t<\/div>\n\t\t\t\t\t<\/div>\n\t\t<\/div>\n\t\t\t\t\t<\/div>\n\t\t<\/section>\n\t\t\t\t<section class=\"elementor-section elementor-inner-section elementor-element elementor-element-295fbd12 elementor-section-boxed elementor-section-height-default elementor-section-height-default\" data-id=\"295fbd12\" data-element_type=\"section\">\n\t\t\t\t\t\t<div class=\"elementor-container elementor-column-gap-default\">\n\t\t\t\t\t<div class=\"elementor-column elementor-col-100 elementor-inner-column elementor-element elementor-element-17bf05ec\" data-id=\"17bf05ec\" data-element_type=\"column\">\n\t\t\t<div class=\"elementor-widget-wrap elementor-element-populated\">\n\t\t\t\t\t\t<div class=\"elementor-element elementor-element-5e5a6cc elementor-widget elementor-widget-text-editor\" data-id=\"5e5a6cc\" data-element_type=\"widget\" data-widget_type=\"text-editor.default\">\n\t\t\t\t<div class=\"elementor-widget-container\">\n\t\t\t\t\t\t\t\t\t<p>Elektromos eszk\u00f6z\u00f6k<\/p>\t\t\t\t\t\t\t\t<\/div>\n\t\t\t\t<\/div>\n\t\t\t\t<div class=\"elementor-element elementor-element-34d3add elementor-widget elementor-widget-text-editor\" data-id=\"34d3add\" data-element_type=\"widget\" data-widget_type=\"text-editor.default\">\n\t\t\t\t<div class=\"elementor-widget-container\">\n\t\t\t\t\t\t\t\t\t<table width=\"1058\"><tbody><tr><td width=\"396\">L\u00e9gkondicion\u00e1l\u00f3 berendez\u00e9s &#8211; Air Conditioner<\/td><td width=\"662\">digit\u00e1lis l\u00e9gkondici\u00f3n\u00e1l\u00f3 &#8211; Digital Air Conditioner<\/td><\/tr><tr><td>Video rendszer &#8211; Video system<\/td><td>Multim\u00e9dia, MP3, DVD, Navig\u00e1ci\u00f3, USB, \u00e9rint\u0151 k\u00e9perny\u0151 &#8211; Multimedia, MP3, DVD, Navigation, USB, touchscreen<\/td><\/tr><\/tbody><\/table>\t\t\t\t\t\t\t\t<\/div>\n\t\t\t\t<\/div>\n\t\t\t\t\t<\/div>\n\t\t<\/div>\n\t\t\t\t\t<\/div>\n\t\t<\/section>\n\t\t\t\t\t<\/div>\n\t\t<\/div>\n\t\t\t\t\t<\/div>\n\t\t<\/section>\n\t\t\t\t<\/div>","protected":false},"excerpt":{"rendered":"<p>VISIGO VISIGO Az Anadolu Isuzu 9,5 m\u00e9teres Visigo midibusz Euro 6 Cummins motorral rendelkezik. Az \u00faj Visigo innovat\u00edv bels\u0151 \u00e9s k\u00fcls\u0151 kialak\u00edt\u00e1s\u00e1nak, valamint minden sz\u00fcks\u00e9ges felszerel\u00e9s\u00e9nek k\u00f6sz\u00f6nhet\u0151en kellemes \u00e9s k\u00e9nyelmes utaz\u00e1st biztos\u00edt mind a vezet\u0151, mind az utasok sz\u00e1m\u00e1ra. Katal\u00f3gus let\u00f6lt\u00e9se (PDF) Gal\u00e9ria El\u0151z\u0151 K\u00f6vetkez\u0151 M\u0171szaki le\u00edr\u00e1s M\u00e9retek Hossz\u00fas\u00e1g \/ sz\u00e9less\u00e9g \/ magass\u00e1g (mm) &#8211; [&hellip;]<\/p>","protected":false},"author":1,"featured_media":0,"parent":0,"menu_order":0,"comment_status":"closed","ping_status":"closed","template":"","meta":{"_acf_changed":false,"footnotes":""},"class_list":["post-184","page","type-page","status-publish","hentry"],"acf":[],"_links":{"self":[{"href":"https:\/\/isuzubushungary.hu\/en\/wp-json\/wp\/v2\/pages\/184","targetHints":{"allow":["GET"]}}],"collection":[{"href":"https:\/\/isuzubushungary.hu\/en\/wp-json\/wp\/v2\/pages"}],"about":[{"href":"https:\/\/isuzubushungary.hu\/en\/wp-json\/wp\/v2\/types\/page"}],"author":[{"embeddable":true,"href":"https:\/\/isuzubushungary.hu\/en\/wp-json\/wp\/v2\/users\/1"}],"replies":[{"embeddable":true,"href":"https:\/\/isuzubushungary.hu\/en\/wp-json\/wp\/v2\/comments?post=184"}],"version-history":[{"count":7,"href":"https:\/\/isuzubushungary.hu\/en\/wp-json\/wp\/v2\/pages\/184\/revisions"}],"predecessor-version":[{"id":614,"href":"https:\/\/isuzubushungary.hu\/en\/wp-json\/wp\/v2\/pages\/184\/revisions\/614"}],"wp:attachment":[{"href":"https:\/\/isuzubushungary.hu\/en\/wp-json\/wp\/v2\/media?parent=184"}],"curies":[{"name":"wp","href":"https:\/\/api.w.org\/{rel}","templated":true}]}}