{"id":186,"date":"2020-08-21T13:02:04","date_gmt":"2020-08-21T13:02:04","guid":{"rendered":"https:\/\/isuzubushungary.hu\/?page_id=186"},"modified":"2020-11-02T18:02:33","modified_gmt":"2020-11-02T18:02:33","slug":"novociti","status":"publish","type":"page","link":"https:\/\/isuzubushungary.hu\/en\/novociti\/","title":{"rendered":"Novociti"},"content":{"rendered":"<div data-elementor-type=\"wp-page\" data-elementor-id=\"186\" class=\"elementor elementor-186\" data-elementor-post-type=\"page\">\n\t\t\t\t\t\t<section class=\"elementor-section elementor-top-section elementor-element elementor-element-11bb80ac elementor-section-boxed elementor-section-height-default elementor-section-height-default\" data-id=\"11bb80ac\" data-element_type=\"section\" data-settings=\"{&quot;background_background&quot;:&quot;classic&quot;}\">\n\t\t\t\t\t\t<div class=\"elementor-container elementor-column-gap-default\">\n\t\t\t\t\t<div class=\"elementor-column elementor-col-100 elementor-top-column elementor-element elementor-element-748e47b3\" data-id=\"748e47b3\" data-element_type=\"column\">\n\t\t\t<div class=\"elementor-widget-wrap elementor-element-populated\">\n\t\t\t\t\t\t<div class=\"elementor-element elementor-element-7ad369f5 elementor-widget elementor-widget-heading\" data-id=\"7ad369f5\" data-element_type=\"widget\" data-widget_type=\"heading.default\">\n\t\t\t\t<div class=\"elementor-widget-container\">\n\t\t\t\t\t<h2 class=\"elementor-heading-title elementor-size-default\">NOVOCITI<\/h2>\t\t\t\t<\/div>\n\t\t\t\t<\/div>\n\t\t\t\t\t<\/div>\n\t\t<\/div>\n\t\t\t\t\t<\/div>\n\t\t<\/section>\n\t\t\t\t<section class=\"elementor-section elementor-top-section elementor-element elementor-element-7163ec2f elementor-section-full_width elementor-section-height-default elementor-section-height-default\" data-id=\"7163ec2f\" data-element_type=\"section\" data-settings=\"{&quot;background_background&quot;:&quot;classic&quot;}\">\n\t\t\t\t\t\t<div class=\"elementor-container elementor-column-gap-default\">\n\t\t\t\t\t<div class=\"elementor-column elementor-col-100 elementor-top-column elementor-element elementor-element-68d2b8c9\" data-id=\"68d2b8c9\" data-element_type=\"column\">\n\t\t\t<div class=\"elementor-widget-wrap elementor-element-populated\">\n\t\t\t\t\t\t<div class=\"elementor-element elementor-element-7f901c49 elementor-widget elementor-widget-image\" data-id=\"7f901c49\" data-element_type=\"widget\" data-widget_type=\"image.default\">\n\t\t\t\t<div class=\"elementor-widget-container\">\n\t\t\t\t\t\t\t\t\t\t\t\t\t\t\t<img fetchpriority=\"high\" decoding=\"async\" width=\"476\" height=\"300\" src=\"https:\/\/isuzubushungary.hu\/wp-content\/uploads\/2020\/09\/novociti-1.png\" class=\"attachment-large size-large wp-image-398\" alt=\"\" srcset=\"https:\/\/isuzubushungary.hu\/wp-content\/uploads\/2020\/09\/novociti-1.png 476w, https:\/\/isuzubushungary.hu\/wp-content\/uploads\/2020\/09\/novociti-1-300x189.png 300w\" sizes=\"(max-width: 476px) 100vw, 476px\" \/>\t\t\t\t\t\t\t\t\t\t\t\t\t\t\t<\/div>\n\t\t\t\t<\/div>\n\t\t\t\t\t<\/div>\n\t\t<\/div>\n\t\t\t\t\t<\/div>\n\t\t<\/section>\n\t\t\t\t<section class=\"elementor-section elementor-top-section elementor-element elementor-element-2491519d elementor-section-boxed elementor-section-height-default elementor-section-height-default\" data-id=\"2491519d\" data-element_type=\"section\" data-settings=\"{&quot;background_background&quot;:&quot;classic&quot;}\">\n\t\t\t\t\t\t<div class=\"elementor-container elementor-column-gap-default\">\n\t\t\t\t\t<div class=\"elementor-column elementor-col-100 elementor-top-column elementor-element elementor-element-276d0221\" data-id=\"276d0221\" data-element_type=\"column\">\n\t\t\t<div class=\"elementor-widget-wrap elementor-element-populated\">\n\t\t\t\t\t\t<section class=\"elementor-section elementor-inner-section elementor-element elementor-element-6f95ae68 elementor-section-boxed elementor-section-height-default elementor-section-height-default\" data-id=\"6f95ae68\" data-element_type=\"section\">\n\t\t\t\t\t\t<div class=\"elementor-container elementor-column-gap-default\">\n\t\t\t\t\t<div class=\"elementor-column elementor-col-25 elementor-inner-column elementor-element elementor-element-5053591\" data-id=\"5053591\" data-element_type=\"column\">\n\t\t\t<div class=\"elementor-widget-wrap elementor-element-populated\">\n\t\t\t\t\t\t<div class=\"elementor-element elementor-element-56da5116 elementor-widget elementor-widget-heading\" data-id=\"56da5116\" data-element_type=\"widget\" data-widget_type=\"heading.default\">\n\t\t\t\t<div class=\"elementor-widget-container\">\n\t\t\t\t\t<h2 class=\"elementor-heading-title elementor-size-default\">NOVOCITI<\/h2>\t\t\t\t<\/div>\n\t\t\t\t<\/div>\n\t\t\t\t<div class=\"elementor-element elementor-element-6e744ac0 elementor-widget elementor-widget-text-editor\" data-id=\"6e744ac0\" data-element_type=\"widget\" data-widget_type=\"text-editor.default\">\n\t\t\t\t<div class=\"elementor-widget-container\">\n\t\t\t\t\t\t\t\t\t<p>\u00fagy tervezt\u00e9k, hogy ide\u00e1lis megold\u00e1s legyen a t\u00f6bb tranzit\u00faton m\u0171k\u00f6d\u0151 kistelep\u00fcl\u00e9sek sz\u00e1m\u00e1ra, ide\u00e9rtve a kisebb lakoss\u00e1g\u00fa el\u0151v\u00e1rosi ter\u00fcleteket is.<\/p>\t\t\t\t\t\t\t\t<\/div>\n\t\t\t\t<\/div>\n\t\t\t\t\t<\/div>\n\t\t<\/div>\n\t\t\t\t<div class=\"elementor-column elementor-col-25 elementor-inner-column elementor-element elementor-element-6650d31\" data-id=\"6650d31\" data-element_type=\"column\">\n\t\t\t<div class=\"elementor-widget-wrap elementor-element-populated\">\n\t\t\t\t\t\t<div class=\"elementor-element elementor-element-264eb4c0 elementor-widget elementor-widget-text-editor\" data-id=\"264eb4c0\" data-element_type=\"widget\" data-widget_type=\"text-editor.default\">\n\t\t\t\t<div class=\"elementor-widget-container\">\n\t\t\t\t\t\t\t\t\t<p>A NovoCiti belsej\u00e9t \u00fagy tervezt\u00e9k, hogy maxim\u00e1lis k\u00e9nyelmet biztos\u00edtson az utasoknak r\u00f6vid utaz\u00e1s sor\u00e1n. A k\u00fcls\u0151 ajt\u00f3 fel\u00e9 ny\u00edl\u00f3 k\u00e9tsz\u00e1rny\u00fa ajt\u00f3k gyors \u00e9s k\u00f6nny\u0171 hozz\u00e1f\u00e9r\u00e9st biztos\u00edtanak a j\u00e1rm\u0171h\u00f6z.<\/p>\t\t\t\t\t\t\t\t<\/div>\n\t\t\t\t<\/div>\n\t\t\t\t\t<\/div>\n\t\t<\/div>\n\t\t\t\t<div class=\"elementor-column elementor-col-25 elementor-inner-column elementor-element elementor-element-5535f1f\" data-id=\"5535f1f\" data-element_type=\"column\">\n\t\t\t<div class=\"elementor-widget-wrap elementor-element-populated\">\n\t\t\t\t\t\t<div class=\"elementor-element elementor-element-170b5c1c elementor-align-center elementor-widget elementor-widget-button\" data-id=\"170b5c1c\" data-element_type=\"widget\" data-widget_type=\"button.default\">\n\t\t\t\t<div class=\"elementor-widget-container\">\n\t\t\t\t\t\t\t\t\t<div class=\"elementor-button-wrapper\">\n\t\t\t\t\t<a class=\"elementor-button elementor-button-link elementor-size-sm\" href=\"#\">\n\t\t\t\t\t\t<span class=\"elementor-button-content-wrapper\">\n\t\t\t\t\t\t\t\t\t<span class=\"elementor-button-text\">Katal\u00f3gus let\u00f6lt\u00e9se (PDF)<\/span>\n\t\t\t\t\t<\/span>\n\t\t\t\t\t<\/a>\n\t\t\t\t<\/div>\n\t\t\t\t\t\t\t\t<\/div>\n\t\t\t\t<\/div>\n\t\t\t\t\t<\/div>\n\t\t<\/div>\n\t\t\t\t<div class=\"elementor-column elementor-col-25 elementor-inner-column elementor-element elementor-element-2d84e472\" data-id=\"2d84e472\" data-element_type=\"column\">\n\t\t\t<div class=\"elementor-widget-wrap elementor-element-populated\">\n\t\t\t\t\t\t<div class=\"elementor-element elementor-element-66703abe elementor-widget elementor-widget-image\" data-id=\"66703abe\" data-element_type=\"widget\" data-widget_type=\"image.default\">\n\t\t\t\t<div class=\"elementor-widget-container\">\n\t\t\t\t\t\t\t\t\t\t\t\t\t\t\t<img decoding=\"async\" width=\"198\" height=\"219\" src=\"https:\/\/isuzubushungary.hu\/wp-content\/uploads\/2020\/09\/novociti.png\" class=\"attachment-large size-large wp-image-260\" alt=\"\" \/>\t\t\t\t\t\t\t\t\t\t\t\t\t\t\t<\/div>\n\t\t\t\t<\/div>\n\t\t\t\t\t<\/div>\n\t\t<\/div>\n\t\t\t\t\t<\/div>\n\t\t<\/section>\n\t\t\t\t\t<\/div>\n\t\t<\/div>\n\t\t\t\t\t<\/div>\n\t\t<\/section>\n\t\t\t\t<section class=\"elementor-section elementor-top-section elementor-element elementor-element-7b5f727c elementor-section-boxed elementor-section-height-default elementor-section-height-default\" data-id=\"7b5f727c\" data-element_type=\"section\">\n\t\t\t\t\t\t<div class=\"elementor-container elementor-column-gap-default\">\n\t\t\t\t\t<div class=\"elementor-column elementor-col-100 elementor-top-column elementor-element elementor-element-3ca9f0d8\" data-id=\"3ca9f0d8\" data-element_type=\"column\">\n\t\t\t<div class=\"elementor-widget-wrap elementor-element-populated\">\n\t\t\t\t\t\t<div class=\"elementor-element elementor-element-272e3d88 elementor-widget elementor-widget-heading\" data-id=\"272e3d88\" data-element_type=\"widget\" data-widget_type=\"heading.default\">\n\t\t\t\t<div class=\"elementor-widget-container\">\n\t\t\t\t\t<h2 class=\"elementor-heading-title elementor-size-default\">Gal\u00e9ria<\/h2>\t\t\t\t<\/div>\n\t\t\t\t<\/div>\n\t\t\t\t<div class=\"elementor-element elementor-element-f587de0 elementor-pagination-position-inside elementor-arrows-position-inside elementor-widget elementor-widget-image-carousel\" data-id=\"f587de0\" data-element_type=\"widget\" data-settings=\"{&quot;slides_to_show&quot;:&quot;1&quot;,&quot;navigation&quot;:&quot;both&quot;,&quot;autoplay&quot;:&quot;yes&quot;,&quot;pause_on_hover&quot;:&quot;yes&quot;,&quot;pause_on_interaction&quot;:&quot;yes&quot;,&quot;autoplay_speed&quot;:5000,&quot;infinite&quot;:&quot;yes&quot;,&quot;effect&quot;:&quot;slide&quot;,&quot;speed&quot;:500}\" data-widget_type=\"image-carousel.default\">\n\t\t\t\t<div class=\"elementor-widget-container\">\n\t\t\t\t\t\t\t<div class=\"elementor-image-carousel-wrapper swiper\" role=\"region\" aria-roledescription=\"carousel\" aria-label=\"Image Carousel\" dir=\"ltr\">\n\t\t\t<div class=\"elementor-image-carousel swiper-wrapper swiper-image-stretch\" aria-live=\"off\">\n\t\t\t\t\t\t\t\t<div class=\"swiper-slide\" role=\"group\" aria-roledescription=\"slide\" aria-label=\"1 of 5\"><figure class=\"swiper-slide-inner\"><img decoding=\"async\" class=\"swiper-slide-image\" src=\"https:\/\/isuzubushungary.hu\/wp-content\/uploads\/2020\/09\/novociti-01n-1024x515.jpg\" alt=\"novociti-01n\" \/><\/figure><\/div><div class=\"swiper-slide\" role=\"group\" aria-roledescription=\"slide\" aria-label=\"2 of 5\"><figure class=\"swiper-slide-inner\"><img decoding=\"async\" class=\"swiper-slide-image\" src=\"https:\/\/isuzubushungary.hu\/wp-content\/uploads\/2020\/09\/novociti-02n-1024x515.jpg\" alt=\"novociti-02n\" \/><\/figure><\/div><div class=\"swiper-slide\" role=\"group\" aria-roledescription=\"slide\" aria-label=\"3 of 5\"><figure class=\"swiper-slide-inner\"><img decoding=\"async\" class=\"swiper-slide-image\" src=\"https:\/\/isuzubushungary.hu\/wp-content\/uploads\/2020\/09\/novociti-03n-1024x515.jpg\" alt=\"novociti-03n\" \/><\/figure><\/div><div class=\"swiper-slide\" role=\"group\" aria-roledescription=\"slide\" aria-label=\"4 of 5\"><figure class=\"swiper-slide-inner\"><img decoding=\"async\" class=\"swiper-slide-image\" src=\"https:\/\/isuzubushungary.hu\/wp-content\/uploads\/2020\/09\/novociti-04n-1024x515.jpg\" alt=\"novociti-04n\" \/><\/figure><\/div><div class=\"swiper-slide\" role=\"group\" aria-roledescription=\"slide\" aria-label=\"5 of 5\"><figure class=\"swiper-slide-inner\"><img decoding=\"async\" class=\"swiper-slide-image\" src=\"https:\/\/isuzubushungary.hu\/wp-content\/uploads\/2020\/09\/novociti-05n-1024x515.jpg\" alt=\"novociti-05n\" \/><\/figure><\/div>\t\t\t<\/div>\n\t\t\t\t\t\t\t\t\t\t\t\t<div class=\"elementor-swiper-button elementor-swiper-button-prev\" role=\"button\" tabindex=\"0\">\n\t\t\t\t\t\t<i aria-hidden=\"true\" class=\"eicon-chevron-left\"><\/i>\t\t\t\t\t<\/div>\n\t\t\t\t\t<div class=\"elementor-swiper-button elementor-swiper-button-next\" role=\"button\" tabindex=\"0\">\n\t\t\t\t\t\t<i aria-hidden=\"true\" class=\"eicon-chevron-right\"><\/i>\t\t\t\t\t<\/div>\n\t\t\t\t\n\t\t\t\t\t\t\t\t\t<div class=\"swiper-pagination\"><\/div>\n\t\t\t\t\t\t\t\t\t<\/div>\n\t\t\t\t\t\t<\/div>\n\t\t\t\t<\/div>\n\t\t\t\t\t<\/div>\n\t\t<\/div>\n\t\t\t\t\t<\/div>\n\t\t<\/section>\n\t\t\t\t<section class=\"elementor-section elementor-top-section elementor-element elementor-element-11ac5b elementor-section-boxed elementor-section-height-default elementor-section-height-default\" data-id=\"11ac5b\" data-element_type=\"section\">\n\t\t\t\t\t\t<div class=\"elementor-container elementor-column-gap-default\">\n\t\t\t\t\t<div class=\"elementor-column elementor-col-100 elementor-top-column elementor-element elementor-element-4278ab2d\" data-id=\"4278ab2d\" data-element_type=\"column\">\n\t\t\t<div class=\"elementor-widget-wrap elementor-element-populated\">\n\t\t\t\t\t\t<div class=\"elementor-element elementor-element-1ac0ef22 elementor-widget elementor-widget-heading\" data-id=\"1ac0ef22\" data-element_type=\"widget\" data-widget_type=\"heading.default\">\n\t\t\t\t<div class=\"elementor-widget-container\">\n\t\t\t\t\t<h2 class=\"elementor-heading-title elementor-size-default\">M\u0171szaki le\u00edr\u00e1s<\/h2>\t\t\t\t<\/div>\n\t\t\t\t<\/div>\n\t\t\t\t\t<\/div>\n\t\t<\/div>\n\t\t\t\t\t<\/div>\n\t\t<\/section>\n\t\t\t\t<section class=\"elementor-section elementor-top-section elementor-element elementor-element-32d89cfb elementor-section-boxed elementor-section-height-default elementor-section-height-default\" data-id=\"32d89cfb\" data-element_type=\"section\">\n\t\t\t\t\t\t<div class=\"elementor-container elementor-column-gap-default\">\n\t\t\t\t\t<div class=\"elementor-column elementor-col-100 elementor-top-column elementor-element elementor-element-17a5082b\" data-id=\"17a5082b\" data-element_type=\"column\">\n\t\t\t<div class=\"elementor-widget-wrap elementor-element-populated\">\n\t\t\t\t\t\t<section class=\"elementor-section elementor-inner-section elementor-element elementor-element-68a8abc6 elementor-section-boxed elementor-section-height-default elementor-section-height-default\" data-id=\"68a8abc6\" data-element_type=\"section\">\n\t\t\t\t\t\t<div class=\"elementor-container elementor-column-gap-default\">\n\t\t\t\t\t<div class=\"elementor-column elementor-col-100 elementor-inner-column elementor-element elementor-element-4a1e9501\" data-id=\"4a1e9501\" data-element_type=\"column\">\n\t\t\t<div class=\"elementor-widget-wrap elementor-element-populated\">\n\t\t\t\t\t\t<div class=\"elementor-element elementor-element-5eafa24 elementor-widget elementor-widget-text-editor\" data-id=\"5eafa24\" data-element_type=\"widget\" data-widget_type=\"text-editor.default\">\n\t\t\t\t<div class=\"elementor-widget-container\">\n\t\t\t\t\t\t\t\t\t<p>M\u00e9retek<\/p>\t\t\t\t\t\t\t\t<\/div>\n\t\t\t\t<\/div>\n\t\t\t\t<div class=\"elementor-element elementor-element-45e06534 elementor-widget elementor-widget-text-editor\" data-id=\"45e06534\" data-element_type=\"widget\" data-widget_type=\"text-editor.default\">\n\t\t\t\t<div class=\"elementor-widget-container\">\n\t\t\t\t\t\t\t\t\t<table width=\"639\"><tbody><tr><td width=\"248\">Hossz\u00fas\u00e1g \/ sz\u00e9less\u00e9g \/ magass\u00e1g (mm)<\/td><td width=\"391\">7305 \/ 2282 \/ 3350<\/td><\/tr><tr><td>Tengelyt\u00e1v (mm)<\/td><td>3385<\/td><\/tr><tr><td>Els\u0151 kiny\u00fal\u00e1s \/ h\u00e1ts\u00f3 kiny\u00fal\u00e1s (mm)<\/td><td>1650 \/ 2270<\/td><\/tr><tr><td>Befogad\u00f3k\u00e9pess\u00e9g (f\u0151)<\/td><td>23-29 + 1<\/td><\/tr><\/tbody><\/table>\t\t\t\t\t\t\t\t<\/div>\n\t\t\t\t<\/div>\n\t\t\t\t\t<\/div>\n\t\t<\/div>\n\t\t\t\t\t<\/div>\n\t\t<\/section>\n\t\t\t\t<section class=\"elementor-section elementor-inner-section elementor-element elementor-element-61c94910 elementor-section-boxed elementor-section-height-default elementor-section-height-default\" data-id=\"61c94910\" data-element_type=\"section\">\n\t\t\t\t\t\t<div class=\"elementor-container elementor-column-gap-default\">\n\t\t\t\t\t<div class=\"elementor-column elementor-col-100 elementor-inner-column elementor-element elementor-element-5e50ef52\" data-id=\"5e50ef52\" data-element_type=\"column\">\n\t\t\t<div class=\"elementor-widget-wrap elementor-element-populated\">\n\t\t\t\t\t\t<div class=\"elementor-element elementor-element-532b6455 elementor-widget elementor-widget-text-editor\" data-id=\"532b6455\" data-element_type=\"widget\" data-widget_type=\"text-editor.default\">\n\t\t\t\t<div class=\"elementor-widget-container\">\n\t\t\t\t\t\t\t\t\t<p>Motor<\/p>\t\t\t\t\t\t\t\t<\/div>\n\t\t\t\t<\/div>\n\t\t\t\t<div class=\"elementor-element elementor-element-5d662584 elementor-widget elementor-widget-text-editor\" data-id=\"5d662584\" data-element_type=\"widget\" data-widget_type=\"text-editor.default\">\n\t\t\t\t<div class=\"elementor-widget-container\">\n\t\t\t\t\t\t\t\t\t<table width=\"639\"><tbody><tr><td width=\"248\">Gy\u00e1rt\u00f3<\/td><td width=\"391\">ISUZU<\/td><\/tr><tr><td>Modell<\/td><td>4HK1E6C\u00a0<\/td><\/tr><tr><td>Kibocs\u00e1t\u00e1s<\/td><td>Euro6<\/td><\/tr><tr><td>Hengerek sz\u00e1ma<\/td><td>4<\/td><\/tr><tr><td>Henger\u0171rtartalom (cm3)<\/td><td>5193<\/td><\/tr><tr><td>Maxim\u00e1lis teljes\u00edtm\u00e9ny (kW\/ford)<\/td><td>140 \/ 2600<\/td><\/tr><tr><td>Maxim\u00e1lis nyomat\u00e9k (Nm\/ford)<\/td><td>510 \/ 1600-2800<\/td><\/tr><\/tbody><\/table>\t\t\t\t\t\t\t\t<\/div>\n\t\t\t\t<\/div>\n\t\t\t\t\t<\/div>\n\t\t<\/div>\n\t\t\t\t\t<\/div>\n\t\t<\/section>\n\t\t\t\t<section class=\"elementor-section elementor-inner-section elementor-element elementor-element-6a5f98c8 elementor-section-boxed elementor-section-height-default elementor-section-height-default\" data-id=\"6a5f98c8\" data-element_type=\"section\">\n\t\t\t\t\t\t<div class=\"elementor-container elementor-column-gap-default\">\n\t\t\t\t\t<div class=\"elementor-column elementor-col-100 elementor-inner-column elementor-element elementor-element-113969fa\" data-id=\"113969fa\" data-element_type=\"column\">\n\t\t\t<div class=\"elementor-widget-wrap elementor-element-populated\">\n\t\t\t\t\t\t<div class=\"elementor-element elementor-element-7178765d elementor-widget elementor-widget-text-editor\" data-id=\"7178765d\" data-element_type=\"widget\" data-widget_type=\"text-editor.default\">\n\t\t\t\t<div class=\"elementor-widget-container\">\n\t\t\t\t\t\t\t\t\t<p>Jellemz\u0151k<\/p>\t\t\t\t\t\t\t\t<\/div>\n\t\t\t\t<\/div>\n\t\t\t\t<div class=\"elementor-element elementor-element-3133d1e1 elementor-widget elementor-widget-text-editor\" data-id=\"3133d1e1\" data-element_type=\"widget\" data-widget_type=\"text-editor.default\">\n\t\t\t\t<div class=\"elementor-widget-container\">\n\t\t\t\t\t\t\t\t\t<table width=\"639\"><tbody><tr><td width=\"248\">Kapaszkod\u00f3k\u00e9pess\u00e9g<\/td><td width=\"391\">31,9%<\/td><\/tr><tr><td>Minim\u00e1lis fordul\u00f3k\u00f6r sug\u00e1r<\/td><td>6450 mm<\/td><\/tr><tr><td>\u00dczemanyagtart\u00e1ly kapacit\u00e1sa<\/td><td>150 liter<\/td><\/tr><tr><td>Csomagt\u00e9r kapacit\u00e1sa<\/td><td>3,8 m<sup>3<\/sup><\/td><\/tr><\/tbody><\/table>\t\t\t\t\t\t\t\t<\/div>\n\t\t\t\t<\/div>\n\t\t\t\t\t<\/div>\n\t\t<\/div>\n\t\t\t\t\t<\/div>\n\t\t<\/section>\n\t\t\t\t<section class=\"elementor-section elementor-inner-section elementor-element elementor-element-7390aa23 elementor-section-boxed elementor-section-height-default elementor-section-height-default\" data-id=\"7390aa23\" data-element_type=\"section\">\n\t\t\t\t\t\t<div class=\"elementor-container elementor-column-gap-default\">\n\t\t\t\t\t<div class=\"elementor-column elementor-col-100 elementor-inner-column elementor-element elementor-element-464f0e2d\" data-id=\"464f0e2d\" data-element_type=\"column\">\n\t\t\t<div class=\"elementor-widget-wrap elementor-element-populated\">\n\t\t\t\t\t\t<div class=\"elementor-element elementor-element-1249f5c9 elementor-widget elementor-widget-text-editor\" data-id=\"1249f5c9\" data-element_type=\"widget\" data-widget_type=\"text-editor.default\">\n\t\t\t\t<div class=\"elementor-widget-container\">\n\t\t\t\t\t\t\t\t\t<p>G\u00e9p\u00e9szet<\/p>\t\t\t\t\t\t\t\t<\/div>\n\t\t\t\t<\/div>\n\t\t\t\t<div class=\"elementor-element elementor-element-2dd5240e elementor-widget elementor-widget-text-editor\" data-id=\"2dd5240e\" data-element_type=\"widget\" data-widget_type=\"text-editor.default\">\n\t\t\t\t<div class=\"elementor-widget-container\">\n\t\t\t\t\t\t\t\t\t<table width=\"639\"><tbody><tr><td width=\"248\">Sebess\u00e9gv\u00e1lt\u00f3<\/td><td width=\"391\">ISUZU MZZ-6F<\/td><\/tr><tr><td>Tengelykapcsol\u00f3<\/td><td>sz\u00e1raz<\/td><\/tr><tr><td>F\u00e9k<\/td><td>t\u00e1rcsaf\u00e9k (el\u0151l\/h\u00e1tul), EBS, ESC, ABS, ASR<\/td><\/tr><tr><td>Felf\u00fcggeszt\u00e9s<\/td><td>laprug\u00f3s mindk\u00e9t tengelyen<\/td><\/tr><tr><td>Korm\u00e1nym\u0171<\/td><td>hidraulikus<\/td><\/tr><tr><td>Gumiabroncs<\/td><td>215\/75 R17,5<\/td><\/tr><\/tbody><\/table>\t\t\t\t\t\t\t\t<\/div>\n\t\t\t\t<\/div>\n\t\t\t\t\t<\/div>\n\t\t<\/div>\n\t\t\t\t\t<\/div>\n\t\t<\/section>\n\t\t\t\t<section class=\"elementor-section elementor-inner-section elementor-element elementor-element-12f032d7 elementor-section-boxed elementor-section-height-default elementor-section-height-default\" data-id=\"12f032d7\" data-element_type=\"section\">\n\t\t\t\t\t\t<div class=\"elementor-container elementor-column-gap-default\">\n\t\t\t\t\t<div class=\"elementor-column elementor-col-100 elementor-inner-column elementor-element elementor-element-3fbb9c87\" data-id=\"3fbb9c87\" data-element_type=\"column\">\n\t\t\t<div class=\"elementor-widget-wrap elementor-element-populated\">\n\t\t\t\t\t\t<div class=\"elementor-element elementor-element-2ddfdd24 elementor-widget elementor-widget-text-editor\" data-id=\"2ddfdd24\" data-element_type=\"widget\" data-widget_type=\"text-editor.default\">\n\t\t\t\t<div class=\"elementor-widget-container\">\n\t\t\t\t\t\t\t\t\t<p>Fel\u00e9p\u00edtm\u00e9ny<\/p>\t\t\t\t\t\t\t\t<\/div>\n\t\t\t\t<\/div>\n\t\t\t\t<div class=\"elementor-element elementor-element-589db5b0 elementor-widget elementor-widget-text-editor\" data-id=\"589db5b0\" data-element_type=\"widget\" data-widget_type=\"text-editor.default\">\n\t\t\t\t<div class=\"elementor-widget-container\">\n\t\t\t\t\t\t\t\t\t<table width=\"639\"><tbody><tr><td width=\"248\">Vezet\u0151\u00fcl\u00e9s<\/td><td width=\"391\">L\u00e9grug\u00f3s, 3 pontos biztons\u00e1gi \u00f6vvel<\/td><\/tr><tr><td>Utas\u00fcl\u00e9sek<\/td><td>sz\u00f6vet bor\u00edt\u00e1s\u00fa utas\u00fcl\u00e9sek<\/td><\/tr><tr><td>Utasajt\u00f3k<\/td><td>Els\u0151 \u00e9s h\u00e1ts\u00f3 ajt\u00f3 t\u00e1vkapcsol\u00f3val m\u0171k\u00f6dtethet\u0151, k\u00fcls\u0151 bolyg\u00f3<\/td><\/tr><tr><td>Csomagt\u00e9ri ajt\u00f3k<\/td><td>K\u00e9zi m\u0171k\u00f6dtet\u00e9s\u0171 felnyithat\u00f3<\/td><\/tr><tr><td>Oldalablakok<\/td><td>Szimpla, sz\u00ednezett oldal\u00fcvegek<\/td><\/tr><tr><td>Visszapillant\u00f3 t\u00fckr\u00f6k<\/td><td>elektromos panor\u00e1mat\u00fck\u00f6r p\u00e1ramentes\u00edt\u0151vel<\/td><\/tr><tr><td>Kalaptart\u00f3<\/td><td>olvas\u00f3l\u00e1mp\u00e1val, l\u00e9gbef\u00fav\u00f3val szerelt kalaptart\u00f3<\/td><\/tr><\/tbody><\/table>\t\t\t\t\t\t\t\t<\/div>\n\t\t\t\t<\/div>\n\t\t\t\t\t<\/div>\n\t\t<\/div>\n\t\t\t\t\t<\/div>\n\t\t<\/section>\n\t\t\t\t<section class=\"elementor-section elementor-inner-section elementor-element elementor-element-62392e7b elementor-section-boxed elementor-section-height-default elementor-section-height-default\" data-id=\"62392e7b\" data-element_type=\"section\">\n\t\t\t\t\t\t<div class=\"elementor-container elementor-column-gap-default\">\n\t\t\t\t\t<div class=\"elementor-column elementor-col-100 elementor-inner-column elementor-element elementor-element-3f5bdcc0\" data-id=\"3f5bdcc0\" data-element_type=\"column\">\n\t\t\t<div class=\"elementor-widget-wrap elementor-element-populated\">\n\t\t\t\t\t\t<div class=\"elementor-element elementor-element-32c804ab elementor-widget elementor-widget-text-editor\" data-id=\"32c804ab\" data-element_type=\"widget\" data-widget_type=\"text-editor.default\">\n\t\t\t\t<div class=\"elementor-widget-container\">\n\t\t\t\t\t\t\t\t\t<p>Elektromos eszk\u00f6z\u00f6k<\/p>\t\t\t\t\t\t\t\t<\/div>\n\t\t\t\t<\/div>\n\t\t\t\t<div class=\"elementor-element elementor-element-33ae7b8d elementor-widget elementor-widget-text-editor\" data-id=\"33ae7b8d\" data-element_type=\"widget\" data-widget_type=\"text-editor.default\">\n\t\t\t\t<div class=\"elementor-widget-container\">\n\t\t\t\t\t\t\t\t\t<table width=\"639\"><tbody><tr><td width=\"248\">L\u00e9gkond\u00edcion\u00e1l\u00f3<\/td><td width=\"391\">digit\u00e1lis kl\u00edma, friss leveg\u0151 bet\u00e1pl\u00e1l\u00e1ssal<\/td><\/tr><tr><td>F\u0171t\u00e9srendszer<\/td><td>vonali radi\u00e1torokkal<\/td><\/tr><tr><td>Hangtechnika<\/td><td>r\u00e1di\u00f3\/CD lej\u00e1tsz\u00f3, egy\u00e9ni hangsz\u00f3r\u00f3k<\/td><\/tr><tr><td>Utast\u00e1j\u00e9koztat\u00e1s<\/td><td>Mikrofon, er\u0151s\u00edt\u0151<\/td><\/tr><\/tbody><\/table>\t\t\t\t\t\t\t\t<\/div>\n\t\t\t\t<\/div>\n\t\t\t\t\t<\/div>\n\t\t<\/div>\n\t\t\t\t\t<\/div>\n\t\t<\/section>\n\t\t\t\t\t<\/div>\n\t\t<\/div>\n\t\t\t\t\t<\/div>\n\t\t<\/section>\n\t\t\t\t<\/div>","protected":false},"excerpt":{"rendered":"<p>NOVOCITI NOVOCITI \u00fagy tervezt\u00e9k, hogy ide\u00e1lis megold\u00e1s legyen a t\u00f6bb tranzit\u00faton m\u0171k\u00f6d\u0151 kistelep\u00fcl\u00e9sek sz\u00e1m\u00e1ra, ide\u00e9rtve a kisebb lakoss\u00e1g\u00fa el\u0151v\u00e1rosi ter\u00fcleteket is. A NovoCiti belsej\u00e9t \u00fagy tervezt\u00e9k, hogy maxim\u00e1lis k\u00e9nyelmet biztos\u00edtson az utasoknak r\u00f6vid utaz\u00e1s sor\u00e1n. A k\u00fcls\u0151 ajt\u00f3 fel\u00e9 ny\u00edl\u00f3 k\u00e9tsz\u00e1rny\u00fa ajt\u00f3k gyors \u00e9s k\u00f6nny\u0171 hozz\u00e1f\u00e9r\u00e9st biztos\u00edtanak a j\u00e1rm\u0171h\u00f6z. Katal\u00f3gus let\u00f6lt\u00e9se (PDF) Gal\u00e9ria El\u0151z\u0151 K\u00f6vetkez\u0151 [&hellip;]<\/p>","protected":false},"author":1,"featured_media":0,"parent":0,"menu_order":0,"comment_status":"closed","ping_status":"closed","template":"","meta":{"_acf_changed":false,"footnotes":""},"class_list":["post-186","page","type-page","status-publish","hentry"],"acf":[],"_links":{"self":[{"href":"https:\/\/isuzubushungary.hu\/en\/wp-json\/wp\/v2\/pages\/186","targetHints":{"allow":["GET"]}}],"collection":[{"href":"https:\/\/isuzubushungary.hu\/en\/wp-json\/wp\/v2\/pages"}],"about":[{"href":"https:\/\/isuzubushungary.hu\/en\/wp-json\/wp\/v2\/types\/page"}],"author":[{"embeddable":true,"href":"https:\/\/isuzubushungary.hu\/en\/wp-json\/wp\/v2\/users\/1"}],"replies":[{"embeddable":true,"href":"https:\/\/isuzubushungary.hu\/en\/wp-json\/wp\/v2\/comments?post=186"}],"version-history":[{"count":3,"href":"https:\/\/isuzubushungary.hu\/en\/wp-json\/wp\/v2\/pages\/186\/revisions"}],"predecessor-version":[{"id":551,"href":"https:\/\/isuzubushungary.hu\/en\/wp-json\/wp\/v2\/pages\/186\/revisions\/551"}],"wp:attachment":[{"href":"https:\/\/isuzubushungary.hu\/en\/wp-json\/wp\/v2\/media?parent=186"}],"curies":[{"name":"wp","href":"https:\/\/api.w.org\/{rel}","templated":true}]}}