{"id":187,"date":"2020-08-21T13:02:08","date_gmt":"2020-08-21T13:02:08","guid":{"rendered":"https:\/\/isuzubushungary.hu\/?page_id=187"},"modified":"2020-11-05T19:28:11","modified_gmt":"2020-11-05T19:28:11","slug":"citibus","status":"publish","type":"page","link":"https:\/\/isuzubushungary.hu\/en\/citibus\/","title":{"rendered":"Citibus"},"content":{"rendered":"<div data-elementor-type=\"wp-page\" data-elementor-id=\"187\" class=\"elementor elementor-187\" data-elementor-post-type=\"page\">\n\t\t\t\t\t\t<section class=\"elementor-section elementor-top-section elementor-element elementor-element-5add55f8 elementor-section-boxed elementor-section-height-default elementor-section-height-default\" data-id=\"5add55f8\" data-element_type=\"section\" data-settings=\"{&quot;background_background&quot;:&quot;classic&quot;}\">\n\t\t\t\t\t\t<div class=\"elementor-container elementor-column-gap-default\">\n\t\t\t\t\t<div class=\"elementor-column elementor-col-100 elementor-top-column elementor-element elementor-element-2eb78357\" data-id=\"2eb78357\" data-element_type=\"column\">\n\t\t\t<div class=\"elementor-widget-wrap elementor-element-populated\">\n\t\t\t\t\t\t<div class=\"elementor-element elementor-element-6605b2cc elementor-widget elementor-widget-heading\" data-id=\"6605b2cc\" data-element_type=\"widget\" data-widget_type=\"heading.default\">\n\t\t\t\t<div class=\"elementor-widget-container\">\n\t\t\t\t\t<h2 class=\"elementor-heading-title elementor-size-default\">CITIBUS<\/h2>\t\t\t\t<\/div>\n\t\t\t\t<\/div>\n\t\t\t\t\t<\/div>\n\t\t<\/div>\n\t\t\t\t\t<\/div>\n\t\t<\/section>\n\t\t\t\t<section class=\"elementor-section elementor-top-section elementor-element elementor-element-460597a2 elementor-section-full_width elementor-section-height-default elementor-section-height-default\" data-id=\"460597a2\" data-element_type=\"section\" data-settings=\"{&quot;background_background&quot;:&quot;classic&quot;}\">\n\t\t\t\t\t\t<div class=\"elementor-container elementor-column-gap-default\">\n\t\t\t\t\t<div class=\"elementor-column elementor-col-100 elementor-top-column elementor-element elementor-element-7df2a66f\" data-id=\"7df2a66f\" data-element_type=\"column\">\n\t\t\t<div class=\"elementor-widget-wrap elementor-element-populated\">\n\t\t\t\t\t\t<div class=\"elementor-element elementor-element-3de9486c elementor-widget elementor-widget-image\" data-id=\"3de9486c\" data-element_type=\"widget\" data-widget_type=\"image.default\">\n\t\t\t\t<div class=\"elementor-widget-container\">\n\t\t\t\t\t\t\t\t\t\t\t\t\t\t\t<img fetchpriority=\"high\" decoding=\"async\" width=\"800\" height=\"409\" src=\"https:\/\/isuzubushungary.hu\/wp-content\/uploads\/2020\/09\/citibus-1.png\" class=\"attachment-large size-large wp-image-385\" alt=\"\" srcset=\"https:\/\/isuzubushungary.hu\/wp-content\/uploads\/2020\/09\/citibus-1.png 801w, https:\/\/isuzubushungary.hu\/wp-content\/uploads\/2020\/09\/citibus-1-600x307.png 600w, https:\/\/isuzubushungary.hu\/wp-content\/uploads\/2020\/09\/citibus-1-300x154.png 300w, https:\/\/isuzubushungary.hu\/wp-content\/uploads\/2020\/09\/citibus-1-768x393.png 768w\" sizes=\"(max-width: 800px) 100vw, 800px\" \/>\t\t\t\t\t\t\t\t\t\t\t\t\t\t\t<\/div>\n\t\t\t\t<\/div>\n\t\t\t\t\t<\/div>\n\t\t<\/div>\n\t\t\t\t\t<\/div>\n\t\t<\/section>\n\t\t\t\t<section class=\"elementor-section elementor-top-section elementor-element elementor-element-70818142 elementor-section-boxed elementor-section-height-default elementor-section-height-default\" data-id=\"70818142\" data-element_type=\"section\" data-settings=\"{&quot;background_background&quot;:&quot;classic&quot;}\">\n\t\t\t\t\t\t<div class=\"elementor-container elementor-column-gap-default\">\n\t\t\t\t\t<div class=\"elementor-column elementor-col-100 elementor-top-column elementor-element elementor-element-326504a1\" data-id=\"326504a1\" data-element_type=\"column\">\n\t\t\t<div class=\"elementor-widget-wrap elementor-element-populated\">\n\t\t\t\t\t\t<section class=\"elementor-section elementor-inner-section elementor-element elementor-element-ef994ee elementor-section-boxed elementor-section-height-default elementor-section-height-default\" data-id=\"ef994ee\" data-element_type=\"section\">\n\t\t\t\t\t\t<div class=\"elementor-container elementor-column-gap-default\">\n\t\t\t\t\t<div class=\"elementor-column elementor-col-25 elementor-inner-column elementor-element elementor-element-33d9ba9d\" data-id=\"33d9ba9d\" data-element_type=\"column\">\n\t\t\t<div class=\"elementor-widget-wrap elementor-element-populated\">\n\t\t\t\t\t\t<div class=\"elementor-element elementor-element-f74b237 elementor-widget elementor-widget-heading\" data-id=\"f74b237\" data-element_type=\"widget\" data-widget_type=\"heading.default\">\n\t\t\t\t<div class=\"elementor-widget-container\">\n\t\t\t\t\t<h2 class=\"elementor-heading-title elementor-size-default\">CITIBUS<\/h2>\t\t\t\t<\/div>\n\t\t\t\t<\/div>\n\t\t\t\t<div class=\"elementor-element elementor-element-5f502b6 elementor-widget elementor-widget-text-editor\" data-id=\"5f502b6\" data-element_type=\"widget\" data-widget_type=\"text-editor.default\">\n\t\t\t\t<div class=\"elementor-widget-container\">\n\t\t\t\t\t\t\t\t\t<p>szegmens\u00e9nek legnagyobb, leghosszabb \u00e9s legnagyobb szem\u00e9lysz\u00e1ll\u00edt\u00f3 aut\u00f3busza. Ez a busz biztos\u00edtja az utasok, a sof\u0151r\u00f6k k\u00e9nyelm\u00e9t \u00e9s a kezel\u0151 sz\u00e1m\u00e1ra a gazdas\u00e1goss\u00e1got az alacsony \u00fczemanyag-fogyaszt\u00e1s miatt.<\/p>\t\t\t\t\t\t\t\t<\/div>\n\t\t\t\t<\/div>\n\t\t\t\t\t<\/div>\n\t\t<\/div>\n\t\t\t\t<div class=\"elementor-column elementor-col-25 elementor-inner-column elementor-element elementor-element-565e46e0\" data-id=\"565e46e0\" data-element_type=\"column\">\n\t\t\t<div class=\"elementor-widget-wrap elementor-element-populated\">\n\t\t\t\t\t\t<div class=\"elementor-element elementor-element-364f2849 elementor-widget elementor-widget-text-editor\" data-id=\"364f2849\" data-element_type=\"widget\" data-widget_type=\"text-editor.default\">\n\t\t\t\t<div class=\"elementor-widget-container\">\n\t\t\t\t\t\t\t\t\t<p>Az alacsony padl\u00f3s Citibus, amelynek 204 LE-s motorja megfelel az Euro 6 k\u00e1rosanyag-kibocs\u00e1t\u00e1si norm\u00e1knak, ABS \u00e9s ASR f\u00e9krendszerek, seg\u00e9dmotorf\u00e9k, els\u0151 \u00e9s h\u00e1ts\u00f3 t\u00e1rcsaf\u00e9kek, megb\u00edzhat\u00f3s\u00e1got k\u00f6lcs\u00f6n\u00f6z vezet\u0151j\u00e9nek \u00e9s utasainak. Ez megb\u00edzhat\u00f3 megold\u00e1s azokon a ter\u00fcleteken, ahol a nagy buszok haszn\u00e1lata kicsi fordul\u00e1si sugara miatt lehetetlenn\u00e9 v\u00e1lik.<\/p>\t\t\t\t\t\t\t\t<\/div>\n\t\t\t\t<\/div>\n\t\t\t\t\t<\/div>\n\t\t<\/div>\n\t\t\t\t<div class=\"elementor-column elementor-col-25 elementor-inner-column elementor-element elementor-element-3a22e79b\" data-id=\"3a22e79b\" data-element_type=\"column\">\n\t\t\t<div class=\"elementor-widget-wrap elementor-element-populated\">\n\t\t\t\t\t\t<div class=\"elementor-element elementor-element-139ed55 elementor-align-center elementor-widget elementor-widget-button\" data-id=\"139ed55\" data-element_type=\"widget\" data-widget_type=\"button.default\">\n\t\t\t\t<div class=\"elementor-widget-container\">\n\t\t\t\t\t\t\t\t\t<div class=\"elementor-button-wrapper\">\n\t\t\t\t\t<a class=\"elementor-button elementor-button-link elementor-size-sm\" href=\"#\">\n\t\t\t\t\t\t<span class=\"elementor-button-content-wrapper\">\n\t\t\t\t\t\t\t\t\t<span class=\"elementor-button-text\">Katal\u00f3gus let\u00f6lt\u00e9se (PDF)<\/span>\n\t\t\t\t\t<\/span>\n\t\t\t\t\t<\/a>\n\t\t\t\t<\/div>\n\t\t\t\t\t\t\t\t<\/div>\n\t\t\t\t<\/div>\n\t\t\t\t\t<\/div>\n\t\t<\/div>\n\t\t\t\t<div class=\"elementor-column elementor-col-25 elementor-inner-column elementor-element elementor-element-47cc349a\" data-id=\"47cc349a\" data-element_type=\"column\">\n\t\t\t<div class=\"elementor-widget-wrap elementor-element-populated\">\n\t\t\t\t\t\t<div class=\"elementor-element elementor-element-1f8c737 elementor-widget elementor-widget-image\" data-id=\"1f8c737\" data-element_type=\"widget\" data-widget_type=\"image.default\">\n\t\t\t\t<div class=\"elementor-widget-container\">\n\t\t\t\t\t\t\t\t\t\t\t\t\t\t\t<img decoding=\"async\" width=\"198\" height=\"219\" src=\"https:\/\/isuzubushungary.hu\/wp-content\/uploads\/2020\/09\/citibus.png\" class=\"attachment-large size-large wp-image-257\" alt=\"\" \/>\t\t\t\t\t\t\t\t\t\t\t\t\t\t\t<\/div>\n\t\t\t\t<\/div>\n\t\t\t\t\t<\/div>\n\t\t<\/div>\n\t\t\t\t\t<\/div>\n\t\t<\/section>\n\t\t\t\t\t<\/div>\n\t\t<\/div>\n\t\t\t\t\t<\/div>\n\t\t<\/section>\n\t\t\t\t<section class=\"elementor-section elementor-top-section elementor-element elementor-element-1d6caac6 elementor-section-boxed elementor-section-height-default elementor-section-height-default\" data-id=\"1d6caac6\" data-element_type=\"section\">\n\t\t\t\t\t\t<div class=\"elementor-container elementor-column-gap-default\">\n\t\t\t\t\t<div class=\"elementor-column elementor-col-100 elementor-top-column elementor-element elementor-element-4aa8502a\" data-id=\"4aa8502a\" data-element_type=\"column\">\n\t\t\t<div class=\"elementor-widget-wrap elementor-element-populated\">\n\t\t\t\t\t\t<div class=\"elementor-element elementor-element-13d2eac0 elementor-widget elementor-widget-heading\" data-id=\"13d2eac0\" data-element_type=\"widget\" data-widget_type=\"heading.default\">\n\t\t\t\t<div class=\"elementor-widget-container\">\n\t\t\t\t\t<h2 class=\"elementor-heading-title elementor-size-default\">Gal\u00e9ria<\/h2>\t\t\t\t<\/div>\n\t\t\t\t<\/div>\n\t\t\t\t<div class=\"elementor-element elementor-element-b3d6f22 elementor-pagination-position-inside elementor-arrows-position-inside elementor-widget elementor-widget-image-carousel\" data-id=\"b3d6f22\" data-element_type=\"widget\" data-settings=\"{&quot;slides_to_show&quot;:&quot;1&quot;,&quot;navigation&quot;:&quot;both&quot;,&quot;autoplay&quot;:&quot;yes&quot;,&quot;pause_on_hover&quot;:&quot;yes&quot;,&quot;pause_on_interaction&quot;:&quot;yes&quot;,&quot;autoplay_speed&quot;:5000,&quot;infinite&quot;:&quot;yes&quot;,&quot;effect&quot;:&quot;slide&quot;,&quot;speed&quot;:500}\" data-widget_type=\"image-carousel.default\">\n\t\t\t\t<div class=\"elementor-widget-container\">\n\t\t\t\t\t\t\t<div class=\"elementor-image-carousel-wrapper swiper\" role=\"region\" aria-roledescription=\"carousel\" aria-label=\"Image Carousel\" dir=\"ltr\">\n\t\t\t<div class=\"elementor-image-carousel swiper-wrapper swiper-image-stretch\" aria-live=\"off\">\n\t\t\t\t\t\t\t\t<div class=\"swiper-slide\" role=\"group\" aria-roledescription=\"slide\" aria-label=\"1 of 6\"><figure class=\"swiper-slide-inner\"><img decoding=\"async\" class=\"swiper-slide-image\" src=\"https:\/\/isuzubushungary.hu\/wp-content\/uploads\/2020\/09\/Citibus7_4.jpg\" alt=\"Citibus7_4\" \/><\/figure><\/div><div class=\"swiper-slide\" role=\"group\" aria-roledescription=\"slide\" aria-label=\"2 of 6\"><figure class=\"swiper-slide-inner\"><img decoding=\"async\" class=\"swiper-slide-image\" src=\"https:\/\/isuzubushungary.hu\/wp-content\/uploads\/2020\/09\/citibus-en-01-1024x515.jpg\" alt=\"citibus-en-01\" \/><\/figure><\/div><div class=\"swiper-slide\" role=\"group\" aria-roledescription=\"slide\" aria-label=\"3 of 6\"><figure class=\"swiper-slide-inner\"><img decoding=\"async\" class=\"swiper-slide-image\" src=\"https:\/\/isuzubushungary.hu\/wp-content\/uploads\/2020\/09\/citibus-en-02-1024x515.jpg\" alt=\"citibus-en-02\" \/><\/figure><\/div><div class=\"swiper-slide\" role=\"group\" aria-roledescription=\"slide\" aria-label=\"4 of 6\"><figure class=\"swiper-slide-inner\"><img decoding=\"async\" class=\"swiper-slide-image\" src=\"https:\/\/isuzubushungary.hu\/wp-content\/uploads\/2020\/09\/citibus-en-03-1024x515.jpg\" alt=\"citibus-en-03\" \/><\/figure><\/div><div class=\"swiper-slide\" role=\"group\" aria-roledescription=\"slide\" aria-label=\"5 of 6\"><figure class=\"swiper-slide-inner\"><img decoding=\"async\" class=\"swiper-slide-image\" src=\"https:\/\/isuzubushungary.hu\/wp-content\/uploads\/2020\/09\/citibus2_1.png\" alt=\"citibus2_1\" \/><\/figure><\/div><div class=\"swiper-slide\" role=\"group\" aria-roledescription=\"slide\" aria-label=\"6 of 6\"><figure class=\"swiper-slide-inner\"><img decoding=\"async\" class=\"swiper-slide-image\" src=\"https:\/\/isuzubushungary.hu\/wp-content\/uploads\/2020\/09\/citibus3_1.png\" alt=\"citibus3_1\" \/><\/figure><\/div>\t\t\t<\/div>\n\t\t\t\t\t\t\t\t\t\t\t\t<div class=\"elementor-swiper-button elementor-swiper-button-prev\" role=\"button\" tabindex=\"0\">\n\t\t\t\t\t\t<i aria-hidden=\"true\" class=\"eicon-chevron-left\"><\/i>\t\t\t\t\t<\/div>\n\t\t\t\t\t<div class=\"elementor-swiper-button elementor-swiper-button-next\" role=\"button\" tabindex=\"0\">\n\t\t\t\t\t\t<i aria-hidden=\"true\" class=\"eicon-chevron-right\"><\/i>\t\t\t\t\t<\/div>\n\t\t\t\t\n\t\t\t\t\t\t\t\t\t<div class=\"swiper-pagination\"><\/div>\n\t\t\t\t\t\t\t\t\t<\/div>\n\t\t\t\t\t\t<\/div>\n\t\t\t\t<\/div>\n\t\t\t\t\t<\/div>\n\t\t<\/div>\n\t\t\t\t\t<\/div>\n\t\t<\/section>\n\t\t\t\t<section class=\"elementor-section elementor-top-section elementor-element elementor-element-5ad24318 elementor-section-boxed elementor-section-height-default elementor-section-height-default\" data-id=\"5ad24318\" data-element_type=\"section\">\n\t\t\t\t\t\t<div class=\"elementor-container elementor-column-gap-default\">\n\t\t\t\t\t<div class=\"elementor-column elementor-col-100 elementor-top-column elementor-element elementor-element-4fe5bc52\" data-id=\"4fe5bc52\" data-element_type=\"column\">\n\t\t\t<div class=\"elementor-widget-wrap elementor-element-populated\">\n\t\t\t\t\t\t<div class=\"elementor-element elementor-element-27173af6 elementor-widget elementor-widget-heading\" data-id=\"27173af6\" data-element_type=\"widget\" data-widget_type=\"heading.default\">\n\t\t\t\t<div class=\"elementor-widget-container\">\n\t\t\t\t\t<h2 class=\"elementor-heading-title elementor-size-default\">M\u0171szaki le\u00edr\u00e1s<\/h2>\t\t\t\t<\/div>\n\t\t\t\t<\/div>\n\t\t\t\t\t<\/div>\n\t\t<\/div>\n\t\t\t\t\t<\/div>\n\t\t<\/section>\n\t\t\t\t<section class=\"elementor-section elementor-top-section elementor-element elementor-element-29f66e1a elementor-section-boxed elementor-section-height-default elementor-section-height-default\" data-id=\"29f66e1a\" data-element_type=\"section\">\n\t\t\t\t\t\t<div class=\"elementor-container elementor-column-gap-default\">\n\t\t\t\t\t<div class=\"elementor-column elementor-col-100 elementor-top-column elementor-element elementor-element-5f3110ee\" data-id=\"5f3110ee\" data-element_type=\"column\">\n\t\t\t<div class=\"elementor-widget-wrap elementor-element-populated\">\n\t\t\t\t\t\t<section class=\"elementor-section elementor-inner-section elementor-element elementor-element-70cf5574 elementor-section-boxed elementor-section-height-default elementor-section-height-default\" data-id=\"70cf5574\" data-element_type=\"section\">\n\t\t\t\t\t\t<div class=\"elementor-container elementor-column-gap-default\">\n\t\t\t\t\t<div class=\"elementor-column elementor-col-100 elementor-inner-column elementor-element elementor-element-69e826ff\" data-id=\"69e826ff\" data-element_type=\"column\">\n\t\t\t<div class=\"elementor-widget-wrap elementor-element-populated\">\n\t\t\t\t\t\t<div class=\"elementor-element elementor-element-1b538f87 elementor-widget elementor-widget-text-editor\" data-id=\"1b538f87\" data-element_type=\"widget\" data-widget_type=\"text-editor.default\">\n\t\t\t\t<div class=\"elementor-widget-container\">\n\t\t\t\t\t\t\t\t\t<p>M\u00e9retek<\/p>\t\t\t\t\t\t\t\t<\/div>\n\t\t\t\t<\/div>\n\t\t\t\t<div class=\"elementor-element elementor-element-477df684 elementor-widget elementor-widget-text-editor\" data-id=\"477df684\" data-element_type=\"widget\" data-widget_type=\"text-editor.default\">\n\t\t\t\t<div class=\"elementor-widget-container\">\n\t\t\t\t\t\t\t\t\t<table width=\"639\">\n<tbody>\n<tr>\n<td>Hossz\u00fas\u00e1g \/ sz\u00e9less\u00e9g \/ magass\u00e1g (mm)<\/td>\n<td>9515\/ 2409 \/ 3117<\/td>\n<\/tr>\n<tr>\n<td>Tengelyt\u00e1v (mm)<\/td>\n<td>44435<\/td>\n<\/tr>\n<tr>\n<td>Kivitel<\/td>\n<td>Monocoach<\/td>\n<\/tr>\n<tr>\n<td>Els\u0151 kiny\u00fal\u00e1s \/ h\u00e1ts\u00f3 kiny\u00fal\u00e1s (mm)<\/td>\n<td>2135 \/ 2945<\/td>\n<\/tr>\n<tr>\n<td>Befogad\u00f3k\u00e9pess\u00e9g (f\u0151)<\/td>\n<td>17 \u00fcl\u0151+ 57 \u00e1ll\u00f3 vagy 25 \u00fcl\u0151+ 44 \u00e1ll\u00f3 vagy 25 \u00fcl\u0151+ 36 \u00e1ll\u00f3+ 1 kerekessz\u00e9k+ 1 sof\u0151r<\/td>\n<\/tr>\n<\/tbody>\n<\/table>\t\t\t\t\t\t\t\t<\/div>\n\t\t\t\t<\/div>\n\t\t\t\t\t<\/div>\n\t\t<\/div>\n\t\t\t\t\t<\/div>\n\t\t<\/section>\n\t\t\t\t<section class=\"elementor-section elementor-inner-section elementor-element elementor-element-37e25f79 elementor-section-boxed elementor-section-height-default elementor-section-height-default\" data-id=\"37e25f79\" data-element_type=\"section\">\n\t\t\t\t\t\t<div class=\"elementor-container elementor-column-gap-default\">\n\t\t\t\t\t<div class=\"elementor-column elementor-col-100 elementor-inner-column elementor-element elementor-element-f989a22\" data-id=\"f989a22\" data-element_type=\"column\">\n\t\t\t<div class=\"elementor-widget-wrap elementor-element-populated\">\n\t\t\t\t\t\t<div class=\"elementor-element elementor-element-5b396b5f elementor-widget elementor-widget-text-editor\" data-id=\"5b396b5f\" data-element_type=\"widget\" data-widget_type=\"text-editor.default\">\n\t\t\t\t<div class=\"elementor-widget-container\">\n\t\t\t\t\t\t\t\t\t<p>Motor<\/p>\t\t\t\t\t\t\t\t<\/div>\n\t\t\t\t<\/div>\n\t\t\t\t<div class=\"elementor-element elementor-element-2c534c36 elementor-widget elementor-widget-text-editor\" data-id=\"2c534c36\" data-element_type=\"widget\" data-widget_type=\"text-editor.default\">\n\t\t\t\t<div class=\"elementor-widget-container\">\n\t\t\t\t\t\t\t\t\t<table width=\"639\"><tbody><tr><td width=\"248\">Gy\u00e1rt\u00f3<\/td><td width=\"391\">Cummins<\/td><\/tr><tr><td>Modell<\/td><td>ISB4.5E6 210B<\/td><\/tr><tr><td>Kibocs\u00e1t\u00e1s<\/td><td>Euro6<\/td><\/tr><tr><td>Hengerek sz\u00e1ma<\/td><td>4<\/td><\/tr><tr><td>Henger\u0171rtartalom (cm3)<\/td><td>4500<\/td><\/tr><tr><td>Maxim\u00e1lis teljes\u00edtm\u00e9ny (kW\/ford)<\/td><td>213 \/ 2300<\/td><\/tr><tr><td>Maxim\u00e1lis nyomat\u00e9k (Nm\/ford)<\/td><td>760 \/ 1400<\/td><\/tr><\/tbody><\/table>\t\t\t\t\t\t\t\t<\/div>\n\t\t\t\t<\/div>\n\t\t\t\t\t<\/div>\n\t\t<\/div>\n\t\t\t\t\t<\/div>\n\t\t<\/section>\n\t\t\t\t<section class=\"elementor-section elementor-inner-section elementor-element elementor-element-48b5350f elementor-section-boxed elementor-section-height-default elementor-section-height-default\" data-id=\"48b5350f\" data-element_type=\"section\">\n\t\t\t\t\t\t<div class=\"elementor-container elementor-column-gap-default\">\n\t\t\t\t\t<div class=\"elementor-column elementor-col-100 elementor-inner-column elementor-element elementor-element-f3440de\" data-id=\"f3440de\" data-element_type=\"column\">\n\t\t\t<div class=\"elementor-widget-wrap elementor-element-populated\">\n\t\t\t\t\t\t<div class=\"elementor-element elementor-element-3c8e3a0e elementor-widget elementor-widget-text-editor\" data-id=\"3c8e3a0e\" data-element_type=\"widget\" data-widget_type=\"text-editor.default\">\n\t\t\t\t<div class=\"elementor-widget-container\">\n\t\t\t\t\t\t\t\t\t<p>Jellemz\u0151k<\/p>\t\t\t\t\t\t\t\t<\/div>\n\t\t\t\t<\/div>\n\t\t\t\t<div class=\"elementor-element elementor-element-4f129a38 elementor-widget elementor-widget-text-editor\" data-id=\"4f129a38\" data-element_type=\"widget\" data-widget_type=\"text-editor.default\">\n\t\t\t\t<div class=\"elementor-widget-container\">\n\t\t\t\t\t\t\t\t\t<table width=\"639\">\n<tbody>\n<tr>\n<td width=\"248\">Minim\u00e1lis fordul\u00f3k\u00f6r sug\u00e1r<\/td>\n<td width=\"391\">6960 mm<\/td>\n<\/tr>\n<tr>\n<td>\u00dczemanyagtart\u00e1ly kapacit\u00e1sa (liter)<\/td>\n<td>215<\/td>\n<\/tr>\n<\/tbody>\n<\/table>\t\t\t\t\t\t\t\t<\/div>\n\t\t\t\t<\/div>\n\t\t\t\t\t<\/div>\n\t\t<\/div>\n\t\t\t\t\t<\/div>\n\t\t<\/section>\n\t\t\t\t<section class=\"elementor-section elementor-inner-section elementor-element elementor-element-62a80505 elementor-section-boxed elementor-section-height-default elementor-section-height-default\" data-id=\"62a80505\" data-element_type=\"section\">\n\t\t\t\t\t\t<div class=\"elementor-container elementor-column-gap-default\">\n\t\t\t\t\t<div class=\"elementor-column elementor-col-100 elementor-inner-column elementor-element elementor-element-78f07fe1\" data-id=\"78f07fe1\" data-element_type=\"column\">\n\t\t\t<div class=\"elementor-widget-wrap elementor-element-populated\">\n\t\t\t\t\t\t<div class=\"elementor-element elementor-element-62bf1f0 elementor-widget elementor-widget-text-editor\" data-id=\"62bf1f0\" data-element_type=\"widget\" data-widget_type=\"text-editor.default\">\n\t\t\t\t<div class=\"elementor-widget-container\">\n\t\t\t\t\t\t\t\t\t<p>G\u00e9p\u00e9szet<\/p>\t\t\t\t\t\t\t\t<\/div>\n\t\t\t\t<\/div>\n\t\t\t\t<div class=\"elementor-element elementor-element-43bc2ad3 elementor-widget elementor-widget-text-editor\" data-id=\"43bc2ad3\" data-element_type=\"widget\" data-widget_type=\"text-editor.default\">\n\t\t\t\t<div class=\"elementor-widget-container\">\n\t\t\t\t\t\t\t\t\t<table width=\"639\">\n<tbody>\n<tr>\n<td width=\"248\">Sebess\u00e9gv\u00e1lt\u00f3<\/td>\n<td width=\"391\">Allison T280RA\/T automata<\/td>\n<\/tr>\n<tr>\n<td>F\u00e9k<\/td>\n<td>t\u00e1rcsaf\u00e9k (el\u0151l\/h\u00e1tul), EBS, ABS, ASR retarder<\/td>\n<\/tr>\n<tr>\n<td>Felf\u00fcggeszt\u00e9s<\/td>\n<td>l\u00e9grug\u00f3s (6 db)<\/td>\n<\/tr>\n<tr>\n<td>Korm\u00e1nym\u0171<\/td>\n<td>hidraulikus<\/td>\n<\/tr>\n<tr>\n<td>Gumiabroncs<\/td>\n<td>265\/70 R17,5<\/td>\n<\/tr>\n<\/tbody>\n<\/table>\t\t\t\t\t\t\t\t<\/div>\n\t\t\t\t<\/div>\n\t\t\t\t\t<\/div>\n\t\t<\/div>\n\t\t\t\t\t<\/div>\n\t\t<\/section>\n\t\t\t\t<section class=\"elementor-section elementor-inner-section elementor-element elementor-element-4e37dd18 elementor-section-boxed elementor-section-height-default elementor-section-height-default\" data-id=\"4e37dd18\" data-element_type=\"section\">\n\t\t\t\t\t\t<div class=\"elementor-container elementor-column-gap-default\">\n\t\t\t\t\t<div class=\"elementor-column elementor-col-100 elementor-inner-column elementor-element elementor-element-4519a4d2\" data-id=\"4519a4d2\" data-element_type=\"column\">\n\t\t\t<div class=\"elementor-widget-wrap elementor-element-populated\">\n\t\t\t\t\t\t<div class=\"elementor-element elementor-element-f9ac103 elementor-widget elementor-widget-text-editor\" data-id=\"f9ac103\" data-element_type=\"widget\" data-widget_type=\"text-editor.default\">\n\t\t\t\t<div class=\"elementor-widget-container\">\n\t\t\t\t\t\t\t\t\t<p>Fel\u00e9p\u00edtm\u00e9ny<\/p>\t\t\t\t\t\t\t\t<\/div>\n\t\t\t\t<\/div>\n\t\t\t\t<div class=\"elementor-element elementor-element-31623f06 elementor-widget elementor-widget-text-editor\" data-id=\"31623f06\" data-element_type=\"widget\" data-widget_type=\"text-editor.default\">\n\t\t\t\t<div class=\"elementor-widget-container\">\n\t\t\t\t\t\t\t\t\t<table width=\"639\">\n<tbody>\n<tr>\n<td width=\"248\">Vezet\u0151\u00fcl\u00e9s<\/td>\n<td width=\"391\">L\u00e9grug\u00f3s, 3 pontos biztons\u00e1gi \u00f6vvel<\/td>\n<\/tr>\n<tr>\n<td>Utas\u00fcl\u00e9sek<\/td>\n<td>fix utas\u00fcl\u00e9sek<\/td>\n<\/tr>\n<tr>\n<td>Utasajt\u00f3k<\/td>\n<td>1-2-1 utasajt\u00f3k<\/td>\n<\/tr>\n<tr>\n<td>Csomagt\u00e9r (m<sup>3<\/sup>)<\/td>\n<td>0,15<\/td>\n<\/tr>\n<tr>\n<td>Visszapillant\u00f3 t\u00fckr\u00f6k<\/td>\n<td>elektronikus vez\u00e9rl\u00e9s\u0171 t\u00fckr\u00f6k<\/td>\n<\/tr>\n<\/tbody>\n<\/table>\t\t\t\t\t\t\t\t<\/div>\n\t\t\t\t<\/div>\n\t\t\t\t\t<\/div>\n\t\t<\/div>\n\t\t\t\t\t<\/div>\n\t\t<\/section>\n\t\t\t\t<section class=\"elementor-section elementor-inner-section elementor-element elementor-element-1c062445 elementor-section-boxed elementor-section-height-default elementor-section-height-default\" data-id=\"1c062445\" data-element_type=\"section\">\n\t\t\t\t\t\t<div class=\"elementor-container elementor-column-gap-default\">\n\t\t\t\t\t<div class=\"elementor-column elementor-col-100 elementor-inner-column elementor-element elementor-element-2af45cab\" data-id=\"2af45cab\" data-element_type=\"column\">\n\t\t\t<div class=\"elementor-widget-wrap elementor-element-populated\">\n\t\t\t\t\t\t<div class=\"elementor-element elementor-element-5ae522d5 elementor-widget elementor-widget-text-editor\" data-id=\"5ae522d5\" data-element_type=\"widget\" data-widget_type=\"text-editor.default\">\n\t\t\t\t<div class=\"elementor-widget-container\">\n\t\t\t\t\t\t\t\t\t<p>Elektromos eszk\u00f6z\u00f6k<\/p>\t\t\t\t\t\t\t\t<\/div>\n\t\t\t\t<\/div>\n\t\t\t\t<div class=\"elementor-element elementor-element-759ebfd2 elementor-widget elementor-widget-text-editor\" data-id=\"759ebfd2\" data-element_type=\"widget\" data-widget_type=\"text-editor.default\">\n\t\t\t\t<div class=\"elementor-widget-container\">\n\t\t\t\t\t\t\t\t\t<table width=\"639\"><tbody><tr><td width=\"248\">L\u00e9gkondicion\u00e1l\u00f3 berendez\u00e9s<\/td><td width=\"391\">18900 kcal\/h teljes\u00edtm\u00e9ny\u0171<\/td><\/tr><tr><td>F\u0171t\u00e9s<\/td><td>utas \u00e9s vezet\u0151t\u00e9ri f\u0171t\u00e9ssel ell\u00e1tott<\/td><\/tr><tr><td>Utasinform\u00e1ci\u00f3s rendszer<\/td><td>digit\u00e1lis \u00fatvonalkijelz\u0151<\/td><\/tr><\/tbody><\/table>\t\t\t\t\t\t\t\t<\/div>\n\t\t\t\t<\/div>\n\t\t\t\t\t<\/div>\n\t\t<\/div>\n\t\t\t\t\t<\/div>\n\t\t<\/section>\n\t\t\t\t\t<\/div>\n\t\t<\/div>\n\t\t\t\t\t<\/div>\n\t\t<\/section>\n\t\t\t\t<\/div>","protected":false},"excerpt":{"rendered":"<p>CITIBUS CITIBUS szegmens\u00e9nek legnagyobb, leghosszabb \u00e9s legnagyobb szem\u00e9lysz\u00e1ll\u00edt\u00f3 aut\u00f3busza. Ez a busz biztos\u00edtja az utasok, a sof\u0151r\u00f6k k\u00e9nyelm\u00e9t \u00e9s a kezel\u0151 sz\u00e1m\u00e1ra a gazdas\u00e1goss\u00e1got az alacsony \u00fczemanyag-fogyaszt\u00e1s miatt. Az alacsony padl\u00f3s Citibus, amelynek 204 LE-s motorja megfelel az Euro 6 k\u00e1rosanyag-kibocs\u00e1t\u00e1si norm\u00e1knak, ABS \u00e9s ASR f\u00e9krendszerek, seg\u00e9dmotorf\u00e9k, els\u0151 \u00e9s h\u00e1ts\u00f3 t\u00e1rcsaf\u00e9kek, megb\u00edzhat\u00f3s\u00e1got k\u00f6lcs\u00f6n\u00f6z vezet\u0151j\u00e9nek \u00e9s [&hellip;]<\/p>","protected":false},"author":1,"featured_media":0,"parent":0,"menu_order":0,"comment_status":"closed","ping_status":"closed","template":"","meta":{"_acf_changed":false,"footnotes":""},"class_list":["post-187","page","type-page","status-publish","hentry"],"acf":[],"_links":{"self":[{"href":"https:\/\/isuzubushungary.hu\/en\/wp-json\/wp\/v2\/pages\/187","targetHints":{"allow":["GET"]}}],"collection":[{"href":"https:\/\/isuzubushungary.hu\/en\/wp-json\/wp\/v2\/pages"}],"about":[{"href":"https:\/\/isuzubushungary.hu\/en\/wp-json\/wp\/v2\/types\/page"}],"author":[{"embeddable":true,"href":"https:\/\/isuzubushungary.hu\/en\/wp-json\/wp\/v2\/users\/1"}],"replies":[{"embeddable":true,"href":"https:\/\/isuzubushungary.hu\/en\/wp-json\/wp\/v2\/comments?post=187"}],"version-history":[{"count":7,"href":"https:\/\/isuzubushungary.hu\/en\/wp-json\/wp\/v2\/pages\/187\/revisions"}],"predecessor-version":[{"id":668,"href":"https:\/\/isuzubushungary.hu\/en\/wp-json\/wp\/v2\/pages\/187\/revisions\/668"}],"wp:attachment":[{"href":"https:\/\/isuzubushungary.hu\/en\/wp-json\/wp\/v2\/media?parent=187"}],"curies":[{"name":"wp","href":"https:\/\/api.w.org\/{rel}","templated":true}]}}