{"id":22,"date":"2020-08-05T11:08:53","date_gmt":"2020-08-05T11:08:53","guid":{"rendered":"https:\/\/isuzubushungary.hu\/?page_id=22"},"modified":"2021-02-18T11:45:11","modified_gmt":"2021-02-18T11:45:11","slug":"rolunk-2","status":"publish","type":"page","link":"https:\/\/isuzubushungary.hu\/en\/rolunk-2\/","title":{"rendered":"About us"},"content":{"rendered":"<div data-elementor-type=\"wp-page\" data-elementor-id=\"22\" class=\"elementor elementor-22\" data-elementor-post-type=\"page\">\n\t\t\t\t\t\t<section class=\"elementor-section elementor-top-section elementor-element elementor-element-a89f872 elementor-section-boxed elementor-section-height-default elementor-section-height-default\" data-id=\"a89f872\" data-element_type=\"section\">\n\t\t\t\t\t\t<div class=\"elementor-container elementor-column-gap-default\">\n\t\t\t\t\t<div class=\"elementor-column elementor-col-100 elementor-top-column elementor-element elementor-element-4ffeb08\" data-id=\"4ffeb08\" data-element_type=\"column\">\n\t\t\t<div class=\"elementor-widget-wrap elementor-element-populated\">\n\t\t\t\t\t\t<div class=\"elementor-element elementor-element-b078a5d elementor-widget elementor-widget-heading\" data-id=\"b078a5d\" data-element_type=\"widget\" data-widget_type=\"heading.default\">\n\t\t\t\t<div class=\"elementor-widget-container\">\n\t\t\t\t\t<h2 class=\"elementor-heading-title elementor-size-default\">Tisztelt \u00c9rdekl\u0151d\u0151!<\/h2>\t\t\t\t<\/div>\n\t\t\t\t<\/div>\n\t\t\t\t<div class=\"elementor-element elementor-element-16356fe elementor-widget elementor-widget-text-editor\" data-id=\"16356fe\" data-element_type=\"widget\" data-widget_type=\"text-editor.default\">\n\t\t\t\t<div class=\"elementor-widget-container\">\n\t\t\t\t\t\t\t\t\t<p><em>T\u00e1j\u00e9koztatjuk \u00d6n\u00f6ket, hogy Sz\u00e1zhalombatta-i telephely\u00fcnkre meg\u00e9rkezett leg\u00fajabb b\u00fcszkes\u00e9g\u00fcnk a ISUZU &#8211; NOVOCITI VOLT tiszt\u00e1n elektromos \u00fczem\u0171 v\u00e1rosi aut\u00f3busz.\u00a0 <\/em><\/p><p><em>\u00a0<\/em><\/p><p><em>C\u00e9g\u00fcnk Az <strong>ISUZU<\/strong> aut\u00f3buszok <\/em><strong><em>Kiz\u00e1r\u00f3lagos import\u0151re<\/em><\/strong> <em>az\u00a0 <\/em><strong>Isuzu Bus Hungary <\/strong><em>lehet\u0151s\u00e9get biztos\u00edt 2020.11.28 napj\u00e1ig a j\u00e1rm\u0171 kipr\u00f3b\u00e1l\u00e1s\u00e1ra. \u00cdgy megtapasztalhatj\u00e1k ennek a k\u00f6rnyezetebar\u00e1t, modern j\u00e1rm\u0171nek az el\u0151nyeit, felhaszn\u00e1l\u00e1si lehet\u0151s\u00e9geit. <\/em><\/p><p><em>A mai modern Eur\u00f3pa-i v\u00e1rosok sorra \u00e1llnak \u00e1t a z\u00f6ld, illetve alternat\u00edv energi\u00e1val \u00fczemeltethet\u0151 k\u00f6z\u00f6ss\u00e9gi k\u00f6zleked\u00e9sre.\u00a0\u00a0<\/em><\/p>\t\t\t\t\t\t\t\t<\/div>\n\t\t\t\t<\/div>\n\t\t\t\t<div class=\"elementor-element elementor-element-54c081e elementor-widget elementor-widget-text-editor\" data-id=\"54c081e\" data-element_type=\"widget\" data-widget_type=\"text-editor.default\">\n\t\t\t\t<div class=\"elementor-widget-container\">\n\t\t\t\t\t\t\t\t\t<p><em>Az <strong>ISUZU <\/strong>anyav\u00e1llalt \u00e9len j\u00e1r az alternat\u00edv meghajt\u00e1s\u00fa buszok fejleszt\u00e9s\u00e9ben, melyek p\u00e9ld\u00e1ul a <strong>CNG<\/strong> \u00fczemanyaggal meghajtott <strong>ISUZU CITIPORT CNG 12 <\/strong>\u00e9s az<strong> ISUZU KENDO 13<\/strong> t\u00edpusok. Ez mellett a h\u00edrlevel\u00fcnkben f\u0151szerepl\u0151 <strong>NOVOCITI VOLT a 35+1+1 <\/strong>szem\u00e9lyes, elektromos motorral szerelt v\u00e1rosi aut\u00f3busz.\u00a0 <\/em><\/p><p><em>A gy\u00e1r l\u00e1togat\u00e1sa alkalm\u00e1val meggy\u0151z\u0151dt\u00fcnk a magas min\u0151s\u00e9g\u0171 aut\u00f3busz gy\u00e1rt\u00e1sr\u00f3l, mellyel az <strong>ISUZU<\/strong> v\u00e1llalat eur\u00f3pai min\u0151s\u00e9g\u0171 j\u00e1rm\u0171veit folyamatosan fejleszti \u00e9s \u00e1ll\u00edtja el\u0151. <\/em><\/p><p><em>Mi ennek a magas szint\u0171 z\u00f6ld &#8211; k\u00f6rnyezetbar\u00e1t szeml\u00e9letnek a nagyk\u00f6vetei szeretn\u00e9nk lenni Magyarorsz\u00e1gon. C\u00e9lkit\u0171z\u00e9s\u00fcnk, hogy min\u00e9l t\u00f6bb ilyen meghajt\u00e1s\u00fa, k\u00f6rnyezetebar\u00e1t aut\u00f3buszt forgalomba \u00e1ll\u00edthassunk.<\/em><\/p><p><em>Amennyiben felkeltett\u00fck sz\u00edves \u00e9rdekl\u0151d\u00e9s\u00e9t \u00e9s sz\u00edvesen kipr\u00f3b\u00e1ln\u00e1 \u2013 megtekinten\u00e9 az <strong>ISUZU &#8211; NOVOCITI VOLT<\/strong> tiszt\u00e1n elektromos aut\u00f3buszt k\u00e9rem a h\u00edrlev\u00e9lben \u00e9s a honlapunkon &#8211;\u00a0 <a href=\"https:\/\/isuzubushungary.hu\/\">https:\/\/isuzubushungary.hu\/<\/a> -megadott el\u00e9rhet\u0151s\u00e9geken keresse bizalommal az \u00fczletk\u00f6t\u0151 koll\u00e9g\u00e1inkat!<\/em><\/p>\t\t\t\t\t\t\t\t<\/div>\n\t\t\t\t<\/div>\n\t\t\t\t<section class=\"elementor-section elementor-inner-section elementor-element elementor-element-e5be6a7 elementor-section-boxed elementor-section-height-default elementor-section-height-default\" data-id=\"e5be6a7\" data-element_type=\"section\">\n\t\t\t\t\t\t<div class=\"elementor-container elementor-column-gap-no\">\n\t\t\t\t\t<div class=\"elementor-column elementor-col-50 elementor-inner-column elementor-element elementor-element-ca89223\" data-id=\"ca89223\" data-element_type=\"column\">\n\t\t\t<div class=\"elementor-widget-wrap elementor-element-populated\">\n\t\t\t\t\t\t<div class=\"elementor-element elementor-element-c78d159 elementor-widget elementor-widget-text-editor\" data-id=\"c78d159\" data-element_type=\"widget\" data-widget_type=\"text-editor.default\">\n\t\t\t\t<div class=\"elementor-widget-container\">\n\t\t\t\t\t\t\t\t\t<p><em>Term\u00e9szetesen az elektromos aut\u00f3busz mellett m\u00e1rkak\u00e9pviselet\u00fcnk\u00f6n megtal\u00e1lhat\u00f3ak \u00e9s kipr\u00f3b\u00e1lhat\u00f3ak az <strong>ISUZU<\/strong> aut\u00f3buszok tov\u00e1bbi t\u00edpusai. <\/em><\/p><p><strong><em>ISUZU NOVOULTRA<\/em><\/strong><em>\u00a0 <\/em><em>23-29 + 1 v\u00e1rosi aut\u00f3busz<\/em><\/p><p><strong><em>ISUZU NOVOCITI LIFE<\/em><\/strong><em>\u00a0 21+39 v\u00e1rosi aut\u00f3busz<\/em><\/p><p><strong><em>ISUZU VISIGO<\/em><\/strong><em>\u00a0 35+1+1 turista aut\u00f3busz<\/em><\/p>\t\t\t\t\t\t\t\t<\/div>\n\t\t\t\t<\/div>\n\t\t\t\t\t<\/div>\n\t\t<\/div>\n\t\t\t\t<div class=\"elementor-column elementor-col-50 elementor-inner-column elementor-element elementor-element-c35071d\" data-id=\"c35071d\" data-element_type=\"column\">\n\t\t\t<div class=\"elementor-widget-wrap elementor-element-populated\">\n\t\t\t\t\t\t<div class=\"elementor-element elementor-element-7ac66ef elementor-widget elementor-widget-image\" data-id=\"7ac66ef\" data-element_type=\"widget\" data-widget_type=\"image.default\">\n\t\t\t\t<div class=\"elementor-widget-container\">\n\t\t\t\t\t\t\t\t\t\t\t\t\t\t\t<img decoding=\"async\" width=\"272\" height=\"183\" src=\"https:\/\/isuzubushungary.hu\/wp-content\/uploads\/2020\/11\/isuzuhirlevel_1.jpg\" class=\"attachment-large size-large wp-image-735\" alt=\"\" srcset=\"https:\/\/isuzubushungary.hu\/wp-content\/uploads\/2020\/11\/isuzuhirlevel_1.jpg 272w, https:\/\/isuzubushungary.hu\/wp-content\/uploads\/2020\/11\/isuzuhirlevel_1-16x12.jpg 16w\" sizes=\"(max-width: 272px) 100vw, 272px\" \/>\t\t\t\t\t\t\t\t\t\t\t\t\t\t\t<\/div>\n\t\t\t\t<\/div>\n\t\t\t\t\t<\/div>\n\t\t<\/div>\n\t\t\t\t\t<\/div>\n\t\t<\/section>\n\t\t\t\t<div class=\"elementor-element elementor-element-9ad5c04 elementor-widget elementor-widget-heading\" data-id=\"9ad5c04\" data-element_type=\"widget\" data-widget_type=\"heading.default\">\n\t\t\t\t<div class=\"elementor-widget-container\">\n\t\t\t\t\t<h2 class=\"elementor-heading-title elementor-size-default\">2020.11.02. ISUZU BUS HUNGARY\u00a0 - NOVOCITI VOLT V\u00c1ROSI AUT\u00d3BUSZ<\/h2>\t\t\t\t<\/div>\n\t\t\t\t<\/div>\n\t\t\t\t<div class=\"elementor-element elementor-element-de02627 elementor-widget elementor-widget-text-editor\" data-id=\"de02627\" data-element_type=\"widget\" data-widget_type=\"text-editor.default\">\n\t\t\t\t<div class=\"elementor-widget-container\">\n\t\t\t\t\t\t\t\t\t<p><strong>Meg\u00e9rkezett aut\u00f3busz keresked\u00e9s\u00fcnk leg\u00fajabb b\u00fcszkes\u00e9ge az <\/strong><strong>ISUZU<\/strong><strong> v\u00e1rosi aut\u00f3busz!<\/strong><\/p><p>Az alacsonypadl\u00f3s <strong>ISUZU<\/strong> <strong>NOVOCITI VOLT<\/strong> \u00a0egy teljesen elektromos midibusz, amely a d\u00edjnyertes <strong>NOVOCITI LIFE<\/strong>\u00a0d\u00edzelre \u00e9p\u00fcl, amely nagy sikerrel fut Eur\u00f3pa k\u00fcl\u00f6nb\u00f6z\u0151 v\u00e1rosaiban.<\/p><p>\u00daj, modern, dinamikus, mindenki \u00e1ltal szerethet\u0151 design. Tiszt\u00e1n elektromos j\u00e1rm\u0171, mely 48 utas befogad\u00e1s\u00e1ra k\u00e9pes.<\/p><p>Az utastere kifog\u00e1stalan ergon\u00f3mi\u00e1val, t\u00e1gas vil\u00e1gos utas t\u00e9rrel \u00e9s komfortos \u00fcl\u0151helyekkel el\u00e9g\u00edti ki a modern eur\u00f3pai v\u00e1rosi \u00e9letm\u00f3d sz\u00fcks\u00e9gleteit. Mindemellett egy rendk\u00edv\u00fcl csendes, teljesen kibocs\u00e1t\u00e1smentes t\u00f6megk\u00f6zleked\u00e9si lehet\u0151s\u00e9get biztos\u00edt a v\u00e1rosok sz\u00e1m\u00e1ra.<\/p><p>A j\u00e1rm\u0171 h\u00e1ts\u00f3 r\u00e9sz\u00e9n tal\u00e1lhat\u00f3 elektromos motor 255 kW e-motor teljes\u00edtm\u00e9nnyel \u00e9s 2355 Nm nyomat\u00e9kkal rendelkezik. Az akkumul\u00e1tor \u00e9lettartama garant\u00e1ltan nem cs\u00f6kken 70% al\u00e1 5 \u00e9v vagy 250 000 km alatt. A j\u00e1rm\u0171 egyetlen AC (22 kW) vagy DC (140 kW) t\u00f6lt\u0151aljzatb\u00f3l t\u00f6lthet\u0151. A gyors t\u00f6lt\u00e9s (DC) k\u00e9pess\u00e9gek mellett, mind\u00f6ssze k\u00e9t \u00f3ra alatt, 600 V-os \u00fczemi fesz\u00fclts\u00e9g mellett, az akkumul\u00e1torokat otthoni t\u00f6lt\u00e9ssel (AC) is felt\u00f6lthetik nyolc \u00f3ra alatt. A <strong>NOVOCITI VOLT<\/strong> \u00a0gyors t\u00f6lt\u0151rendszere 50 km-es hat\u00f3t\u00e1vols\u00e1got tesz lehet\u0151v\u00e9 mind\u00f6ssze 10 perc alatt.<\/p><p>A <strong>NOVOCITI VOLT<\/strong> \u00a0motor mellett h\u00e1rom napelem van a tet\u0151n, amelyek t\u00e1mogatj\u00e1k a kisfesz\u00fclts\u00e9g\u0171 (24 V) berendez\u00e9seket, \u00e9s \u00edgy hozz\u00e1j\u00e1rulnak a j\u00e1rm\u0171 hat\u00f3t\u00e1vols\u00e1g\u00e1nak n\u00f6vel\u00e9s\u00e9hez.<\/p><p>A <strong>NOVOCITI VOLT<\/strong> \u00a0\u201e<strong>Aconnect<\/strong>\u201d telematikai rendszerrel van felszerelve, amely elemzi a j\u00e1rm\u0171 adatait, p\u00e9ld\u00e1ul a j\u00e1rm\u0171 sebess\u00e9g\u00e9t, az akkumul\u00e1tor t\u00f6lt\u00f6tts\u00e9gi szintj\u00e9t, az energiafogyaszt\u00e1st, a fojt\u00f3szelep \u00e9s a f\u00e9kped\u00e1l helyzet\u00e9t stb., \u00c9s megold\u00e1sokat gener\u00e1l a flott\u00e1k \u00e9s a v\u00e1llalatok hat\u00e9konys\u00e1g\u00e1nak jav\u00edt\u00e1s\u00e1ra. A rendszer k\u00e9pekkel is jelzi az illeszt\u0151program hib\u00e1it, hogy meghat\u00e1rozza a vezet\u0151 pontsz\u00e1m\u00e1t.<\/p><p>A 200 kWh kapacit\u00e1s\u00fa akkumul\u00e1torok az aut\u00f3busz tetej\u00e9n helyezkednek el, \u00e9s 270 km-es hat\u00f3t\u00e1vols\u00e1got tesznek lehet\u0151v\u00e9.<\/p><p>100% -ban elektromos \u00fczem\u0171, kompakt mind\u00f6ssze 8 m\u00e9ter hossz\u00fa, kifejezetten az eur\u00f3pai piacra fejlesztett v\u00e1rosi aut\u00f3busz.<\/p><p>Amennyiben felkeltett\u00fck \u00e9rdekl\u0151d\u00e9s\u00e9t az aut\u00f3busz ir\u00e1nt, k\u00e9rem keresse \u00fczletk\u00f6t\u0151 koll\u00e9g\u00e1inkat az al\u00e1bbi el\u00e9rhet\u0151s\u00e9geken.<\/p>\t\t\t\t\t\t\t\t<\/div>\n\t\t\t\t<\/div>\n\t\t\t\t<section class=\"elementor-section elementor-inner-section elementor-element elementor-element-f68bd6a elementor-section-content-middle elementor-section-boxed elementor-section-height-default elementor-section-height-default\" data-id=\"f68bd6a\" data-element_type=\"section\">\n\t\t\t\t\t\t<div class=\"elementor-container elementor-column-gap-no\">\n\t\t\t\t\t<div class=\"elementor-column elementor-col-33 elementor-inner-column elementor-element elementor-element-5bc94ff\" data-id=\"5bc94ff\" data-element_type=\"column\">\n\t\t\t<div class=\"elementor-widget-wrap elementor-element-populated\">\n\t\t\t\t\t\t<div class=\"elementor-element elementor-element-92a03b9 elementor-widget elementor-widget-image\" data-id=\"92a03b9\" data-element_type=\"widget\" data-widget_type=\"image.default\">\n\t\t\t\t<div class=\"elementor-widget-container\">\n\t\t\t\t\t\t\t\t\t\t\t\t\t\t\t<img fetchpriority=\"high\" decoding=\"async\" width=\"360\" height=\"233\" src=\"https:\/\/isuzubushungary.hu\/wp-content\/uploads\/2020\/11\/isuzuhirlevel_4.jpg\" class=\"attachment-large size-large wp-image-736\" alt=\"\" srcset=\"https:\/\/isuzubushungary.hu\/wp-content\/uploads\/2020\/11\/isuzuhirlevel_4.jpg 360w, https:\/\/isuzubushungary.hu\/wp-content\/uploads\/2020\/11\/isuzuhirlevel_4-300x194.jpg 300w, https:\/\/isuzubushungary.hu\/wp-content\/uploads\/2020\/11\/isuzuhirlevel_4-16x10.jpg 16w\" sizes=\"(max-width: 360px) 100vw, 360px\" \/>\t\t\t\t\t\t\t\t\t\t\t\t\t\t\t<\/div>\n\t\t\t\t<\/div>\n\t\t\t\t\t<\/div>\n\t\t<\/div>\n\t\t\t\t<div class=\"elementor-column elementor-col-33 elementor-inner-column elementor-element elementor-element-0072835\" data-id=\"0072835\" data-element_type=\"column\">\n\t\t\t<div class=\"elementor-widget-wrap elementor-element-populated\">\n\t\t\t\t\t\t<div class=\"elementor-element elementor-element-7635c1c elementor-widget elementor-widget-image\" data-id=\"7635c1c\" data-element_type=\"widget\" data-widget_type=\"image.default\">\n\t\t\t\t<div class=\"elementor-widget-container\">\n\t\t\t\t\t\t\t\t\t\t\t\t\t\t\t<img decoding=\"async\" width=\"253\" height=\"275\" src=\"https:\/\/isuzubushungary.hu\/wp-content\/uploads\/2020\/11\/isuzuhirlevel_3.jpg\" class=\"attachment-large size-large wp-image-737\" alt=\"\" srcset=\"https:\/\/isuzubushungary.hu\/wp-content\/uploads\/2020\/11\/isuzuhirlevel_3.jpg 253w, https:\/\/isuzubushungary.hu\/wp-content\/uploads\/2020\/11\/isuzuhirlevel_3-11x12.jpg 11w\" sizes=\"(max-width: 253px) 100vw, 253px\" \/>\t\t\t\t\t\t\t\t\t\t\t\t\t\t\t<\/div>\n\t\t\t\t<\/div>\n\t\t\t\t\t<\/div>\n\t\t<\/div>\n\t\t\t\t<div class=\"elementor-column elementor-col-33 elementor-inner-column elementor-element elementor-element-705a4e0\" data-id=\"705a4e0\" data-element_type=\"column\">\n\t\t\t<div class=\"elementor-widget-wrap elementor-element-populated\">\n\t\t\t\t\t\t<div class=\"elementor-element elementor-element-08ec993 elementor-widget elementor-widget-image\" data-id=\"08ec993\" data-element_type=\"widget\" data-widget_type=\"image.default\">\n\t\t\t\t<div class=\"elementor-widget-container\">\n\t\t\t\t\t\t\t\t\t\t\t\t\t\t\t<img loading=\"lazy\" decoding=\"async\" width=\"356\" height=\"236\" src=\"https:\/\/isuzubushungary.hu\/wp-content\/uploads\/2020\/11\/isuzuhirlevel_2.jpg\" class=\"attachment-large size-large wp-image-738\" alt=\"\" srcset=\"https:\/\/isuzubushungary.hu\/wp-content\/uploads\/2020\/11\/isuzuhirlevel_2.jpg 356w, https:\/\/isuzubushungary.hu\/wp-content\/uploads\/2020\/11\/isuzuhirlevel_2-300x199.jpg 300w, https:\/\/isuzubushungary.hu\/wp-content\/uploads\/2020\/11\/isuzuhirlevel_2-16x12.jpg 16w\" sizes=\"(max-width: 356px) 100vw, 356px\" \/>\t\t\t\t\t\t\t\t\t\t\t\t\t\t\t<\/div>\n\t\t\t\t<\/div>\n\t\t\t\t\t<\/div>\n\t\t<\/div>\n\t\t\t\t\t<\/div>\n\t\t<\/section>\n\t\t\t\t<div class=\"elementor-element elementor-element-0c6ac10 elementor-widget elementor-widget-text-editor\" data-id=\"0c6ac10\" data-element_type=\"widget\" data-widget_type=\"text-editor.default\">\n\t\t\t\t<div class=\"elementor-widget-container\">\n\t\t\t\t\t\t\t\t\t<p><strong>2440 Sz\u00e1zhalombatta, Benta Major<\/strong><\/p><p><a href=\"https:\/\/isuzubushungary.hu\/\"><strong>https:\/\/isuzubushungary.hu\/<\/strong><\/a> <a href=\"mailto:info@isuzubushungary.hu\"><strong>info@isuzubushungary.hu<\/strong><\/a><\/p><p><strong>+36 20 348 9065<\/strong><\/p>\t\t\t\t\t\t\t\t<\/div>\n\t\t\t\t<\/div>\n\t\t\t\t\t<\/div>\n\t\t<\/div>\n\t\t\t\t\t<\/div>\n\t\t<\/section>\n\t\t\t\t<\/div>","protected":false},"excerpt":{"rendered":"<p>Tisztelt \u00c9rdekl\u0151d\u0151! T\u00e1j\u00e9koztatjuk \u00d6n\u00f6ket, hogy Sz\u00e1zhalombatta-i telephely\u00fcnkre meg\u00e9rkezett leg\u00fajabb b\u00fcszkes\u00e9g\u00fcnk a ISUZU &#8211; NOVOCITI VOLT tiszt\u00e1n elektromos \u00fczem\u0171 v\u00e1rosi aut\u00f3busz.\u00a0 \u00a0 C\u00e9g\u00fcnk Az ISUZU aut\u00f3buszok Kiz\u00e1r\u00f3lagos import\u0151re az\u00a0 Isuzu Bus Hungary lehet\u0151s\u00e9get biztos\u00edt 2020.11.28 napj\u00e1ig a j\u00e1rm\u0171 kipr\u00f3b\u00e1l\u00e1s\u00e1ra. \u00cdgy megtapasztalhatj\u00e1k ennek a k\u00f6rnyezetebar\u00e1t, modern j\u00e1rm\u0171nek az el\u0151nyeit, felhaszn\u00e1l\u00e1si lehet\u0151s\u00e9geit. A mai modern Eur\u00f3pa-i v\u00e1rosok sorra [&hellip;]<\/p>","protected":false},"author":1,"featured_media":0,"parent":0,"menu_order":0,"comment_status":"closed","ping_status":"closed","template":"","meta":{"_acf_changed":false,"footnotes":""},"class_list":["post-22","page","type-page","status-publish","hentry"],"acf":[],"_links":{"self":[{"href":"https:\/\/isuzubushungary.hu\/en\/wp-json\/wp\/v2\/pages\/22","targetHints":{"allow":["GET"]}}],"collection":[{"href":"https:\/\/isuzubushungary.hu\/en\/wp-json\/wp\/v2\/pages"}],"about":[{"href":"https:\/\/isuzubushungary.hu\/en\/wp-json\/wp\/v2\/types\/page"}],"author":[{"embeddable":true,"href":"https:\/\/isuzubushungary.hu\/en\/wp-json\/wp\/v2\/users\/1"}],"replies":[{"embeddable":true,"href":"https:\/\/isuzubushungary.hu\/en\/wp-json\/wp\/v2\/comments?post=22"}],"version-history":[{"count":22,"href":"https:\/\/isuzubushungary.hu\/en\/wp-json\/wp\/v2\/pages\/22\/revisions"}],"predecessor-version":[{"id":905,"href":"https:\/\/isuzubushungary.hu\/en\/wp-json\/wp\/v2\/pages\/22\/revisions\/905"}],"wp:attachment":[{"href":"https:\/\/isuzubushungary.hu\/en\/wp-json\/wp\/v2\/media?parent=22"}],"curies":[{"name":"wp","href":"https:\/\/api.w.org\/{rel}","templated":true}]}}