{"id":328,"date":"2020-09-12T12:00:45","date_gmt":"2020-09-12T12:00:45","guid":{"rendered":"https:\/\/isuzubushungary.hu\/?page_id=328"},"modified":"2020-11-02T18:56:05","modified_gmt":"2020-11-02T18:56:05","slug":"kendo-13cng","status":"publish","type":"page","link":"https:\/\/isuzubushungary.hu\/en\/kendo-13cng\/","title":{"rendered":"Kendo 13 CNG"},"content":{"rendered":"<div data-elementor-type=\"wp-page\" data-elementor-id=\"328\" class=\"elementor elementor-328\" data-elementor-post-type=\"page\">\n\t\t\t\t\t\t<section class=\"elementor-section elementor-top-section elementor-element elementor-element-5e87d0f2 elementor-section-boxed elementor-section-height-default elementor-section-height-default\" data-id=\"5e87d0f2\" data-element_type=\"section\" data-settings=\"{&quot;background_background&quot;:&quot;classic&quot;}\">\n\t\t\t\t\t\t<div class=\"elementor-container elementor-column-gap-default\">\n\t\t\t\t\t<div class=\"elementor-column elementor-col-100 elementor-top-column elementor-element elementor-element-3b4a7868\" data-id=\"3b4a7868\" data-element_type=\"column\">\n\t\t\t<div class=\"elementor-widget-wrap elementor-element-populated\">\n\t\t\t\t\t\t<div class=\"elementor-element elementor-element-7a48e926 elementor-widget elementor-widget-heading\" data-id=\"7a48e926\" data-element_type=\"widget\" data-widget_type=\"heading.default\">\n\t\t\t\t<div class=\"elementor-widget-container\">\n\t\t\t\t\t<h2 class=\"elementor-heading-title elementor-size-default\">Kendo 13 CNG<\/h2>\t\t\t\t<\/div>\n\t\t\t\t<\/div>\n\t\t\t\t\t<\/div>\n\t\t<\/div>\n\t\t\t\t\t<\/div>\n\t\t<\/section>\n\t\t\t\t<section class=\"elementor-section elementor-top-section elementor-element elementor-element-3c0afafa elementor-section-boxed elementor-section-height-default elementor-section-height-default\" data-id=\"3c0afafa\" data-element_type=\"section\">\n\t\t\t\t\t\t<div class=\"elementor-container elementor-column-gap-default\">\n\t\t\t\t\t<div class=\"elementor-column elementor-col-100 elementor-top-column elementor-element elementor-element-6ca7cc90\" data-id=\"6ca7cc90\" data-element_type=\"column\">\n\t\t\t<div class=\"elementor-widget-wrap elementor-element-populated\">\n\t\t\t\t\t\t<div class=\"elementor-element elementor-element-3ccb5cd7 elementor-widget elementor-widget-image\" data-id=\"3ccb5cd7\" data-element_type=\"widget\" data-widget_type=\"image.default\">\n\t\t\t\t<div class=\"elementor-widget-container\">\n\t\t\t\t\t\t\t\t\t\t\t\t\t\t\t<img fetchpriority=\"high\" decoding=\"async\" width=\"800\" height=\"308\" src=\"https:\/\/isuzubushungary.hu\/wp-content\/uploads\/2020\/09\/citiport-1.png\" class=\"attachment-large size-large wp-image-298\" alt=\"\" srcset=\"https:\/\/isuzubushungary.hu\/wp-content\/uploads\/2020\/09\/citiport-1.png 913w, https:\/\/isuzubushungary.hu\/wp-content\/uploads\/2020\/09\/citiport-1-600x231.png 600w, https:\/\/isuzubushungary.hu\/wp-content\/uploads\/2020\/09\/citiport-1-300x116.png 300w, https:\/\/isuzubushungary.hu\/wp-content\/uploads\/2020\/09\/citiport-1-768x296.png 768w\" sizes=\"(max-width: 800px) 100vw, 800px\" \/>\t\t\t\t\t\t\t\t\t\t\t\t\t\t\t<\/div>\n\t\t\t\t<\/div>\n\t\t\t\t\t<\/div>\n\t\t<\/div>\n\t\t\t\t\t<\/div>\n\t\t<\/section>\n\t\t\t\t<section class=\"elementor-section elementor-top-section elementor-element elementor-element-68b9dff8 elementor-section-boxed elementor-section-height-default elementor-section-height-default\" data-id=\"68b9dff8\" data-element_type=\"section\" data-settings=\"{&quot;background_background&quot;:&quot;classic&quot;}\">\n\t\t\t\t\t\t<div class=\"elementor-container elementor-column-gap-default\">\n\t\t\t\t\t<div class=\"elementor-column elementor-col-100 elementor-top-column elementor-element elementor-element-684a7b94\" data-id=\"684a7b94\" data-element_type=\"column\">\n\t\t\t<div class=\"elementor-widget-wrap elementor-element-populated\">\n\t\t\t\t\t\t<section class=\"elementor-section elementor-inner-section elementor-element elementor-element-4a9f4584 elementor-section-boxed elementor-section-height-default elementor-section-height-default\" data-id=\"4a9f4584\" data-element_type=\"section\">\n\t\t\t\t\t\t<div class=\"elementor-container elementor-column-gap-default\">\n\t\t\t\t\t<div class=\"elementor-column elementor-col-25 elementor-inner-column elementor-element elementor-element-4eabaa70\" data-id=\"4eabaa70\" data-element_type=\"column\">\n\t\t\t<div class=\"elementor-widget-wrap elementor-element-populated\">\n\t\t\t\t\t\t<div class=\"elementor-element elementor-element-1d8e4c67 elementor-widget elementor-widget-heading\" data-id=\"1d8e4c67\" data-element_type=\"widget\" data-widget_type=\"heading.default\">\n\t\t\t\t<div class=\"elementor-widget-container\">\n\t\t\t\t\t<h2 class=\"elementor-heading-title elementor-size-default\">Kendo 13 CNG<\/h2>\t\t\t\t<\/div>\n\t\t\t\t<\/div>\n\t\t\t\t<div class=\"elementor-element elementor-element-5150a69d elementor-widget elementor-widget-text-editor\" data-id=\"5150a69d\" data-element_type=\"widget\" data-widget_type=\"text-editor.default\">\n\t\t\t\t<div class=\"elementor-widget-container\">\n\t\t\t\t\t\t\t\t\t<p><span>egy 12 m\u00e9teres v\u00e1rosi busz, amelyet az \u201eide\u00e1lis j\u00e1rm\u0171terv\u201d koncepci\u00f3j\u00e1nak megfelel\u0151en terveztek.\u00a0<\/span><span>Ezt a koncepci\u00f3t megk\u00fcl\u00f6nb\u00f6zteti egyedi bels\u0151 \u00e9s k\u00fcls\u0151 kialak\u00edt\u00e1sa, valamint az utasok biztons\u00e1g\u00e1ra val\u00f3 k\u00fcl\u00f6n\u00f6s figyelem.<\/span><\/p>\t\t\t\t\t\t\t\t<\/div>\n\t\t\t\t<\/div>\n\t\t\t\t\t<\/div>\n\t\t<\/div>\n\t\t\t\t<div class=\"elementor-column elementor-col-25 elementor-inner-column elementor-element elementor-element-6c557fb0\" data-id=\"6c557fb0\" data-element_type=\"column\">\n\t\t\t<div class=\"elementor-widget-wrap elementor-element-populated\">\n\t\t\t\t\t\t<div class=\"elementor-element elementor-element-1dafd44f elementor-widget elementor-widget-text-editor\" data-id=\"1dafd44f\" data-element_type=\"widget\" data-widget_type=\"text-editor.default\">\n\t\t\t\t<div class=\"elementor-widget-container\">\n\t\t\t\t\t\t\t\t\t<p>Az alacsony padl\u00f3s Citiportot \u00fagy tervezt\u00e9k, hogy a fogyat\u00e9koss\u00e1ggal \u00e9l\u0151 emberek sz\u00e1m\u00e1ra k\u00f6nnyen \u00e9s k\u00e9nyelmesen utazhasson: sz\u00ednt\u0151l elk\u00fcl\u00f6n\u00edtett kerekessz\u00e9kes helyek; inform\u00e1ci\u00f3s k\u00e9perny\u0151k hall\u00e1ss\u00e9r\u00fclt utasok sz\u00e1m\u00e1ra; nagy kontraszt\u00fa hangjelek a l\u00e1t\u00e1ss\u00e9r\u00fcltek sz\u00e1m\u00e1ra; k\u00f6nnyen hozz\u00e1f\u00e9rhet\u0151 korl\u00e1tok mozg\u00e1skorl\u00e1tozott utasok sz\u00e1m\u00e1ra.<\/p>\t\t\t\t\t\t\t\t<\/div>\n\t\t\t\t<\/div>\n\t\t\t\t\t<\/div>\n\t\t<\/div>\n\t\t\t\t<div class=\"elementor-column elementor-col-25 elementor-inner-column elementor-element elementor-element-59a6b542\" data-id=\"59a6b542\" data-element_type=\"column\">\n\t\t\t<div class=\"elementor-widget-wrap elementor-element-populated\">\n\t\t\t\t\t\t<div class=\"elementor-element elementor-element-4f49334a elementor-align-center elementor-widget elementor-widget-button\" data-id=\"4f49334a\" data-element_type=\"widget\" data-widget_type=\"button.default\">\n\t\t\t\t<div class=\"elementor-widget-container\">\n\t\t\t\t\t\t\t\t\t<div class=\"elementor-button-wrapper\">\n\t\t\t\t\t<a class=\"elementor-button elementor-button-link elementor-size-sm\" href=\"#\">\n\t\t\t\t\t\t<span class=\"elementor-button-content-wrapper\">\n\t\t\t\t\t\t\t\t\t<span class=\"elementor-button-text\">Katal\u00f3gus let\u00f6lt\u00e9se (PDF)<\/span>\n\t\t\t\t\t<\/span>\n\t\t\t\t\t<\/a>\n\t\t\t\t<\/div>\n\t\t\t\t\t\t\t\t<\/div>\n\t\t\t\t<\/div>\n\t\t\t\t\t<\/div>\n\t\t<\/div>\n\t\t\t\t<div class=\"elementor-column elementor-col-25 elementor-inner-column elementor-element elementor-element-1985b69b\" data-id=\"1985b69b\" data-element_type=\"column\">\n\t\t\t<div class=\"elementor-widget-wrap elementor-element-populated\">\n\t\t\t\t\t\t<div class=\"elementor-element elementor-element-4eaeb4b elementor-widget elementor-widget-image\" data-id=\"4eaeb4b\" data-element_type=\"widget\" data-widget_type=\"image.default\">\n\t\t\t\t<div class=\"elementor-widget-container\">\n\t\t\t\t\t\t\t\t\t\t\t\t\t\t\t<img decoding=\"async\" width=\"800\" height=\"574\" src=\"https:\/\/isuzubushungary.hu\/wp-content\/uploads\/2020\/09\/kendo-13-cng.png\" class=\"attachment-large size-large wp-image-286\" alt=\"\" srcset=\"https:\/\/isuzubushungary.hu\/wp-content\/uploads\/2020\/09\/kendo-13-cng.png 868w, https:\/\/isuzubushungary.hu\/wp-content\/uploads\/2020\/09\/kendo-13-cng-600x431.png 600w, https:\/\/isuzubushungary.hu\/wp-content\/uploads\/2020\/09\/kendo-13-cng-300x215.png 300w, https:\/\/isuzubushungary.hu\/wp-content\/uploads\/2020\/09\/kendo-13-cng-768x551.png 768w\" sizes=\"(max-width: 800px) 100vw, 800px\" \/>\t\t\t\t\t\t\t\t\t\t\t\t\t\t\t<\/div>\n\t\t\t\t<\/div>\n\t\t\t\t\t<\/div>\n\t\t<\/div>\n\t\t\t\t\t<\/div>\n\t\t<\/section>\n\t\t\t\t\t<\/div>\n\t\t<\/div>\n\t\t\t\t\t<\/div>\n\t\t<\/section>\n\t\t\t\t<section class=\"elementor-section elementor-top-section elementor-element elementor-element-43c910e7 elementor-section-boxed elementor-section-height-default elementor-section-height-default\" data-id=\"43c910e7\" data-element_type=\"section\">\n\t\t\t\t\t\t<div class=\"elementor-container elementor-column-gap-default\">\n\t\t\t\t\t<div class=\"elementor-column elementor-col-100 elementor-top-column elementor-element elementor-element-1260621a\" data-id=\"1260621a\" data-element_type=\"column\">\n\t\t\t<div class=\"elementor-widget-wrap elementor-element-populated\">\n\t\t\t\t\t\t<div class=\"elementor-element elementor-element-2784cad4 elementor-widget elementor-widget-heading\" data-id=\"2784cad4\" data-element_type=\"widget\" data-widget_type=\"heading.default\">\n\t\t\t\t<div class=\"elementor-widget-container\">\n\t\t\t\t\t<h2 class=\"elementor-heading-title elementor-size-default\">Gal\u00e9ria<\/h2>\t\t\t\t<\/div>\n\t\t\t\t<\/div>\n\t\t\t\t<div class=\"elementor-element elementor-element-532b8db6 elementor-pagination-position-inside elementor-arrows-position-inside elementor-widget elementor-widget-image-carousel\" data-id=\"532b8db6\" data-element_type=\"widget\" data-settings=\"{&quot;slides_to_show&quot;:&quot;1&quot;,&quot;navigation&quot;:&quot;both&quot;,&quot;autoplay&quot;:&quot;yes&quot;,&quot;pause_on_hover&quot;:&quot;yes&quot;,&quot;pause_on_interaction&quot;:&quot;yes&quot;,&quot;autoplay_speed&quot;:5000,&quot;infinite&quot;:&quot;yes&quot;,&quot;effect&quot;:&quot;slide&quot;,&quot;speed&quot;:500}\" data-widget_type=\"image-carousel.default\">\n\t\t\t\t<div class=\"elementor-widget-container\">\n\t\t\t\t\t\t\t<div class=\"elementor-image-carousel-wrapper swiper\" role=\"region\" aria-roledescription=\"carousel\" aria-label=\"Image Carousel\" dir=\"ltr\">\n\t\t\t<div class=\"elementor-image-carousel swiper-wrapper swiper-image-stretch\" aria-live=\"off\">\n\t\t\t\t\t\t\t\t<div class=\"swiper-slide\" role=\"group\" aria-roledescription=\"slide\" aria-label=\"1 of 5\"><figure class=\"swiper-slide-inner\"><img decoding=\"async\" class=\"swiper-slide-image\" src=\"https:\/\/isuzubushungary.hu\/wp-content\/uploads\/2020\/09\/citiport-en-03-1024x515-1.jpg\" alt=\"citiport-en-03-1024x515\" \/><\/figure><\/div><div class=\"swiper-slide\" role=\"group\" aria-roledescription=\"slide\" aria-label=\"2 of 5\"><figure class=\"swiper-slide-inner\"><img decoding=\"async\" class=\"swiper-slide-image\" src=\"https:\/\/isuzubushungary.hu\/wp-content\/uploads\/2020\/09\/citiport-04-1024x515.jpg\" alt=\"citiport-04\" \/><\/figure><\/div><div class=\"swiper-slide\" role=\"group\" aria-roledescription=\"slide\" aria-label=\"3 of 5\"><figure class=\"swiper-slide-inner\"><img decoding=\"async\" class=\"swiper-slide-image\" src=\"https:\/\/isuzubushungary.hu\/wp-content\/uploads\/2020\/09\/citiport-05-1024x515.jpg\" alt=\"citiport-05\" \/><\/figure><\/div><div class=\"swiper-slide\" role=\"group\" aria-roledescription=\"slide\" aria-label=\"4 of 5\"><figure class=\"swiper-slide-inner\"><img decoding=\"async\" class=\"swiper-slide-image\" src=\"https:\/\/isuzubushungary.hu\/wp-content\/uploads\/2020\/09\/citiport-en-01-1024x515.jpg\" alt=\"citiport-en-01\" \/><\/figure><\/div><div class=\"swiper-slide\" role=\"group\" aria-roledescription=\"slide\" aria-label=\"5 of 5\"><figure class=\"swiper-slide-inner\"><img decoding=\"async\" class=\"swiper-slide-image\" src=\"https:\/\/isuzubushungary.hu\/wp-content\/uploads\/2020\/09\/citiport-en-02-1024x515-1.jpg\" alt=\"citiport-en-02-1024x515\" \/><\/figure><\/div>\t\t\t<\/div>\n\t\t\t\t\t\t\t\t\t\t\t\t<div class=\"elementor-swiper-button elementor-swiper-button-prev\" role=\"button\" tabindex=\"0\">\n\t\t\t\t\t\t<i aria-hidden=\"true\" class=\"eicon-chevron-left\"><\/i>\t\t\t\t\t<\/div>\n\t\t\t\t\t<div class=\"elementor-swiper-button elementor-swiper-button-next\" role=\"button\" tabindex=\"0\">\n\t\t\t\t\t\t<i aria-hidden=\"true\" class=\"eicon-chevron-right\"><\/i>\t\t\t\t\t<\/div>\n\t\t\t\t\n\t\t\t\t\t\t\t\t\t<div class=\"swiper-pagination\"><\/div>\n\t\t\t\t\t\t\t\t\t<\/div>\n\t\t\t\t\t\t<\/div>\n\t\t\t\t<\/div>\n\t\t\t\t\t<\/div>\n\t\t<\/div>\n\t\t\t\t\t<\/div>\n\t\t<\/section>\n\t\t\t\t<section class=\"elementor-section elementor-top-section elementor-element elementor-element-5fb837eb elementor-section-boxed elementor-section-height-default elementor-section-height-default\" data-id=\"5fb837eb\" data-element_type=\"section\">\n\t\t\t\t\t\t<div class=\"elementor-container elementor-column-gap-default\">\n\t\t\t\t\t<div class=\"elementor-column elementor-col-100 elementor-top-column elementor-element elementor-element-262a9269\" data-id=\"262a9269\" data-element_type=\"column\">\n\t\t\t<div class=\"elementor-widget-wrap elementor-element-populated\">\n\t\t\t\t\t\t<section class=\"elementor-section elementor-inner-section elementor-element elementor-element-1fb6693d elementor-section-boxed elementor-section-height-default elementor-section-height-default\" data-id=\"1fb6693d\" data-element_type=\"section\">\n\t\t\t\t\t\t<div class=\"elementor-container elementor-column-gap-default\">\n\t\t\t\t\t<div class=\"elementor-column elementor-col-100 elementor-inner-column elementor-element elementor-element-75a0b67f\" data-id=\"75a0b67f\" data-element_type=\"column\">\n\t\t\t<div class=\"elementor-widget-wrap elementor-element-populated\">\n\t\t\t\t\t\t<div class=\"elementor-element elementor-element-64060383 elementor-widget elementor-widget-text-editor\" data-id=\"64060383\" data-element_type=\"widget\" data-widget_type=\"text-editor.default\">\n\t\t\t\t<div class=\"elementor-widget-container\">\n\t\t\t\t\t\t\t\t\t<p>M\u00e9retek<\/p>\t\t\t\t\t\t\t\t<\/div>\n\t\t\t\t<\/div>\n\t\t\t\t<div class=\"elementor-element elementor-element-4260376a elementor-widget elementor-widget-text-editor\" data-id=\"4260376a\" data-element_type=\"widget\" data-widget_type=\"text-editor.default\">\n\t\t\t\t<div class=\"elementor-widget-container\">\n\t\t\t\t\t\t\t\t\t<table width=\"639\">\n<tbody>\n\n<tr>\n<td>Hossz\u00fas\u00e1g \/ sz\u00e9less\u00e9g \/ magass\u00e1g (mm)<\/td>\n<td>9560 \/ 2454 \/ 3368<\/td>\n<\/tr>\n<tr>\n<td>Tengelyt\u00e1v (mm)<\/td>\n<td>4660<\/td>\n<\/tr>\n<tr>\n<td>Els\u0151 kiny\u00fal\u00e1s \/ h\u00e1ts\u00f3 kiny\u00fal\u00e1s (mm)<\/td>\n<td>1890 \/ 3010<\/td>\n<\/tr>\n<tr>\n<td>Befogad\u00f3k\u00e9pess\u00e9g (f\u0151)<\/td>\n<td>35 + 1 + 1<\/td>\n<\/tr>\n<\/tbody>\n<\/table>\t\t\t\t\t\t\t\t<\/div>\n\t\t\t\t<\/div>\n\t\t\t\t\t<\/div>\n\t\t<\/div>\n\t\t\t\t\t<\/div>\n\t\t<\/section>\n\t\t\t\t<section class=\"elementor-section elementor-inner-section elementor-element elementor-element-44dbdb25 elementor-section-boxed elementor-section-height-default elementor-section-height-default\" data-id=\"44dbdb25\" data-element_type=\"section\">\n\t\t\t\t\t\t<div class=\"elementor-container elementor-column-gap-default\">\n\t\t\t\t\t<div class=\"elementor-column elementor-col-100 elementor-inner-column elementor-element elementor-element-3bc2366b\" data-id=\"3bc2366b\" data-element_type=\"column\">\n\t\t\t<div class=\"elementor-widget-wrap elementor-element-populated\">\n\t\t\t\t\t\t<div class=\"elementor-element elementor-element-793a8628 elementor-widget elementor-widget-text-editor\" data-id=\"793a8628\" data-element_type=\"widget\" data-widget_type=\"text-editor.default\">\n\t\t\t\t<div class=\"elementor-widget-container\">\n\t\t\t\t\t\t\t\t\t<p>Motor<\/p>\t\t\t\t\t\t\t\t<\/div>\n\t\t\t\t<\/div>\n\t\t\t\t<div class=\"elementor-element elementor-element-65e36770 elementor-widget elementor-widget-text-editor\" data-id=\"65e36770\" data-element_type=\"widget\" data-widget_type=\"text-editor.default\">\n\t\t\t\t<div class=\"elementor-widget-container\">\n\t\t\t\t\t\t\t\t\t<table width=\"639\"><tbody><tr><td width=\"248\">Gy\u00e1rt\u00f3<\/td><td width=\"391\">Cummins<\/td><\/tr><tr><td>Modell<\/td><td>ISB6.7E6 250B<\/td><\/tr><tr><td>Kibocs\u00e1t\u00e1s<\/td><td>Euro6<\/td><\/tr><tr><td>Hengerek sz\u00e1ma<\/td><td>6<\/td><\/tr><tr><td>Henger\u0171rtartalom (cm3)<\/td><td>6700<\/td><\/tr><tr><td>Maxim\u00e1lis teljes\u00edtm\u00e9ny (kW\/ford)<\/td><td>182 \/ 2100<\/td><\/tr><tr><td>Maxim\u00e1lis nyomat\u00e9k (Nm\/ford)<\/td><td>1000 \/ 1200-1600<\/td><\/tr><\/tbody><\/table>\t\t\t\t\t\t\t\t<\/div>\n\t\t\t\t<\/div>\n\t\t\t\t\t<\/div>\n\t\t<\/div>\n\t\t\t\t\t<\/div>\n\t\t<\/section>\n\t\t\t\t<section class=\"elementor-section elementor-inner-section elementor-element elementor-element-5e4b3fa2 elementor-section-boxed elementor-section-height-default elementor-section-height-default\" data-id=\"5e4b3fa2\" data-element_type=\"section\">\n\t\t\t\t\t\t<div class=\"elementor-container elementor-column-gap-default\">\n\t\t\t\t\t<div class=\"elementor-column elementor-col-100 elementor-inner-column elementor-element elementor-element-19e854f6\" data-id=\"19e854f6\" data-element_type=\"column\">\n\t\t\t<div class=\"elementor-widget-wrap elementor-element-populated\">\n\t\t\t\t\t\t<div class=\"elementor-element elementor-element-77d34449 elementor-widget elementor-widget-text-editor\" data-id=\"77d34449\" data-element_type=\"widget\" data-widget_type=\"text-editor.default\">\n\t\t\t\t<div class=\"elementor-widget-container\">\n\t\t\t\t\t\t\t\t\t<p>Jellemz\u0151k<\/p>\t\t\t\t\t\t\t\t<\/div>\n\t\t\t\t<\/div>\n\t\t\t\t<div class=\"elementor-element elementor-element-77861c17 elementor-widget elementor-widget-text-editor\" data-id=\"77861c17\" data-element_type=\"widget\" data-widget_type=\"text-editor.default\">\n\t\t\t\t<div class=\"elementor-widget-container\">\n\t\t\t\t\t\t\t\t\t<table width=\"639\"><tbody><tr><td width=\"248\">Kapaszkod\u00f3k\u00e9pess\u00e9g<\/td><td width=\"391\">43,5%<\/td><\/tr><tr><td>Minim\u00e1lis fordul\u00f3k\u00f6r sug\u00e1r<\/td><td>7100 mm<\/td><\/tr><tr><td>\u00dczemanyagtart\u00e1ly kapacit\u00e1sa<\/td><td>250 liter<\/td><\/tr><tr><td>Csomagt\u00e9r kapacit\u00e1sa<\/td><td>5,5 m<sup>3<\/sup><\/td><\/tr><\/tbody><\/table>\t\t\t\t\t\t\t\t<\/div>\n\t\t\t\t<\/div>\n\t\t\t\t\t<\/div>\n\t\t<\/div>\n\t\t\t\t\t<\/div>\n\t\t<\/section>\n\t\t\t\t<section class=\"elementor-section elementor-inner-section elementor-element elementor-element-462b963f elementor-section-boxed elementor-section-height-default elementor-section-height-default\" data-id=\"462b963f\" data-element_type=\"section\">\n\t\t\t\t\t\t<div class=\"elementor-container elementor-column-gap-default\">\n\t\t\t\t\t<div class=\"elementor-column elementor-col-100 elementor-inner-column elementor-element elementor-element-1563b844\" data-id=\"1563b844\" data-element_type=\"column\">\n\t\t\t<div class=\"elementor-widget-wrap elementor-element-populated\">\n\t\t\t\t\t\t<div class=\"elementor-element elementor-element-4ed0fdc8 elementor-widget elementor-widget-text-editor\" data-id=\"4ed0fdc8\" data-element_type=\"widget\" data-widget_type=\"text-editor.default\">\n\t\t\t\t<div class=\"elementor-widget-container\">\n\t\t\t\t\t\t\t\t\t<p>G\u00e9p\u00e9szet<\/p>\t\t\t\t\t\t\t\t<\/div>\n\t\t\t\t<\/div>\n\t\t\t\t<div class=\"elementor-element elementor-element-7aa7ee15 elementor-widget elementor-widget-text-editor\" data-id=\"7aa7ee15\" data-element_type=\"widget\" data-widget_type=\"text-editor.default\">\n\t\t\t\t<div class=\"elementor-widget-container\">\n\t\t\t\t\t\t\t\t\t<table width=\"639\"><tbody><tr><td width=\"248\">Sebess\u00e9gv\u00e1lt\u00f3<\/td><td width=\"391\">ZF mechanikus 6 + 1<\/td><\/tr><tr><td>Retarder<\/td><td>ped\u00e1lr\u00f3l vez\u00e9relhet\u0151<\/td><\/tr><tr><td>Tengelykapcsol\u00f3<\/td><td>sz\u00e1raz<\/td><\/tr><tr><td>F\u00e9k<\/td><td>t\u00e1rcsaf\u00e9k (el\u0151l\/h\u00e1tul), EBS, ESC, ABS, ASR<\/td><\/tr><tr><td>Felf\u00fcggeszt\u00e9s<\/td><td>l\u00e9grug\u00f3s (6 db)<\/td><\/tr><tr><td>Korm\u00e1nym\u0171<\/td><td>hidraulikus<\/td><\/tr><tr><td>Gumiabroncs<\/td><td>265\/70 R19,5<\/td><\/tr><\/tbody><\/table>\t\t\t\t\t\t\t\t<\/div>\n\t\t\t\t<\/div>\n\t\t\t\t\t<\/div>\n\t\t<\/div>\n\t\t\t\t\t<\/div>\n\t\t<\/section>\n\t\t\t\t<section class=\"elementor-section elementor-inner-section elementor-element elementor-element-64e5bd67 elementor-section-boxed elementor-section-height-default elementor-section-height-default\" data-id=\"64e5bd67\" data-element_type=\"section\">\n\t\t\t\t\t\t<div class=\"elementor-container elementor-column-gap-default\">\n\t\t\t\t\t<div class=\"elementor-column elementor-col-100 elementor-inner-column elementor-element elementor-element-64bbc74\" data-id=\"64bbc74\" data-element_type=\"column\">\n\t\t\t<div class=\"elementor-widget-wrap elementor-element-populated\">\n\t\t\t\t\t\t<div class=\"elementor-element elementor-element-7f179ac0 elementor-widget elementor-widget-text-editor\" data-id=\"7f179ac0\" data-element_type=\"widget\" data-widget_type=\"text-editor.default\">\n\t\t\t\t<div class=\"elementor-widget-container\">\n\t\t\t\t\t\t\t\t\t<p>Fel\u00e9p\u00edtm\u00e9ny<\/p>\t\t\t\t\t\t\t\t<\/div>\n\t\t\t\t<\/div>\n\t\t\t\t<div class=\"elementor-element elementor-element-3809f641 elementor-widget elementor-widget-text-editor\" data-id=\"3809f641\" data-element_type=\"widget\" data-widget_type=\"text-editor.default\">\n\t\t\t\t<div class=\"elementor-widget-container\">\n\t\t\t\t\t\t\t\t\t<table width=\"639\"><tbody><tr><td width=\"248\">Vezet\u0151\u00fcl\u00e9s<\/td><td width=\"391\">L\u00e9grug\u00f3s, 3 pontos biztons\u00e1gi \u00f6vvel<\/td><\/tr><tr><td>Utas\u00fcl\u00e9sek<\/td><td>m\u0171b\u0151r, d\u00f6nthet\u0151, sz\u00e9les\u00edthet\u0151 luxus turista\u00fcl\u00e9sek<\/td><\/tr><tr><td>Utasajt\u00f3k<\/td><td>Els\u0151 \u00e9s h\u00e1ts\u00f3 ajt\u00f3 t\u00e1vkapcsol\u00f3val m\u0171k\u00f6dtethet\u0151, k\u00fcls\u0151 bolyg\u00f3<\/td><\/tr><tr><td>Csomagt\u00e9ri ajt\u00f3k<\/td><td>K\u00e9zi m\u0171k\u00f6dtet\u00e9s\u0171 felnyithat\u00f3<\/td><\/tr><tr><td>Oldalablakok<\/td><td>Sz\u00ednezett thermopan \u00fcvegek<\/td><\/tr><tr><td>Visszapillant\u00f3 t\u00fckr\u00f6k<\/td><td>elektromos panor\u00e1mat\u00fck\u00f6r p\u00e1ramentes\u00edt\u0151vel<\/td><\/tr><tr><td>Kalaptart\u00f3<\/td><td>olvas\u00f3l\u00e1mp\u00e1val, l\u00e9gbef\u00fav\u00f3val szerelt kalaptart\u00f3<\/td><\/tr><\/tbody><\/table>\t\t\t\t\t\t\t\t<\/div>\n\t\t\t\t<\/div>\n\t\t\t\t\t<\/div>\n\t\t<\/div>\n\t\t\t\t\t<\/div>\n\t\t<\/section>\n\t\t\t\t<section class=\"elementor-section elementor-inner-section elementor-element elementor-element-5ce29663 elementor-section-boxed elementor-section-height-default elementor-section-height-default\" data-id=\"5ce29663\" data-element_type=\"section\">\n\t\t\t\t\t\t<div class=\"elementor-container elementor-column-gap-default\">\n\t\t\t\t\t<div class=\"elementor-column elementor-col-100 elementor-inner-column elementor-element elementor-element-1fb7aae6\" data-id=\"1fb7aae6\" data-element_type=\"column\">\n\t\t\t<div class=\"elementor-widget-wrap elementor-element-populated\">\n\t\t\t\t\t\t<div class=\"elementor-element elementor-element-66d98871 elementor-widget elementor-widget-text-editor\" data-id=\"66d98871\" data-element_type=\"widget\" data-widget_type=\"text-editor.default\">\n\t\t\t\t<div class=\"elementor-widget-container\">\n\t\t\t\t\t\t\t\t\t<p>Elektromos eszk\u00f6z\u00f6k<\/p>\t\t\t\t\t\t\t\t<\/div>\n\t\t\t\t<\/div>\n\t\t\t\t<div class=\"elementor-element elementor-element-74c2af16 elementor-widget elementor-widget-text-editor\" data-id=\"74c2af16\" data-element_type=\"widget\" data-widget_type=\"text-editor.default\">\n\t\t\t\t<div class=\"elementor-widget-container\">\n\t\t\t\t\t\t\t\t\t<table width=\"639\"><tbody><tr><td width=\"248\">L\u00e9gkondicion\u00e1l\u00f3 berendez\u00e9s<\/td><td width=\"391\">friss leveg\u0151 bet\u00e1pl\u00e1l\u00e1ssal, egy\u00e9ni szell\u0151z\u00e9ssel<\/td><\/tr><tr><td>F\u0171t\u0151k\u00e9sz\u00fcl\u00e9k<\/td><td>\u00e1ll\u00f3f\u0171t\u00e9s vonali radi\u00e1torokkal<\/td><\/tr><tr><td>Video rendszer<\/td><td>LCD monitor, DVD, MP3, navig\u00e1ci\u00f3, USB<\/td><\/tr><\/tbody><\/table>\t\t\t\t\t\t\t\t<\/div>\n\t\t\t\t<\/div>\n\t\t\t\t\t<\/div>\n\t\t<\/div>\n\t\t\t\t\t<\/div>\n\t\t<\/section>\n\t\t\t\t\t<\/div>\n\t\t<\/div>\n\t\t\t\t\t<\/div>\n\t\t<\/section>\n\t\t\t\t<\/div>","protected":false},"excerpt":{"rendered":"<p>Kendo 13 CNG Kendo 13 CNG egy 12 m\u00e9teres v\u00e1rosi busz, amelyet az \u201eide\u00e1lis j\u00e1rm\u0171terv\u201d koncepci\u00f3j\u00e1nak megfelel\u0151en terveztek.\u00a0Ezt a koncepci\u00f3t megk\u00fcl\u00f6nb\u00f6zteti egyedi bels\u0151 \u00e9s k\u00fcls\u0151 kialak\u00edt\u00e1sa, valamint az utasok biztons\u00e1g\u00e1ra val\u00f3 k\u00fcl\u00f6n\u00f6s figyelem. Az alacsony padl\u00f3s Citiportot \u00fagy tervezt\u00e9k, hogy a fogyat\u00e9koss\u00e1ggal \u00e9l\u0151 emberek sz\u00e1m\u00e1ra k\u00f6nnyen \u00e9s k\u00e9nyelmesen utazhasson: sz\u00ednt\u0151l elk\u00fcl\u00f6n\u00edtett kerekessz\u00e9kes helyek; inform\u00e1ci\u00f3s k\u00e9perny\u0151k [&hellip;]<\/p>","protected":false},"author":1,"featured_media":0,"parent":0,"menu_order":0,"comment_status":"closed","ping_status":"closed","template":"","meta":{"_acf_changed":false,"footnotes":""},"class_list":["post-328","page","type-page","status-publish","hentry"],"acf":[],"_links":{"self":[{"href":"https:\/\/isuzubushungary.hu\/en\/wp-json\/wp\/v2\/pages\/328","targetHints":{"allow":["GET"]}}],"collection":[{"href":"https:\/\/isuzubushungary.hu\/en\/wp-json\/wp\/v2\/pages"}],"about":[{"href":"https:\/\/isuzubushungary.hu\/en\/wp-json\/wp\/v2\/types\/page"}],"author":[{"embeddable":true,"href":"https:\/\/isuzubushungary.hu\/en\/wp-json\/wp\/v2\/users\/1"}],"replies":[{"embeddable":true,"href":"https:\/\/isuzubushungary.hu\/en\/wp-json\/wp\/v2\/comments?post=328"}],"version-history":[{"count":2,"href":"https:\/\/isuzubushungary.hu\/en\/wp-json\/wp\/v2\/pages\/328\/revisions"}],"predecessor-version":[{"id":592,"href":"https:\/\/isuzubushungary.hu\/en\/wp-json\/wp\/v2\/pages\/328\/revisions\/592"}],"wp:attachment":[{"href":"https:\/\/isuzubushungary.hu\/en\/wp-json\/wp\/v2\/media?parent=328"}],"curies":[{"name":"wp","href":"https:\/\/api.w.org\/{rel}","templated":true}]}}