{"id":599,"date":"2020-11-02T20:31:32","date_gmt":"2020-11-02T20:31:32","guid":{"rendered":"https:\/\/isuzubushungary.hu\/?post_type=product&#038;p=599"},"modified":"2021-02-24T12:03:10","modified_gmt":"2021-02-24T12:03:10","slug":"novo-ultra","status":"publish","type":"product","link":"https:\/\/isuzubushungary.hu\/en\/product\/novo-ultra\/","title":{"rendered":"Novo Ultra"},"content":{"rendered":"<table width=\"639\">\n<tbody>\n<tr>\n<td colspan=\"2\" width=\"639\"><strong>M\u00e9retek<\/strong><\/td>\n<\/tr>\n<tr>\n<td>Hossz\u00fas\u00e1g \/ sz\u00e9less\u00e9g \/ magass\u00e1g (mm)<\/td>\n<td>7305 \/ 2282 \/ 3350<\/td>\n<\/tr>\n<tr>\n<td>Tengelyt\u00e1v (mm)<\/td>\n<td>3385<\/td>\n<\/tr>\n<tr>\n<td>Els\u0151 kiny\u00fal\u00e1s \/ h\u00e1ts\u00f3 kiny\u00fal\u00e1s (mm)<\/td>\n<td>1650 \/ 2270<\/td>\n<\/tr>\n<tr>\n<td>Befogad\u00f3k\u00e9pess\u00e9g (f\u0151)<\/td>\n<td>23-29 + 1<\/td>\n<\/tr>\n<tr>\n<td><\/td>\n<td><\/td>\n<\/tr>\n<tr>\n<td colspan=\"2\"><strong>Motor<\/strong><\/td>\n<\/tr>\n<tr>\n<td>Gy\u00e1rt\u00f3<\/td>\n<td>ISUZU<\/td>\n<\/tr>\n<tr>\n<td>Modell<\/td>\n<td>4HK1E6C<\/td>\n<\/tr>\n<tr>\n<td>Kibocs\u00e1t\u00e1s<\/td>\n<td>Euro6<\/td>\n<\/tr>\n<tr>\n<td>Hengerek sz\u00e1ma<\/td>\n<td>4<\/td>\n<\/tr>\n<tr>\n<td>Henger\u0171rtartalom (cm3)<\/td>\n<td>5193<\/td>\n<\/tr>\n<tr>\n<td>Maxim\u00e1lis teljes\u00edtm\u00e9ny (kW\/ford)<\/td>\n<td>140 \/ 2600<\/td>\n<\/tr>\n<tr>\n<td>Maxim\u00e1lis nyomat\u00e9k (Nm\/ford)<\/td>\n<td>510 \/ 1600-2800<\/td>\n<\/tr>\n<tr>\n<td><\/td>\n<td><\/td>\n<\/tr>\n<tr>\n<td colspan=\"2\"><strong>Jellemz\u0151k<\/strong><\/td>\n<\/tr>\n<tr>\n<td>Kapaszkod\u00f3k\u00e9pess\u00e9g<\/td>\n<td>31,9%<\/td>\n<\/tr>\n<tr>\n<td>Minim\u00e1lis fordul\u00f3k\u00f6r sug\u00e1r<\/td>\n<td>6450 mm<\/td>\n<\/tr>\n<tr>\n<td>\u00dczemanyagtart\u00e1ly kapacit\u00e1sa<\/td>\n<td>150 liter<\/td>\n<\/tr>\n<tr>\n<td>Csomagt\u00e9r kapacit\u00e1sa<\/td>\n<td>3,8 m<sup>3<\/sup><\/td>\n<\/tr>\n<tr>\n<td><\/td>\n<td><\/td>\n<\/tr>\n<tr>\n<td colspan=\"2\"><strong>G\u00e9p\u00e9szet<\/strong><\/td>\n<\/tr>\n<tr>\n<td>Sebess\u00e9gv\u00e1lt\u00f3<\/td>\n<td>ISUZU MZZ-6F<\/td>\n<\/tr>\n<tr>\n<td>Tengelykapcsol\u00f3<\/td>\n<td>sz\u00e1raz<\/td>\n<\/tr>\n<tr>\n<td>F\u00e9k<\/td>\n<td>t\u00e1rcsaf\u00e9k (el\u0151l\/h\u00e1tul), EBS, ESC, ABS, ASR<\/td>\n<\/tr>\n<tr>\n<td>Felf\u00fcggeszt\u00e9s<\/td>\n<td>laprug\u00f3s mindk\u00e9t tengelyen<\/td>\n<\/tr>\n<tr>\n<td>Korm\u00e1nym\u0171<\/td>\n<td>hidraulikus<\/td>\n<\/tr>\n<tr>\n<td>Gumiabroncs<\/td>\n<td>215\/75 R17,5<\/td>\n<\/tr>\n<tr>\n<td><\/td>\n<td><\/td>\n<\/tr>\n<tr>\n<td colspan=\"2\"><strong>Fel\u00e9p\u00edtm\u00e9ny<\/strong><\/td>\n<\/tr>\n<tr>\n<td>Vezet\u0151\u00fcl\u00e9s<\/td>\n<td>L\u00e9grug\u00f3s, 3 pontos biztons\u00e1gi \u00f6vvel<\/td>\n<\/tr>\n<tr>\n<td>Utas\u00fcl\u00e9sek<\/td>\n<td>sz\u00f6vet bor\u00edt\u00e1s\u00fa utas\u00fcl\u00e9sek<\/td>\n<\/tr>\n<tr>\n<td>Utasajt\u00f3k<\/td>\n<td>Els\u0151 \u00e9s h\u00e1ts\u00f3 ajt\u00f3 t\u00e1vkapcsol\u00f3val m\u0171k\u00f6dtethet\u0151, k\u00fcls\u0151 bolyg\u00f3<\/td>\n<\/tr>\n<tr>\n<td>Csomagt\u00e9ri ajt\u00f3k<\/td>\n<td>K\u00e9zi m\u0171k\u00f6dtet\u00e9s\u0171 felnyithat\u00f3<\/td>\n<\/tr>\n<tr>\n<td>Oldalablakok<\/td>\n<td>Szimpla, sz\u00ednezett oldal\u00fcvegek<\/td>\n<\/tr>\n<tr>\n<td>Visszapillant\u00f3 t\u00fckr\u00f6k<\/td>\n<td>elektromos panor\u00e1mat\u00fck\u00f6r p\u00e1ramentes\u00edt\u0151vel<\/td>\n<\/tr>\n<tr>\n<td>Kalaptart\u00f3<\/td>\n<td>olvas\u00f3l\u00e1mp\u00e1val, l\u00e9gbef\u00fav\u00f3val szerelt kalaptart\u00f3<\/td>\n<\/tr>\n<tr>\n<td><\/td>\n<td><\/td>\n<\/tr>\n<tr>\n<td colspan=\"2\"><strong>Elektromos eszk\u00f6z\u00f6k<\/strong><\/td>\n<\/tr>\n<tr>\n<td>L\u00e9gkond\u00edcion\u00e1l\u00f3<\/td>\n<td>digit\u00e1lis kl\u00edma, friss leveg\u0151 bet\u00e1pl\u00e1l\u00e1ssal<\/td>\n<\/tr>\n<tr>\n<td>F\u0171t\u00e9srendszer<\/td>\n<td>vonali radi\u00e1torokkal<\/td>\n<\/tr>\n<tr>\n<td>Hangtechnika<\/td>\n<td>r\u00e1di\u00f3\/CD lej\u00e1tsz\u00f3, egy\u00e9ni hangsz\u00f3r\u00f3k<\/td>\n<\/tr>\n<tr>\n<td>Utast\u00e1j\u00e9koztat\u00e1s<\/td>\n<td>Mikrofon, er\u0151s\u00edt\u0151<\/td>\n<\/tr>\n<\/tbody>\n<\/table>","protected":false},"excerpt":{"rendered":"<p>Az Anadolu Isuzu j\u00f3l ismert midi busz-sorozata egyszer\u0171en sz\u00ednes, \u00faj k\u00fclsej\u00e9vel.<\/p>\n<p>A Novo \u00e9s a Novo Ultra modellek belsej\u00e9t \u00e9s k\u00fclsej\u00e9t \u00e1tfog\u00f3 \u00fcgyf\u00e9lkutat\u00e1si programnak megfelel\u0151en alak\u00edtott\u00e1k \u00e1t. Az \u00faj Euro 6 Isuzu motor, a Novo 190 l\u00f3er\u0151s 2600 fordulat \/ perc sebess\u00e9ggel. A Novo sorozat\u00fa buszok \u00fcl\u00e9seket \u00e9s csomagokat k\u00edn\u00e1lnak, legfeljebb 29 utas sz\u00e1m\u00e1ra.<\/p>","protected":false},"featured_media":605,"comment_status":"open","ping_status":"closed","template":"","meta":{"_acf_changed":false},"product_brand":[],"product_cat":[26],"product_tag":[],"class_list":{"0":"post-599","1":"product","2":"type-product","3":"status-publish","4":"has-post-thumbnail","6":"product_cat-egyeb","8":"first","9":"instock","10":"shipping-taxable","11":"product-type-simple"},"acf":[],"_links":{"self":[{"href":"https:\/\/isuzubushungary.hu\/en\/wp-json\/wp\/v2\/product\/599","targetHints":{"allow":["GET"]}}],"collection":[{"href":"https:\/\/isuzubushungary.hu\/en\/wp-json\/wp\/v2\/product"}],"about":[{"href":"https:\/\/isuzubushungary.hu\/en\/wp-json\/wp\/v2\/types\/product"}],"replies":[{"embeddable":true,"href":"https:\/\/isuzubushungary.hu\/en\/wp-json\/wp\/v2\/comments?post=599"}],"wp:featuredmedia":[{"embeddable":true,"href":"https:\/\/isuzubushungary.hu\/en\/wp-json\/wp\/v2\/media\/605"}],"wp:attachment":[{"href":"https:\/\/isuzubushungary.hu\/en\/wp-json\/wp\/v2\/media?parent=599"}],"wp:term":[{"taxonomy":"product_brand","embeddable":true,"href":"https:\/\/isuzubushungary.hu\/en\/wp-json\/wp\/v2\/product_brand?post=599"},{"taxonomy":"product_cat","embeddable":true,"href":"https:\/\/isuzubushungary.hu\/en\/wp-json\/wp\/v2\/product_cat?post=599"},{"taxonomy":"product_tag","embeddable":true,"href":"https:\/\/isuzubushungary.hu\/en\/wp-json\/wp\/v2\/product_tag?post=599"}],"curies":[{"name":"wp","href":"https:\/\/api.w.org\/{rel}","templated":true}]}}