{"id":617,"date":"2020-11-02T20:56:39","date_gmt":"2020-11-02T20:56:39","guid":{"rendered":"https:\/\/isuzubushungary.hu\/?post_type=product&#038;p=617"},"modified":"2021-02-24T12:03:23","modified_gmt":"2021-02-24T12:03:23","slug":"visigo","status":"publish","type":"product","link":"https:\/\/isuzubushungary.hu\/en\/product\/visigo\/","title":{"rendered":"Visigo"},"content":{"rendered":"<table width=\"1058\">\n<tbody>\n<tr>\n<td colspan=\"2\" width=\"1058\">M\u00e9retek- Main Dimensions<\/td>\n<\/tr>\n<tr>\n<td>Hossz\u00fas\u00e1g \/ sz\u00e9less\u00e9g \/ magass\u00e1g (mm) &#8211; Length\/Width\/Height<\/td>\n<td>9560 \/ 2454 \/ 3368<\/td>\n<\/tr>\n<tr>\n<td>Tengelyt\u00e1v (mm)- Wheelbase<\/td>\n<td>4660<\/td>\n<\/tr>\n<tr>\n<td>Els\u0151 kiny\u00fal\u00e1s \/ h\u00e1ts\u00f3 kiny\u00fal\u00e1s (mm) &#8211; Front overhang\/rear overhang<\/td>\n<td>1890 \/ 3010<\/td>\n<\/tr>\n<tr>\n<td>Befogad\u00f3k\u00e9pess\u00e9g (f\u0151) &#8211; Passenger capacity<\/td>\n<td>35 + 1 + 1<\/td>\n<\/tr>\n<tr>\n<td><\/td>\n<td><\/td>\n<\/tr>\n<tr>\n<td colspan=\"2\">Motor- Engine<\/td>\n<\/tr>\n<tr>\n<td>Gy\u00e1rt\u00f3 &#8211; Manufacturer<\/td>\n<td>Cummins<\/td>\n<\/tr>\n<tr>\n<td>Modell &#8211; Model<\/td>\n<td>ISB6.7E6 250B<\/td>\n<\/tr>\n<tr>\n<td>Kibocs\u00e1t\u00e1s &#8211; Emission Class<\/td>\n<td>Euro6<\/td>\n<\/tr>\n<tr>\n<td>Hengerek sz\u00e1ma &#8211; Number of Cilynders<\/td>\n<td>6<\/td>\n<\/tr>\n<tr>\n<td>Henger\u0171rtartalom (cm3) &#8211; Displacement<\/td>\n<td>6700<\/td>\n<\/tr>\n<tr>\n<td>Maxim\u00e1lis teljes\u00edtm\u00e9ny (PS\/rev) &#8211; Max Power<\/td>\n<td>247 \/ 2100<\/td>\n<\/tr>\n<tr>\n<td>Maxim\u00e1lis nyomat\u00e9k (Nm\/ford) &#8211; Max Torque<\/td>\n<td>1000 \/ 1200-1600<\/td>\n<\/tr>\n<tr>\n<td><\/td>\n<td><\/td>\n<\/tr>\n<tr>\n<td colspan=\"2\">Jellemz\u0151k<\/td>\n<\/tr>\n<tr>\n<td>Kapaszkod\u00f3k\u00e9pess\u00e9g-Gradeability<\/td>\n<td>49,2%<\/td>\n<\/tr>\n<tr>\n<td>Minim\u00e1lis fordul\u00f3k\u00f6r sug\u00e1r &#8211; Minimum turning radius<\/td>\n<td>7100 mm<\/td>\n<\/tr>\n<tr>\n<td>\u00dczemanyagtart\u00e1ly kapacit\u00e1sa &#8211; Fuel tank capacity<\/td>\n<td>250 liter<\/td>\n<\/tr>\n<tr>\n<td>Csomagt\u00e9r kapacit\u00e1sa-Luggage compartment capacity<\/td>\n<td>5,5 m<sup>3<\/sup><\/td>\n<\/tr>\n<tr>\n<td><\/td>\n<td><\/td>\n<\/tr>\n<tr>\n<td colspan=\"2\">G\u00e9p\u00e9szet<\/td>\n<\/tr>\n<tr>\n<td>Sebess\u00e9gv\u00e1lt\u00f3 &#8211; Transmission<\/td>\n<td>ZF 6AS1010BO<\/td>\n<\/tr>\n<tr>\n<td>F\u00e9krendszer &#8211; Brake System<\/td>\n<td>t\u00e1rcsaf\u00e9k (el\u0151l\/h\u00e1tul), EBS, ESC, ABS, ASR &#8211; disc (front\/rear),EBS,ESC,ABS,ASR<\/td>\n<\/tr>\n<tr>\n<td>Felf\u00fcggeszt\u00e9s- Suspensions<\/td>\n<td>l\u00e9grug\u00f3s (6 db) &#8211; air suspnesion (6)<\/td>\n<\/tr>\n<tr>\n<td>Korm\u00e1nym\u0171 &#8211; Steering system<\/td>\n<td>hidraulikus, teleszk\u00f3pos &#8211; Hydraulic, Telescopic<\/td>\n<\/tr>\n<tr>\n<td>Gumiabroncs &#8211; Tyres<\/td>\n<td>265\/70 R19,5<\/td>\n<\/tr>\n<tr>\n<td><\/td>\n<td><\/td>\n<\/tr>\n<tr>\n<td colspan=\"2\">Fel\u00e9p\u00edtm\u00e9ny<\/td>\n<\/tr>\n<tr>\n<td>Vezet\u0151\u00fcl\u00e9s- Driver&#8217;s seat<\/td>\n<td>Ergon\u00f3mikus, L\u00e9grug\u00f3s, \u00c1ll\u00edthat\u00f3-Ergonomic, Air Operated, Adjustable<\/td>\n<\/tr>\n<tr>\n<td>Utasajt\u00f3k &#8211; Service doors<\/td>\n<td>sz\u00f6vet\/m\u0171b\u0151r, d\u00f6nthet\u0151, sz\u00e9les\u00edthet\u0151 luxus turista\u00fcl\u00e9sek &#8211; cloth\/art.leather,reclining<\/td>\n<\/tr>\n<tr>\n<td>Oldalablakok &#8211; Side windows<\/td>\n<td><\/td>\n<\/tr>\n<tr>\n<td>Visszapillant\u00f3 t\u00fckr\u00f6k &#8211; Mirrors<\/td>\n<td>elektromos vez\u00e9rl\u00e9s\u0171 t\u00fckr\u00f6k &#8211; electric adjustable<\/td>\n<\/tr>\n<tr>\n<td><\/td>\n<td><\/td>\n<\/tr>\n<tr>\n<td colspan=\"2\">Elektromos eszk\u00f6z\u00f6k<\/td>\n<\/tr>\n<tr>\n<td>L\u00e9gkondicion\u00e1l\u00f3 berendez\u00e9s &#8211; Air Conditioner<\/td>\n<td>digit\u00e1lis l\u00e9gkondici\u00f3n\u00e1l\u00f3 &#8211; Digital Air Conditioner<\/td>\n<\/tr>\n<tr>\n<td>Video rendszer &#8211; Video system<\/td>\n<td>Multim\u00e9dia, MP3, DVD, Navig\u00e1ci\u00f3, USB, \u00e9rint\u0151 k\u00e9perny\u0151 &#8211; Multimedia, MP3, DVD, Navigation, USB, touchscreen<\/td>\n<\/tr>\n<\/tbody>\n<\/table>","protected":false},"excerpt":{"rendered":"<p>Az Anadolu Isuzu 9,5 m\u00e9teres Visigo midibusz Euro 6 Cummins motorral rendelkezik.<\/p>\n<p>Az \u00faj Visigo innovat\u00edv bels\u0151 \u00e9s k\u00fcls\u0151 kialak\u00edt\u00e1s\u00e1nak, valamint minden sz\u00fcks\u00e9ges felszerel\u00e9s\u00e9nek k\u00f6sz\u00f6nhet\u0151en kellemes \u00e9s k\u00e9nyelmes utaz\u00e1st biztos\u00edt mind a vezet\u0151, mind az utasok sz\u00e1m\u00e1ra.<\/p>","protected":false},"featured_media":618,"comment_status":"open","ping_status":"closed","template":"","meta":{"_acf_changed":false},"product_brand":[],"product_cat":[26],"product_tag":[],"class_list":{"0":"post-617","1":"product","2":"type-product","3":"status-publish","4":"has-post-thumbnail","6":"product_cat-egyeb","8":"first","9":"instock","10":"shipping-taxable","11":"product-type-simple"},"acf":[],"_links":{"self":[{"href":"https:\/\/isuzubushungary.hu\/en\/wp-json\/wp\/v2\/product\/617","targetHints":{"allow":["GET"]}}],"collection":[{"href":"https:\/\/isuzubushungary.hu\/en\/wp-json\/wp\/v2\/product"}],"about":[{"href":"https:\/\/isuzubushungary.hu\/en\/wp-json\/wp\/v2\/types\/product"}],"replies":[{"embeddable":true,"href":"https:\/\/isuzubushungary.hu\/en\/wp-json\/wp\/v2\/comments?post=617"}],"wp:featuredmedia":[{"embeddable":true,"href":"https:\/\/isuzubushungary.hu\/en\/wp-json\/wp\/v2\/media\/618"}],"wp:attachment":[{"href":"https:\/\/isuzubushungary.hu\/en\/wp-json\/wp\/v2\/media?parent=617"}],"wp:term":[{"taxonomy":"product_brand","embeddable":true,"href":"https:\/\/isuzubushungary.hu\/en\/wp-json\/wp\/v2\/product_brand?post=617"},{"taxonomy":"product_cat","embeddable":true,"href":"https:\/\/isuzubushungary.hu\/en\/wp-json\/wp\/v2\/product_cat?post=617"},{"taxonomy":"product_tag","embeddable":true,"href":"https:\/\/isuzubushungary.hu\/en\/wp-json\/wp\/v2\/product_tag?post=617"}],"curies":[{"name":"wp","href":"https:\/\/api.w.org\/{rel}","templated":true}]}}